{"id":976,"date":"2018-09-17T13:12:11","date_gmt":"2018-09-17T11:12:11","guid":{"rendered":"http:\/\/temp.sailinglatvia.lv\/?page_id=976"},"modified":"2025-08-21T09:31:06","modified_gmt":"2025-08-21T07:31:06","slug":"kvalifikacija","status":"publish","type":"page","link":"https:\/\/www.sailinglatvia.lv\/index.php\/kvalifikacija\/","title":{"rendered":"Kvalifik\u0101cija j\u016bras bur\u0101\u0161an\u0101"},"content":{"rendered":"<h2><strong>Kvalifik\u0101cijas komisija<\/strong><\/h2>\n<p align=\"left\">Latvijas Bur\u0101\u0161anas savien\u012bbas Kvalifik\u0101cijas komisijas sast\u0101vu apstiprina Latvijas Bur\u0101\u0161anas savien\u012bbas valde.<\/p>\n<p align=\"left\"><strong>Kvalifik\u0101cijas komisijas priek\u0161s\u0113d\u0113t\u0101js<\/strong> &#8211; t\u0101lj\u016bras jahtu kapteinis Ivo Ivanovs (mob.t. 29294044, e\u2013pasts <a href=\"mailto:mailto:ivo@sta-latvia.lv\">ivo@sta-latvia.lv<\/a>)<\/p>\n<p align=\"left\">Kvalifik\u0101cijas komisijas priek\u0161s\u0113d\u0113t\u0101ja vietnieks- t\u0101lj\u016bras jahtu kapteinis J\u0101nis Gr\u012bslis (mob.t. 29196943, e-pasts\u00a0<a href=\"grislis.janis@gmail.com\">grislis.janis@gmail.com<\/a>)<\/p>\n<p align=\"left\"><strong>Kvalifik\u0101cijas komisijas locek\u013ci<\/strong>:<\/p>\n<p>1 J\u0101nis Alberti\u0146\u0161<br \/>\n2 Dzintars Bl\u016bms<br \/>\n3 Valdis Elnionis<br \/>\n4 J\u0101nis Gr\u012bslis<br \/>\n5 Ronalds Gri\u0161k\u0113vi\u010ds<br \/>\n6 Ivo Ivanovs<br \/>\n7 Silards Kamergrauzis<br \/>\n8 Ilm\u0101rs Lak\u0161s<br \/>\n9 Rom\u0101ns Mick\u0113vi\u010ds<br \/>\n10 Alvis Leinasaris<br \/>\n11 Rolands Millers<br \/>\n12 Oskars Str\u0113lnieks<br \/>\n13 Gun\u0101rs \u0160teinerts<br \/>\n14 \u0112valds Pauls V\u0113velis<br \/>\n15 L\u012bga Platais<br \/>\n16 J\u0101nis Benfelds<\/p>\n<p align=\"left\"><strong>Kvalifik\u0101cijas komisijas nolikums<\/strong> <a href=\"https:\/\/www.sailinglatvia.lv\/wp-content\/uploads\/2024\/09\/Kvalifikacijas_komisijas_nolikums.pdf\">skat\u012bt \u0161eit<\/a><\/p>\n<h2><strong>SPORTA BURU JAHTU RE\u0122ISTR\u0112\u0160ANA LATVIJAS J\u016aRAS ADMINISTR\u0100CIJ\u0100\u00a0<\/strong><\/h2>\n<p>Ar k\u0101rt\u012bbu k\u0101d\u0101 re\u0123istr\u0113t Sporta buru jahtas (SPB) Latvijas J\u016bras administr\u0101cij\u0101 (LJA) varat varat iepza\u012bties\u00a0<a href=\"https:\/\/www.lja.lv\/kugu-registrs\/kugu-registresana\/atputas-kugu-registracijas-kartiba#4\" target=\"_blank\" rel=\"noopener\">LJA m\u0101jas lap\u0101<\/a><\/p>\n<p>Lai re\u0123istr\u0113tu SPB ir j\u0101sa\u0146em LBS izsniegta izsniegta m\u0113rgr\u0101mata, kuru izsniedzam saska\u0146\u0101 ar SPB m\u0113rgr\u0101matu izsnieg\u0161anas k\u0101rt\u012bbu. L\u016bdzu skat\u012bt dokumentus zem\u0101k:<\/p>\n<p><a href=\"https:\/\/www.sailinglatvia.lv\/wp-content\/uploads\/2019\/01\/LZS-Mergramatas-Izsnieg\u0161anas-k\u0101rt\u012bba.pdf\" target=\"_blank\" rel=\"noopener\"><img decoding=\"async\" src=\"https:\/\/www.sailinglatvia.lv\/wp-content\/uploads\/2018\/09\/icon_pdf.jpg\" \/> Izsnieg\u0161anas k\u0101rt\u012bba<\/a>\u00a0\u00a0<img decoding=\"async\" src=\"https:\/\/www.sailinglatvia.lv\/wp-content\/uploads\/2018\/09\/icon_doc.jpg\" \/><a href=\"https:\/\/www.sailinglatvia.lv\/wp-content\/uploads\/2019\/01\/LZS-Mergramatas-Pieteikums.docx\">Pieteikums<\/a><\/p>\n<p>M\u0113rgr\u0101matas noform\u0113\u0161anai sazinieties ar m\u016bsu m\u0113r\u012bt\u0101jiem:<\/p>\n<p>Romans Mickevi\u010ds tel. 29393479, e-pasts: lat160@inbox.lv<\/p>\n<p>Juris Ailis tel. 29221155, e-pasts: juris.ailis@gmail.com<\/p>\n<h2><strong>Jahtu vad\u012bt\u0101ju kvalifik\u0101cijas nodro\u0161in\u0101\u0161ana ir viena no Latvijas Bur\u0101\u0161anas savien\u012bbas (LBS) noz\u012bm\u012bg\u0101kaj\u0101m darb\u012bbas jom\u0101m.<\/strong><\/h2>\n<p>LBS r\u012bc\u012bb\u0101 ir\u00a0 jahtu vad\u012bt\u0101ju kvalifik\u0101cijas dokument\u0101cijas arh\u012bvs s\u0101kot ar 1947. gadu.<\/p>\n<p>L\u012bdz 2012.g. 31.decembrim LBS patst\u0101v\u012bgi veica atp\u016btas ku\u0123u vad\u012bt\u0101ju sertifik\u0101ciju saska\u0146\u0101 ar 2007. gada 21. novembr\u012b apstiprin\u0101to &#8220;Nolikumu par atp\u016btai un sportam paredz\u0113to ku\u0123o\u0161anas l\u012bdzek\u013cu vad\u012bt\u0101ju apm\u0101c\u012bbu un sertific\u0113\u0161anu&#8221;. \u00a0No 2013.g. 1.janv\u0101ra LBS patst\u0101v\u012bgi to vairs neveic, bet piedal\u0101s eksamin\u0101cij\u0101 un m\u0101c\u012bbu iest\u0101\u017eu sertifik\u0101cij\u0101 sadarb\u012bb\u0101 ar VAS \u201cCe\u013cu Satiksmes dro\u0161ibas direkciju\u201d (CSDD) saska\u0146\u0101 ar <a href=\"http:\/\/likumi.lv\/doc.php?id=251330\" target=\"_blank\" rel=\"noopener\">2012.g. 4. septembra MK noteikumiem Nr. 619 &#8220;Noteikumi par atp\u016btas ku\u0123u vad\u012bt\u0101ju apm\u0101c\u012bbu, sertific\u0113\u0161anu un re\u0123istr\u0101ciju<\/a>&#8221; (Noteikumi).<\/p>\n<ul>\n<li>L\u012bdz 2013.gada 31.decembrim LBS izsniegt\u0101s starptautisk\u0101s atp\u016btas ku\u0123u vad\u012bt\u0101ja apliec\u012bbas ir der\u012bgas l\u012bdz taj\u0101s nor\u0101d\u012bt\u0101 der\u012bguma termi\u0146a beig\u0101m un t\u0101s ir isp\u0113jams nomain\u012bt uz Noteikumos paredz\u0113taj\u0101m jaun\u0101s formas apaliec\u012bb\u0101m.<\/li>\n<\/ul>\n<p>No 2013.g. 1.janv\u0101ra apliec\u012bbu izsnieg\u0161anu atp\u016btas ku\u0123u vad\u012bt\u0101jiem veic CSDD. Atbilsto\u0161i Noteikumiem CSDD sadarb\u012bb\u0101 ar LBS veic ar\u012b m\u0101c\u012bbu iest\u0101\u017eu sertifik\u0101ciju.<\/p>\n<p><strong>Atbilsto\u0161i ANO EEK 40.rezol\u016bcijas vadl\u012bnij\u0101m, J\u016bs varat vad\u012bt Latvij\u0101 jahtu ar jebkur\u0101 valst\u012b izdotu ICC apliec\u012bbu, ja Jums ir cits dokuments- pase vai ID karte, kas apliecina saist\u012bbu ar ICC apliec\u012bbas izdev\u0113jvalsti. Ja Jums ir tikai Latvijas personu apliecino\u0161i dokumenti, \u00a0tad vad\u012bt jahtu J\u016bs dr\u012bkstat tikai ar Latvij\u0101 izdoti atp\u016btas ku\u0123a vad\u012bt\u0101ja apliec\u012bbu.<\/strong><\/p>\n<p>EEK rezol\u016bcijas vadl\u012bnijas skat\u012bt \u0161eit:\u00a0<a href=\"https:\/\/unece.org\/international-certificates-operator-pleasure-craft-res-no-40#accordion_10\">https:\/\/unece.org\/international-certificates-operator-pleasure-craft-res-no-40#accordion_10<\/a><\/p>\n<p>PDF:\u00a0<a href=\"https:\/\/unece.org\/DAM\/trans\/doc\/2015\/sc3wp3\/ECE-TRANS-SC3-147r4e.pdf\">https:\/\/unece.org\/DAM\/trans\/doc\/2015\/sc3wp3\/ECE-TRANS-SC3-147r4e.pdf<\/a><\/p>\n<p>Vadl\u012bnijas EEK rezol\u016bcijai:\u00a0<a href=\"https:\/\/unece.org\/DAM\/trans\/main\/sc3\/publications\/Guidelines_Resolution_No._40_English.pdf\">https:\/\/unece.org\/DAM\/trans\/main\/sc3\/publications\/Guidelines_Resolution_No._40_English.pdf<\/a><\/p>\n<h3>Noteikumi paredz, ka\u00a0<strong>CSDD izdod divu veidu atp\u016btas ku\u0123u vad\u012bt\u0101ju apliec\u012bbas:<\/strong><\/h3>\n<ul>\n<li><strong>atp\u016btas ku\u0123u vad\u012bt\u0101ju apliec\u012bbas<\/strong>\u00a0&#8211; motoriz\u0113tiem atp\u016btas ku\u0123u vad\u012bt\u0101jiem, ja atp\u016btas ku\u0123a garums nep\u0101rsniedz 12 metrus, ku\u0123o\u0161anai Latvijas Republikas iek\u0161\u0113jos \u016bde\u0146os;<\/li>\n<li><strong>starptautisk\u0101s atp\u016btas ku\u0123u, kuru garums nep\u0101rsniedz 24 metrus, vad\u012bt\u0101ja apliec\u012bbas<\/strong>\u00a0\u0161\u0101d\u0101s kategorij\u0101s:<\/li>\n<\/ul>\n<p>jahtu vad\u012bt\u0101js iek\u0161\u0113jos \u016bde\u0146os, kam ir ties\u012bbas iek\u0161\u0113jos \u016bde\u0146os vad\u012bt buru atp\u016btas ku\u0123us \u00a0vai motoriz\u0113tos atp\u016btas ku\u0123us;<\/p>\n<p>jahtu vad\u012bt\u0101js piekrastes \u016bde\u0146os, kam ir ties\u012bbas iek\u0161\u0113jos \u016bde\u0146os un piekrastes \u016bde\u0146os vad\u012bt buru atp\u016btas ku\u0123us vai motoriz\u0113tos atp\u016btas ku\u0123us;<\/p>\n<p>jahtu kapteinis,* kam ir ties\u012bbas iek\u0161\u0113jos \u016bde\u0146os, piekrastes \u016bde\u0146os un j\u016bras \u016bde\u0146os vad\u012bt buru atp\u016btas ku\u0123us vai motoriz\u0113tos atp\u016btas ku\u0123us\u2019;<\/p>\n<p>t\u0101lj\u016bras jahtu kapteinis,* kam ir ties\u012bbas iek\u0161\u0113jos \u016bde\u0146os, piekrastes \u016bde\u0146os, j\u016bras \u016bde\u0146os un oke\u0101n\u0101 vad\u012bt buru atp\u016btas ku\u0123us vai motoriz\u0113tos atp\u016btas ku\u0123us, kuru garums nep\u0101rsniedz 24 metrus.<\/p>\n<p>* Piez\u012bme:\u00a0 Lai sa\u0146\u0113mtu \u0161o kategoriju apliec\u012bbas, eksamin\u0101cija nav j\u0101iziet, bet\u00a0 j\u0101iesniedz CSDD izzi\u0146a par j\u016bras praksi, kuras forma noteikta \u00a0Noteikumu 3.pielikum\u0101.<\/p>\n<p>2015. gada 5. febru\u0101r\u012b LBS apstiprin\u0101ja nolikumu par buru jahtu vad\u012bt\u0101ju sertifik\u0101ciju par Bur\u0101\u0161anas sac\u012bk\u0161u noteikumiem.<\/p>\n<p>Maksa par min\u0113to sertifik\u0101ciju\u00a0 noteikta 20 Eur apm\u0113r\u0101.<\/p>\n<p><a href=\"https:\/\/www.sailinglatvia.lv\/wp-content\/uploads\/2023\/03\/R_atestacija_Apstiprinata_6_23_Nr76.pdf\">R kategorijas nolikums\u00a0<\/a><\/p>\n<h2><strong>Apliec\u012bbu paraugi<\/strong><\/h2>\n<p><strong>Atp\u016btas ku\u0123u vad\u012bt\u0101ja apliec\u012bbas paraugs\u00a0<\/strong><\/p>\n<p><img loading=\"lazy\" decoding=\"async\" class=\"size-full wp-image-980 alignnone\" src=\"https:\/\/www.sailinglatvia.lv\/wp-content\/uploads\/2018\/09\/kv_1.jpg\" alt=\"\" width=\"530\" height=\"318\" srcset=\"https:\/\/www.sailinglatvia.lv\/wp-content\/uploads\/2018\/09\/kv_1.jpg 530w, https:\/\/www.sailinglatvia.lv\/wp-content\/uploads\/2018\/09\/kv_1-300x180.jpg 300w\" sizes=\"auto, (max-width: 530px) 100vw, 530px\" \/><\/p>\n<p><em>Priek\u0161puse (averss) \u00a0<\/em><\/p>\n<p><img loading=\"lazy\" decoding=\"async\" class=\"size-full wp-image-981 alignnone\" src=\"https:\/\/www.sailinglatvia.lv\/wp-content\/uploads\/2018\/09\/kv_2.jpg\" alt=\"\" width=\"530\" height=\"316\" srcset=\"https:\/\/www.sailinglatvia.lv\/wp-content\/uploads\/2018\/09\/kv_2.jpg 530w, https:\/\/www.sailinglatvia.lv\/wp-content\/uploads\/2018\/09\/kv_2-300x179.jpg 300w\" sizes=\"auto, (max-width: 530px) 100vw, 530px\" \/><\/p>\n<p><em>Otra puse (reverss)<\/em><\/p>\n<p><strong>Starptautisk\u0101s atp\u016btas ku\u0123u vad\u012bt\u0101ja apliec\u012bbas paraugs\u00a0<\/strong><\/p>\n<p><img loading=\"lazy\" decoding=\"async\" class=\"size-full wp-image-982 alignnone\" src=\"https:\/\/www.sailinglatvia.lv\/wp-content\/uploads\/2018\/09\/kv_3.jpg\" alt=\"\" width=\"530\" height=\"368\" srcset=\"https:\/\/www.sailinglatvia.lv\/wp-content\/uploads\/2018\/09\/kv_3.jpg 530w, https:\/\/www.sailinglatvia.lv\/wp-content\/uploads\/2018\/09\/kv_3-300x208.jpg 300w\" sizes=\"auto, (max-width: 530px) 100vw, 530px\" \/><\/p>\n<p><em>Priek\u0161puse (averss<\/em>)<\/p>\n<p><img loading=\"lazy\" decoding=\"async\" class=\"size-full wp-image-983 alignnone\" src=\"https:\/\/www.sailinglatvia.lv\/wp-content\/uploads\/2018\/09\/kv_4.jpg\" alt=\"\" width=\"530\" height=\"411\" srcset=\"https:\/\/www.sailinglatvia.lv\/wp-content\/uploads\/2018\/09\/kv_4.jpg 530w, https:\/\/www.sailinglatvia.lv\/wp-content\/uploads\/2018\/09\/kv_4-300x233.jpg 300w\" sizes=\"auto, (max-width: 530px) 100vw, 530px\" \/><\/p>\n<p><em>Otra puse (reverss)<\/em><\/p>\n<h2><a href=\"http:\/\/www.csdd.lv\/lat\/vad_kva\/cenradis\/\" target=\"_blank\" rel=\"noopener\"><strong>CSDD TARIFI\u00a0ATP\u016aTAS KU\u0122U VAD\u012aT\u0100JU SERTIFIK\u0100CIJAI<\/strong><\/a><\/h2>\n<table style=\"border-collapse: collapse;\" border=\"1\" width=\"100%\">\n<tbody>\n<tr>\n<td>\n<p align=\"center\"><em>Par ko<\/em><\/p>\n<\/td>\n<td valign=\"top\">\n<p align=\"center\"><em>Tarifs\u00a0 (ar PVN)<\/em><\/p>\n<\/td>\n<\/tr>\n<tr>\n<td valign=\"top\">Teor\u0113tiskais eks\u0101mens starptautisko atp\u016btas ku\u0123u vad\u012bt\u0101jiem<\/td>\n<td>\n<p align=\"center\">49,69 EUR<\/p>\n<\/td>\n<\/tr>\n<tr>\n<td valign=\"top\">Teor\u0113tiskais eks\u0101mens starptautisko\u00a0atp\u016btas ku\u0123u vad\u012bt\u0101jiem,\u00a0kas jaun\u0101ki par 18 gadiem<\/td>\n<td>\n<p align=\"center\">24,84\u00a0EUR<\/p>\n<\/td>\n<\/tr>\n<tr>\n<td valign=\"top\">Teor\u0113tiskais eks\u0101mens starptautisko atp\u016btas ku\u0123u vad\u012bt\u0101jiem (ar navig\u0101cijas uzdevumu)<\/td>\n<td>\n<p align=\"center\">99,37 EUR<\/p>\n<\/td>\n<\/tr>\n<tr>\n<td valign=\"top\">Teor\u0113tiskais eks\u0101mens starptautisko\u00a0buru<em>\u00a0<\/em>atp\u016btas ku\u0123u vad\u012bt\u0101jiem\u00a0(ar navig\u0101cijas uzdevumu),\u00a0kas jaun\u0101ki par 18 gadiem<\/td>\n<td>\n<p align=\"center\">24,84\u00a0EUR<\/p>\n<\/td>\n<\/tr>\n<tr>\n<td valign=\"top\">Praktiskais eks\u0101mens starptautisko\u00a0atp\u016btas ku\u0123u vad\u012bt\u0101jiem<\/td>\n<td>\n<p align=\"center\">49,69\u00a0EUR<\/p>\n<\/td>\n<\/tr>\n<tr>\n<td valign=\"top\">Praktiskais eks\u0101mens starptautisko\u00a0buru\u00a0atp\u016btas ku\u0123u vad\u012bt\u0101jiem,\u00a0kas jaun\u0101ki par 18 gadiem<\/td>\n<td>\n<p align=\"center\">24,84\u00a0EUR<\/p>\n<\/td>\n<\/tr>\n<tr>\n<td valign=\"top\">Buru jahtas izmanto\u0161ana praktiskaj\u0101 eks\u0101men\u0101<\/td>\n<td>\n<p align=\"center\">41,66\u00a0EUR<\/p>\n<\/td>\n<\/tr>\n<tr>\n<td valign=\"top\">Buru jahtas izmanto\u0161ana praktiskaj\u0101 eks\u0101men\u0101 person\u0101m, kas jaun\u0101kas par 18 gadiem<\/td>\n<td>\n<p align=\"center\">20,82\u00a0EUR<\/p>\n<\/td>\n<\/tr>\n<tr>\n<td valign=\"top\">Motorjahtas izmanto\u0161ana praktiskaj\u0101 eks\u0101men\u0101<\/td>\n<td>\n<p align=\"center\">208,31 EUR<\/p>\n<\/td>\n<\/tr>\n<tr>\n<td valign=\"top\">Starptautisk\u0101s atp\u016btas ku\u0123u vad\u012bt\u0101ja apliec\u012bbas izsnieg\u0161anavai mai\u0146a (vad\u012bt\u0101ja apliec\u012bba \u2013 3,99 EUR; vad\u012b\u0161anas ties\u012bbu pie\u0161\u0137ir\u0161ana \u2013 4,98 EUR<\/td>\n<td>\n<p align=\"center\">8,97 EUR<\/p>\n<\/td>\n<\/tr>\n<\/tbody>\n<\/table>\n<p>Cenas noteiktas ar 24.09.2013. Ministru kabineta noteikumiem Nr.1000 \u201eValsts akciju sabiedr\u012bbas \u201eCe\u013cu satiksmes dro\u0161\u012bbas direkcija\u201d publisko maksas pakalpojumu cenr\u0101dis\u201d un ar\u00a0 valsts akciju sabiedr\u012bbas \u201eCe\u013cu satiksmes dro\u0161\u012bbas direkcija\u201d valdes l\u0113mumiem.<\/p>\n<h2><\/h2>\n<h2><strong>Sertifik\u0101cija<\/strong><\/h2>\n<p>Organiz\u0101cij\u0101m (juridisk\u0101m person\u0101m), kas v\u0113las\u00a0organiz\u0113t\u00a0atp\u016btas ku\u0123u vad\u012bt\u0101ju apm\u0101c\u012bbas kursus, j\u0101v\u0113r\u0161as CSDD.<\/p>\n<p>CSDD kursu sertifik\u0101ciju organiz\u0113 sadarb\u012bb\u0101 ar LBS atbilsto\u0161i <a href=\"http:\/\/likumi.lv\/doc.php?id=251330\" target=\"_blank\" rel=\"noopener\"><span style=\"color: #333399;\">2012.g. 4. septembra MK noteikumos Nr. 619 &#8220;Noteikumi par atp\u016btas ku\u0123u vad\u012bt\u0101ju apm\u0101c\u012bbu, sertific\u0113\u0161anu un re\u0123istr\u0101ciju&#8221;<\/span><\/a>\u00a0noteiktaj\u0101m pras\u012bb\u0101m.<\/p>\n<p>Krit\u0113riji un pras\u012bbas m\u0101c\u012bbu iest\u0101dei atbilst\u012bbas sertifik\u0101ta sa\u0146em\u0161anai\u00a0notiektas min\u0113to\u00a0<a href=\"http:\/\/likumi.lv\/doc.php?id=251330\" target=\"_blank\" rel=\"noopener\"><span style=\"color: #000080;\">noteiktumu 7.pielikum\u0101<\/span><\/a>.<strong>\u00a0<\/strong><\/p>\n<h2><strong>M\u0101c\u012bbu kursi<\/strong><\/h2>\n<p>Atp\u016btas ku\u0123u vad\u012bt\u0101jiem m\u0101c\u012bbu kursus organiz\u0113 sekojo\u0161as Latvijas Bur\u0101\u0161anas savien\u012bbas dal\u012bborganiz\u0101cijas:<\/p>\n<table>\n<thead>\n<tr>\n<td>\n<p align=\"center\">M\u0101c\u012bbu iest\u0101de un kontakti<\/p>\n<\/td>\n<td>\n<p align=\"center\">Sertific\u0113t\u0101s m\u0101c\u012bbu programmas<\/p>\n<\/td>\n<\/tr>\n<\/thead>\n<tbody>\n<tr>\n<td>Biedr\u012bba &#8220;Pils\u0113tas Jahtklubs&#8221; &#8211;\u00a0M\u0101rkalnes iela 24, R\u012bga, t\u0101lrunis: 29196943<\/td>\n<td>\u00b7 Buru jahtu vad\u012bt\u0101js iek\u0161\u0113jos \u016bde\u0146os<\/td>\n<\/tr>\n<\/tbody>\n<\/table>\n<p>\u00b7\u00a0 Buru jahtu vad\u012bt\u0101js piekrastes \u016bde\u0146os<\/p>\n<p>\u00b7\u00a0 Motorjahtu vad\u012bt\u0101js piekrastes \u016bde\u0146os<\/p>\n<p>\u00b7\u00a0 Motorjahtu vad\u012bt\u0101js iek\u0161\u0113jos \u016bde\u0146osBiedr\u012bba &#8220;Latvijas Daudzkorpusu jahtu asoci\u0101cija&#8221; &#8211;\u00a0A.Deglava iela 66, R\u012bga,<\/p>\n<p>t\u0101lrunis: 29132617\u00b7 Buru jahtu vad\u012bt\u0101js iek\u0161\u0113jos \u016bde\u0146os<\/p>\n<p>\u00b7 Buru jahtu vad\u012bt\u0101js piekrastes \u016bde\u0146os<\/p>\n<p>\u00b7 Motorjahtu vad\u012bt\u0101js piekrastes \u016bde\u0146osBiedr\u012bba &#8220;Usmas jahtklubs&#8221; &#8211;\u00a0&#8220;Birzes&#8221;,\u00a0\u00a0Ug\u0101les pagasts, Ventspils novads,<\/p>\n<p>t\u0101lrunis: 29339445\u00b7 Buru jahtu vad\u012bt\u0101js iek\u0161\u0113jos \u016bde\u0146os<\/p>\n<p>\u00b7 Buru jahtu vad\u012bt\u0101js piekrastes \u016bde\u0146os<\/p>\n<p>\u00b7 Motorjahtu vad\u012bt\u0101js piekrastes \u016bde\u0146os<\/p>\n<p>\u00b7 Motorjahtu vad\u012bt\u0101js iek\u0161\u0113jos \u016bde\u0146osBiedr\u012bba \u201cLatvijas Bur\u0101\u0161anas m\u0101c\u012bbu asoci\u0101cija\u201d &#8211;\u00a0Eksporta iela 10, R\u012bga,<\/p>\n<p>t\u0101lrunis: 29155391\u00b7 Buru jahtu vad\u012bt\u0101js piekrastes \u016bde\u0146os<\/p>\n<p>\u00b7 Motorjahtu vad\u012bt\u0101js piekrastes \u016bde\u0146os<\/p>\n<h2><\/h2>\n<h2><strong>Apliec\u012bbu izsnieg\u0161ana<\/strong><\/h2>\n<p>Jaunu apliec\u012bbu izsnieg\u0161anu un to nomai\u0146u atp\u016btas ku\u0123u vad\u012bt\u0101jiem veic CSDD, saska\u0146\u0101 ar 2012.g. 4. septembra\u00a0<a href=\"http:\/\/likumi.lv\/doc.php?id=251330\" target=\"_blank\" rel=\"noopener\"><span style=\"color: #333399;\">MK noteikumiem Nr. 619 &#8220;Noteikumi par atp\u016btas ku\u0123u vad\u012bt\u0101ju apm\u0101c\u012bbu, sertific\u0113\u0161anu un re\u0123istr\u0101ciju&#8221;<\/span><\/a>.<\/p>\n<h2><strong>ENG &#8211; Certificates<\/strong><\/h2>\n<p><strong>INTERNATIONAL CERTIFICATES FOR OPERATORS OF PLEASURE CRAFT\u00a0<\/strong><\/p>\n<ul>\n<li>Issued in Latvia in accordance with the Maritime Administration and Marine Safety Law<\/li>\n<li>Issuing authority ROAD TRAFFIC SAFETY DIRECTOTAE in co-operation with LATVIAN YACHTING UNION<\/li>\n<li>In force since 1 January,\u00a02013<\/li>\n<\/ul>\n<p><strong>Sample certificate as in<\/strong>\u00a0<strong>force since 1 January,\u00a02013<\/strong><\/p>\n<p><strong>Sample of the international certificate for operations of pleasure craft as issued\u00a0<\/strong><strong>by the Latvian Yachting Union\u00a0<\/strong><strong>from 21 November, \u00a02007 until 31\u00a0December, 2013. \u00a0These certificates remain in force until its date of expiry.\u00a0<\/strong><\/p>\n","protected":false},"excerpt":{"rendered":"<p>Kvalifik\u0101cijas komisija Latvijas Bur\u0101\u0161anas savien\u012bbas Kvalifik\u0101cijas komisijas sast\u0101vu apstiprina Latvijas Bur\u0101\u0161anas savien\u012bbas valde. Kvalifik\u0101cijas komisijas priek\u0161s\u0113d\u0113t\u0101js &#8211; t\u0101lj\u016bras jahtu kapteinis Ivo Ivanovs (mob.t. 29294044, e\u2013pasts ivo@sta-latvia.lv) Kvalifik\u0101cijas komisijas priek\u0161s\u0113d\u0113t\u0101ja vietnieks- t\u0101lj\u016bras jahtu kapteinis J\u0101nis Gr\u012bslis (mob.t. 29196943, e-pasts\u00a0grislis.janis@gmail.com) Kvalifik\u0101cijas komisijas &hellip; <a href=\"https:\/\/www.sailinglatvia.lv\/index.php\/kvalifikacija\/\">Continued<\/a><\/p>\n","protected":false},"author":1,"featured_media":0,"parent":0,"menu_order":0,"comment_status":"closed","ping_status":"closed","template":"","meta":{"kt_blocks_editor_width":"","footnotes":""},"class_list":["post-976","page","type-page","status-publish","hentry"],"_links":{"self":[{"href":"https:\/\/www.sailinglatvia.lv\/index.php\/wp-json\/wp\/v2\/pages\/976","targetHints":{"allow":["GET"]}}],"collection":[{"href":"https:\/\/www.sailinglatvia.lv\/index.php\/wp-json\/wp\/v2\/pages"}],"about":[{"href":"https:\/\/www.sailinglatvia.lv\/index.php\/wp-json\/wp\/v2\/types\/page"}],"author":[{"embeddable":true,"href":"https:\/\/www.sailinglatvia.lv\/index.php\/wp-json\/wp\/v2\/users\/1"}],"replies":[{"embeddable":true,"href":"https:\/\/www.sailinglatvia.lv\/index.php\/wp-json\/wp\/v2\/comments?post=976"}],"version-history":[{"count":48,"href":"https:\/\/www.sailinglatvia.lv\/index.php\/wp-json\/wp\/v2\/pages\/976\/revisions"}],"predecessor-version":[{"id":18539,"href":"https:\/\/www.sailinglatvia.lv\/index.php\/wp-json\/wp\/v2\/pages\/976\/revisions\/18539"}],"wp:attachment":[{"href":"https:\/\/www.sailinglatvia.lv\/index.php\/wp-json\/wp\/v2\/media?parent=976"}],"curies":[{"name":"wp","href":"https:\/\/api.w.org\/{rel}","templated":true}]}}