{"id":956,"date":"2018-09-17T11:07:12","date_gmt":"2018-09-17T09:07:12","guid":{"rendered":"http:\/\/temp.sailinglatvia.lv\/?page_id=956"},"modified":"2025-08-14T15:26:45","modified_gmt":"2025-08-14T13:26:45","slug":"tiesasana","status":"publish","type":"page","link":"https:\/\/www.sailinglatvia.lv\/index.php\/tiesasana\/","title":{"rendered":"Ties\u0101\u0161ana"},"content":{"rendered":"\n<div class=\"wp-block-group\"><div class=\"wp-block-group__inner-container is-layout-flow wp-block-group-is-layout-flow\">\n<h5 align=\"center\"><strong>LBS Tiesne\u0161u komisija<br \/>BUR\u0100\u0160ANAS SPORTA TIESNE\u0160U SARAKSTS<\/strong><\/h5>\n<p><strong>Nacion\u0101l\u0101s kategorijas bur\u0101\u0161anas sporta tiesne\u0161i <\/strong><\/p>\n<p>Art\u016brs B\u0113rzi\u0146\u0161<br \/>Leon\u012bds Rozins<br \/>Modris Graudums<br \/>\u0122irts Fi\u0161ers-Blumbergs<br \/>Gabriels Civjans<br \/>Eduards P\u013cavi\u0146\u0161<\/p>\n<p><strong>Nacion\u0101l\u0101s kategorijas bur\u0101\u0161anas sporta tiesne\u0161i\/sekret\u0101ri<\/strong><\/p>\n<p>Krist\u012bne Kanska<\/p>\n<p><strong>Kluba kategorijas tiesnie\u0161i <\/strong><\/p>\n<p>Toms Fi\u0161ers-Blumbergs<br \/>Aiva Zumente<br \/>Normans Penke<br \/>Gundega Zande<br \/>Arnis Ozols<br \/>Silards Kamergrauzis<br \/>Leila Helga S\u0101ra Tolstika<br \/>Zigurds Penkulis<\/p>\n<h5 align=\"center\"><strong>LBS Tiesne\u0161u komisijas valde<\/strong><\/h5>\n<p>B\u0113rzi\u0146\u0161 Art\u016brs<br \/>Rozins Leon\u012bds<br \/>Modris Graudums<\/p>\n<h5 align=\"center\"><strong>Dokumenti<\/strong><\/h5>\n<p>1. Tiesne\u0161u komisijas protokolus mekl\u0113 \u0161eit: <a href=\"https:\/\/www.sailinglatvia.lv\/index.php\/valdes-sedes\/\">https:\/\/www.sailinglatvia.lv\/index.php\/valdes-sedes\/<\/a><\/p>\n<p>2. Tiesne\u0161u komisijas nolikums: <a href=\"https:\/\/www.sailinglatvia.lv\/wp-content\/uploads\/2024\/06\/TK_Nolikums_Final-1.pdf\">skat\u012bt \u0161eit.<\/a><\/p>\n<p>3. Personas datu apstr\u0101des p\u0101rzinis ir Tiesne\u0161u komisijas valde. Personas dati tiks<br \/>apstr\u0101d\u0101ti un glab\u0101ti saska\u0146\u0101 ar Latvijas Republik\u0101 sp\u0113k\u0101 eso\u0161ajiem normat\u012bvajiem<br \/>aktiem. Datu subjektam ir ties\u012bbas labot nekorektus personas datus.<br \/>Personas datu apstr\u0101des m\u0113r\u0137is ir bur\u0101\u0161anas sporta tiesne\u0161u anket\u0113\u0161anas process.<\/p>\n<p>Tiesne\u0161u komisijas anketa: <a href=\"https:\/\/www.sailinglatvia.lv\/wp-content\/uploads\/2021\/02\/Burasanas_Sporta_Tiesnesu_anketa_Feb_2021.docx\">Burasanas_Sporta_Tiesnesu_anketa_Feb_2021<\/a><\/p>\n<p>4. Tiesne\u0161u komisijas eksamin\u0101cijas nolikums <a href=\"https:\/\/www.sailinglatvia.lv\/wp-content\/uploads\/2024\/09\/Eksaminacijas-nolikums.pdf\">Eksamin\u0101cijas nolikums<\/a><\/p>\n<p>5. Apm\u0101c\u012bbu tests, lai p\u0101rbaud\u012btu bur\u0101\u0161anas sacens\u012bbu noteikumu zin\u0101\u0161anas: <a href=\"https:\/\/docs.google.com\/forms\/d\/e\/1FAIpQLScGUlGgXtC4y9hoASaGnDrUoHrejOjoe_rWizGoAcD5eDrGpg\/viewform\">\u0160EIT<\/a><\/p>\n<p>6. <a href=\"https:\/\/www.sailinglatvia.lv\/wp-content\/uploads\/2021\/07\/1K_DK_iesniegumu_izskatisanas_kartiba_21072021.pdf\">K\u0101rt\u012bba, k\u0101d\u0101 TK valde sa\u0146em un izskata iesniegumus, kas saist\u012bti ar iesp\u0113jamu l\u0113mumu par disciplin\u0101rkomisijas izveido\u0161anu<\/a>\u00a0. Metodiskos nor\u0101d\u012bjumus skat\u012bt\u00a0<a href=\"https:\/\/www.sailinglatvia.lv\/wp-content\/uploads\/2021\/07\/3TK_DK_metodiskie_noradijumi_21072021.pdf\">\u0161eit.<\/a><\/p>\n<p>7. <a href=\"https:\/\/www.sailinglatvia.lv\/wp-content\/uploads\/2021\/07\/2TK_DK_darba_kartibas_pamatprincipi_21072021.pdf\">Disciplin\u0101rkomisijas darba k\u0101rt\u012bbas pamatprincipi<\/a><\/p>\n<p>8. World Sailing tehniskos dokumentus (tiesne\u0161u, kvalifik\u0101cijas, semin\u0101ru un pas\u0101kumu r\u012bko\u0161ana utml) skat\u012bt \u0161eit:\u00a0 <a href=\"https:\/\/www.sailing.org\/raceofficials\/eventorganizers\/seminar_clinic_guidelines.php\">https:\/\/www.sailing.org\/raceofficials\/eventorganizers\/seminar_clinic_guidelines.php<\/a><\/p>\n<p><strong>LAT LYS Handikapu sist\u0113ma pieejama\u00a0<a title=\"LAT LYS\" href=\"https:\/\/latlys.wordpress.com\/\" target=\"_blank\" rel=\"noopener\">\u0160EIT<\/a><\/strong><\/p>\n<h5 align=\"center\"><strong>R\u012bkojumi<\/strong><\/h5>\n<p><a href=\"https:\/\/www.sailinglatvia.lv\/wp-content\/uploads\/2021\/03\/TKV_Riik_01_2021.02.15-4.pdf\">TKV_Riik_01_2021.02.15-4<\/a><\/p>\n<h5 align=\"center\"><strong>Disciplin\u0101rlietas<\/strong><\/h5>\n<ol>\n<li><a href=\"https:\/\/www.sailinglatvia.lv\/wp-content\/uploads\/2021\/03\/DK_1_15.03.2021.pdf\">DK_1_15.03.2021<\/a><\/li>\n<\/ol>\n<p><a href=\"https:\/\/www.sailinglatvia.lv\/wp-content\/uploads\/2021\/03\/Pielikums-1a.pdf\">Pielikums 1a<\/a><\/p>\n<p><a href=\"https:\/\/www.sailinglatvia.lv\/wp-content\/uploads\/2021\/03\/Pielikums-2a.pdf\">Pielikums 2a<\/a><\/p>\n<p><a href=\"https:\/\/www.sailinglatvia.lv\/wp-content\/uploads\/2021\/03\/Pielikums-2b.pdf\">Pielikums 2b<\/a><\/p>\n<p><a href=\"https:\/\/www.sailinglatvia.lv\/wp-content\/uploads\/2021\/03\/Pielikums-3a.pdf\">Pielikums 3a<\/a><\/p>\n<p>2.\u00a0<a href=\"https:\/\/www.sailinglatvia.lv\/wp-content\/uploads\/2021\/03\/DK_2_19.03.2021.pdf\">DK_2_19.03.2021<\/a><\/p>\n<p><a href=\"https:\/\/www.sailinglatvia.lv\/wp-content\/uploads\/2021\/03\/Pielikums_1.pdf\">Pielikums_1<\/a><\/p>\n<h5 style=\"text-align: center;\">Apel\u0101cijas<\/h5>\n<p>Apel\u0101cijas komisijas L\u0112MUMI:<\/p>\n<ol>\n<li>Par E. Amsila 13.09.2018.\u00a0<a href=\"https:\/\/www.sailinglatvia.lv\/wp-content\/uploads\/2020\/08\/e-Amsils_Apel_Leemums_2019._01_14.pdf\">apel\u0101ciju<\/a><\/li>\n<\/ol>\n<\/div><\/div>\n\n\n\n<p class=\"has-text-align-center\"><\/p>\n\n\n\n<p><\/p>\n","protected":false},"excerpt":{"rendered":"<p>LBS Tiesne\u0161u komisijaBUR\u0100\u0160ANAS SPORTA TIESNE\u0160U SARAKSTS Nacion\u0101l\u0101s kategorijas bur\u0101\u0161anas sporta tiesne\u0161i Art\u016brs B\u0113rzi\u0146\u0161Leon\u012bds RozinsModris Graudums\u0122irts Fi\u0161ers-BlumbergsGabriels CivjansEduards P\u013cavi\u0146\u0161 Nacion\u0101l\u0101s kategorijas bur\u0101\u0161anas sporta tiesne\u0161i\/sekret\u0101ri Krist\u012bne Kanska Kluba kategorijas tiesnie\u0161i Toms Fi\u0161ers-BlumbergsAiva ZumenteNormans PenkeGundega ZandeArnis OzolsSilards KamergrauzisLeila Helga S\u0101ra TolstikaZigurds Penkulis LBS &hellip; <a href=\"https:\/\/www.sailinglatvia.lv\/index.php\/tiesasana\/\">Continued<\/a><\/p>\n","protected":false},"author":1,"featured_media":0,"parent":0,"menu_order":0,"comment_status":"closed","ping_status":"closed","template":"","meta":{"kt_blocks_editor_width":"","footnotes":""},"class_list":["post-956","page","type-page","status-publish","hentry"],"_links":{"self":[{"href":"https:\/\/www.sailinglatvia.lv\/index.php\/wp-json\/wp\/v2\/pages\/956","targetHints":{"allow":["GET"]}}],"collection":[{"href":"https:\/\/www.sailinglatvia.lv\/index.php\/wp-json\/wp\/v2\/pages"}],"about":[{"href":"https:\/\/www.sailinglatvia.lv\/index.php\/wp-json\/wp\/v2\/types\/page"}],"author":[{"embeddable":true,"href":"https:\/\/www.sailinglatvia.lv\/index.php\/wp-json\/wp\/v2\/users\/1"}],"replies":[{"embeddable":true,"href":"https:\/\/www.sailinglatvia.lv\/index.php\/wp-json\/wp\/v2\/comments?post=956"}],"version-history":[{"count":97,"href":"https:\/\/www.sailinglatvia.lv\/index.php\/wp-json\/wp\/v2\/pages\/956\/revisions"}],"predecessor-version":[{"id":18346,"href":"https:\/\/www.sailinglatvia.lv\/index.php\/wp-json\/wp\/v2\/pages\/956\/revisions\/18346"}],"wp:attachment":[{"href":"https:\/\/www.sailinglatvia.lv\/index.php\/wp-json\/wp\/v2\/media?parent=956"}],"curies":[{"name":"wp","href":"https:\/\/api.w.org\/{rel}","templated":true}]}}