{"id":8972,"date":"2023-02-10T11:05:00","date_gmt":"2023-02-10T09:05:00","guid":{"rendered":"https:\/\/www.sailinglatvia.lv\/?page_id=8972"},"modified":"2023-02-10T11:29:41","modified_gmt":"2023-02-10T09:29:41","slug":"lok-pazinojumi","status":"publish","type":"page","link":"https:\/\/www.sailinglatvia.lv\/index.php\/lok-pazinojumi\/","title":{"rendered":"LOK pazi\u0146ojumi"},"content":{"rendered":"\n<p><strong>LOK Intere\u0161u konfliktu vadl\u012bnijas<\/strong>, kas apstiprin\u0101tas LOK Izpildkomitejas s\u0113d\u0113, 2023. gada 1. febru\u0101r\u012b: <\/p>\n\n\n\n<div class=\"wp-block-file\"><a id=\"wp-block-file--media-0418edcf-dd6d-4bfb-b68c-271f2a9a97a7\" href=\"https:\/\/www.sailinglatvia.lv\/wp-content\/uploads\/2023\/02\/Interesu-konfliktu-vadlinijas-apstiprinats-01.02.2023-1.pdf\">Interesu-konfliktu-vadlinijas-apstiprinats-01.02.2023-1<\/a><a href=\"https:\/\/www.sailinglatvia.lv\/wp-content\/uploads\/2023\/02\/Interesu-konfliktu-vadlinijas-apstiprinats-01.02.2023-1.pdf\" class=\"wp-block-file__button\" download aria-describedby=\"wp-block-file--media-0418edcf-dd6d-4bfb-b68c-271f2a9a97a7\">Download<\/a><\/div>\n\n\n\n<p><strong>Latvijas Olimpisk\u0101s komitejas pazi\u0146ojums<\/strong> \/ <strong>Statement by the Latvian Olympic Committee<\/strong><\/p>\n\n\n\n<div class=\"wp-block-file\"><a id=\"wp-block-file--media-190f2fc2-672e-419f-809c-9eed6a5d9a0c\" href=\"https:\/\/www.sailinglatvia.lv\/wp-content\/uploads\/2023\/02\/LOK-pazinojums-20230201_final-1.pdf\">LOK-pazinojums-20230201_final-1<\/a><a href=\"https:\/\/www.sailinglatvia.lv\/wp-content\/uploads\/2023\/02\/LOK-pazinojums-20230201_final-1.pdf\" class=\"wp-block-file__button\" download aria-describedby=\"wp-block-file--media-190f2fc2-672e-419f-809c-9eed6a5d9a0c\">Download<\/a><\/div>\n\n\n\n<div class=\"wp-block-file\"><a id=\"wp-block-file--media-7a26ccf1-c188-4582-acc4-0e946bdaad78\" href=\"https:\/\/www.sailinglatvia.lv\/wp-content\/uploads\/2023\/02\/Statement-by-NOCLatvia-20230201-ENG-1.pdf\">Statement-by-NOCLatvia-20230201-ENG-1<\/a><a href=\"https:\/\/www.sailinglatvia.lv\/wp-content\/uploads\/2023\/02\/Statement-by-NOCLatvia-20230201-ENG-1.pdf\" class=\"wp-block-file__button\" download aria-describedby=\"wp-block-file--media-7a26ccf1-c188-4582-acc4-0e946bdaad78\">Download<\/a><\/div>\n","protected":false},"excerpt":{"rendered":"<p>LOK Intere\u0161u konfliktu vadl\u012bnijas, kas apstiprin\u0101tas LOK Izpildkomitejas s\u0113d\u0113, 2023. gada 1. febru\u0101r\u012b: Latvijas Olimpisk\u0101s komitejas pazi\u0146ojums \/ Statement by the Latvian Olympic Committee<\/p>\n","protected":false},"author":5,"featured_media":0,"parent":0,"menu_order":0,"comment_status":"closed","ping_status":"closed","template":"","meta":{"kt_blocks_editor_width":"","footnotes":""},"class_list":["post-8972","page","type-page","status-publish","hentry"],"_links":{"self":[{"href":"https:\/\/www.sailinglatvia.lv\/index.php\/wp-json\/wp\/v2\/pages\/8972","targetHints":{"allow":["GET"]}}],"collection":[{"href":"https:\/\/www.sailinglatvia.lv\/index.php\/wp-json\/wp\/v2\/pages"}],"about":[{"href":"https:\/\/www.sailinglatvia.lv\/index.php\/wp-json\/wp\/v2\/types\/page"}],"author":[{"embeddable":true,"href":"https:\/\/www.sailinglatvia.lv\/index.php\/wp-json\/wp\/v2\/users\/5"}],"replies":[{"embeddable":true,"href":"https:\/\/www.sailinglatvia.lv\/index.php\/wp-json\/wp\/v2\/comments?post=8972"}],"version-history":[{"count":3,"href":"https:\/\/www.sailinglatvia.lv\/index.php\/wp-json\/wp\/v2\/pages\/8972\/revisions"}],"predecessor-version":[{"id":8980,"href":"https:\/\/www.sailinglatvia.lv\/index.php\/wp-json\/wp\/v2\/pages\/8972\/revisions\/8980"}],"wp:attachment":[{"href":"https:\/\/www.sailinglatvia.lv\/index.php\/wp-json\/wp\/v2\/media?parent=8972"}],"curies":[{"name":"wp","href":"https:\/\/api.w.org\/{rel}","templated":true}]}}