{"id":8844,"date":"2023-01-20T13:52:13","date_gmt":"2023-01-20T11:52:13","guid":{"rendered":"https:\/\/www.sailinglatvia.lv\/?page_id=8844"},"modified":"2023-06-13T16:02:17","modified_gmt":"2023-06-13T14:02:17","slug":"sportistu-registrs-2022","status":"publish","type":"page","link":"https:\/\/www.sailinglatvia.lv\/index.php\/sportistu-registrs-2022\/","title":{"rendered":"Sportistu re\u0123istrs 2022"},"content":{"rendered":"\n<div class=\"wp-block-file\"><a id=\"wp-block-file--media-d5ceb506-28fd-4cc4-8b45-851259176ca8\" href=\"https:\/\/www.sailinglatvia.lv\/wp-content\/uploads\/2023\/01\/kopsavilkums_sportistu_registrs_2022.pdf\">Sportistu re\u0123istrs (PDF)<\/a><a href=\"https:\/\/www.sailinglatvia.lv\/wp-content\/uploads\/2023\/01\/kopsavilkums_sportistu_registrs_2022.pdf\" class=\"wp-block-file__button\" download aria-describedby=\"wp-block-file--media-d5ceb506-28fd-4cc4-8b45-851259176ca8\">Download<\/a><\/div>\n\n\n\n<p>*Tiek preciz\u0113ts dzim\u0161anas gads sportistiem, kuriem tas nav min\u0113ts pievienotaj\u0101 sarakst\u0101. \u0160o sportisti ir pilngad\u012bgi. <\/p>\n","protected":false},"excerpt":{"rendered":"<p>*Tiek preciz\u0113ts dzim\u0161anas gads sportistiem, kuriem tas nav min\u0113ts pievienotaj\u0101 sarakst\u0101. \u0160o sportisti ir pilngad\u012bgi.<\/p>\n","protected":false},"author":5,"featured_media":0,"parent":0,"menu_order":0,"comment_status":"closed","ping_status":"closed","template":"","meta":{"kt_blocks_editor_width":"","footnotes":""},"class_list":["post-8844","page","type-page","status-publish","hentry"],"_links":{"self":[{"href":"https:\/\/www.sailinglatvia.lv\/index.php\/wp-json\/wp\/v2\/pages\/8844","targetHints":{"allow":["GET"]}}],"collection":[{"href":"https:\/\/www.sailinglatvia.lv\/index.php\/wp-json\/wp\/v2\/pages"}],"about":[{"href":"https:\/\/www.sailinglatvia.lv\/index.php\/wp-json\/wp\/v2\/types\/page"}],"author":[{"embeddable":true,"href":"https:\/\/www.sailinglatvia.lv\/index.php\/wp-json\/wp\/v2\/users\/5"}],"replies":[{"embeddable":true,"href":"https:\/\/www.sailinglatvia.lv\/index.php\/wp-json\/wp\/v2\/comments?post=8844"}],"version-history":[{"count":6,"href":"https:\/\/www.sailinglatvia.lv\/index.php\/wp-json\/wp\/v2\/pages\/8844\/revisions"}],"predecessor-version":[{"id":9683,"href":"https:\/\/www.sailinglatvia.lv\/index.php\/wp-json\/wp\/v2\/pages\/8844\/revisions\/9683"}],"wp:attachment":[{"href":"https:\/\/www.sailinglatvia.lv\/index.php\/wp-json\/wp\/v2\/media?parent=8844"}],"curies":[{"name":"wp","href":"https:\/\/api.w.org\/{rel}","templated":true}]}}