{"id":8251,"date":"2022-09-01T09:05:34","date_gmt":"2022-09-01T07:05:34","guid":{"rendered":"https:\/\/www.sailinglatvia.lv\/?page_id=8251"},"modified":"2023-04-14T10:39:18","modified_gmt":"2023-04-14T08:39:18","slug":"iepirkumi","status":"publish","type":"page","link":"https:\/\/www.sailinglatvia.lv\/index.php\/iepirkumi\/","title":{"rendered":"Iepirkumi"},"content":{"rendered":"\n<div data-wp-interactive=\"core\/file\" class=\"wp-block-file\"><object data-wp-bind--hidden=\"!state.hasPdfPreview\" hidden class=\"wp-block-file__embed\" data=\"https:\/\/www.sailinglatvia.lv\/wp-content\/uploads\/2023\/04\/protokols_7_23_izraksts_par_lemumiem_84_84_85.pdf\" type=\"application\/pdf\" style=\"width:100%;height:600px\" aria-label=\"Iegult Embed of protokols_7_23_izraksts_par_lemumiem_84_84_85..\"><\/object><a id=\"wp-block-file--media-a424088f-c9da-4341-a46c-cf224f4515f0\" href=\"https:\/\/www.sailinglatvia.lv\/wp-content\/uploads\/2023\/04\/protokols_7_23_izraksts_par_lemumiem_84_84_85.pdf\">protokols_7_23_izraksts_par_lemumiem_84_84_85<\/a><a href=\"https:\/\/www.sailinglatvia.lv\/wp-content\/uploads\/2023\/04\/protokols_7_23_izraksts_par_lemumiem_84_84_85.pdf\" class=\"wp-block-file__button\" download aria-describedby=\"wp-block-file--media-a424088f-c9da-4341-a46c-cf224f4515f0\">Download<\/a><\/div>\n\n\n\n<p>Public\u0113ts 2023. gada 26. janv\u0101r\u012b<\/p>\n\n\n\n<p><a href=\"https:\/\/pvs.iub.gov.lv\/show\/724470\">https:\/\/pvs.iub.gov.lv\/show\/724470<\/a><\/p>\n\n\n\n<p><strong>Iesnieg\u0161anas datums: <\/strong>20 kalend\u0101ro dienu laik\u0101 p\u0113c public\u0113\u0161anas (l\u012bdz 2023. gada 15. febru\u0101ra 17:00)<\/p>\n\n\n\n<p><strong>Iepirkuma identifik\u0101cijas Nr.<\/strong> LZS\/2023\/2<\/p>\n\n\n\n<p><strong>Iepirkuma priek\u0161mets:<\/strong> <strong>\u201eSporta buru laivu un bur\u0101\u0161anas invent\u0101ra ieg\u0101de\u201d<\/strong><\/p>\n\n\n\n<p>Faili lejupiel\u0101dei: <\/p>\n\n\n\n<figure class=\"wp-block-table\"><table><tbody><tr><td>Datums<\/td><td>Nosaukums<\/td><td>Fails lejupiel\u0101d\u0113\u0161anai<\/td><\/tr><tr><td>26.01.2023<\/td><td>Konkursa nolikums<\/td><td> <a href=\"https:\/\/www.sailinglatvia.lv\/wp-content\/uploads\/2023\/01\/LZS_iepirkuma-nolikums-2023_2-LV.pdf\">LZS_iepirkuma-nolikums-2023_2-LV<\/a><\/td><\/tr><\/tbody><\/table><\/figure>\n\n\n\n<p>Konkursa nolikums word form\u0101t\u0101:<\/p>\n\n\n\n<div class=\"wp-block-file\"><a id=\"wp-block-file--media-23b310ab-8e4e-4795-9cd5-488c4abd50ae\" href=\"https:\/\/www.sailinglatvia.lv\/wp-content\/uploads\/2023\/01\/LZS-iepirkuma-nolikums-2023_2-LV.docx\">LZS-iepirkuma-nolikums-2023_2-LV<\/a><a href=\"https:\/\/www.sailinglatvia.lv\/wp-content\/uploads\/2023\/01\/LZS-iepirkuma-nolikums-2023_2-LV.docx\" class=\"wp-block-file__button\" download aria-describedby=\"wp-block-file--media-23b310ab-8e4e-4795-9cd5-488c4abd50ae\">Download<\/a><\/div>\n\n\n\n<div class=\"wp-block-file\"><a id=\"wp-block-file--media-fa81fa3b-12f3-469b-895d-fbdcfd459992\" href=\"https:\/\/www.sailinglatvia.lv\/wp-content\/uploads\/2023\/02\/Sanemtie_jautajumi_LZS_2023_2-1.pdf\">Sanemtie_jautajumi_LZS_2023_2-1<\/a><a href=\"https:\/\/www.sailinglatvia.lv\/wp-content\/uploads\/2023\/02\/Sanemtie_jautajumi_LZS_2023_2-1.pdf\" class=\"wp-block-file__button\" download aria-describedby=\"wp-block-file--media-fa81fa3b-12f3-469b-895d-fbdcfd459992\">Download<\/a><\/div>\n\n\n\n<p>__________________________________________________________________________________________________________<\/p>\n\n\n\n<p><strong>Iepirkuma konkurss p\u0101rtraukts ar valdes l\u0113mums Nr. 3\/23<\/strong> (<a href=\"https:\/\/www.sailinglatvia.lv\/index.php\/2023\/01\/23\/elektronisks-valdes-balsojums-21-01-2023-protokols-nr-3-23\/\">https:\/\/www.sailinglatvia.lv\/index.php\/2023\/01\/23\/elektronisks-valdes-balsojums-21-01-2023-protokols-nr-3-23\/<\/a> )<\/p>\n\n\n\n<p>Public\u0113ts 2023. gada 17. janv\u0101r\u012b<\/p>\n\n\n\n<p><strong>Iesnieg\u0161anas datums: <\/strong>20 kalend\u0101ro dienu laik\u0101 p\u0113c public\u0113\u0161anas (l\u012bdz 2023. gada 6. febru\u0101ra 17:00)<\/p>\n\n\n\n<p><strong>Iepirkuma identifik\u0101cijas Nr.<\/strong> LZS\/2023\/1<\/p>\n\n\n\n<p><strong>Iepirkuma priek\u0161mets:<\/strong> <strong>\u201eSporta buru laivu un bur\u0101\u0161anas invent\u0101ra ieg\u0101de\u201d<\/strong><\/p>\n\n\n\n<p>Faili lejupiel\u0101dei: <\/p>\n\n\n\n<figure class=\"wp-block-table\"><table><tbody><tr><td>Datums<\/td><td>Nosaukums<\/td><td>Fails lejupiel\u0101d\u0113\u0161anai<\/td><\/tr><tr><td>17.01.2023<\/td><td>Konkursa nolikums<\/td><td> <a href=\"https:\/\/www.sailinglatvia.lv\/wp-content\/uploads\/2023\/01\/LZS-iepirkuma-nolikums-20231-LV.pdf\">LZS-iepirkuma-nolikums-20231-LV<\/a><\/td><\/tr><\/tbody><\/table><\/figure>\n\n\n\n<p>Konkursa nolikums word form\u0101t\u0101: <\/p>\n\n\n\n<div class=\"wp-block-file\"><a id=\"wp-block-file--media-c04b24c5-5c1f-4ad1-bdee-928ae07ecd35\" href=\"https:\/\/www.sailinglatvia.lv\/wp-content\/uploads\/2023\/01\/LZS-iepirkuma-nolikums-2023_1-LV-1.docx\">LZS-iepirkuma-nolikums-2023_1-LV-1<\/a><a href=\"https:\/\/www.sailinglatvia.lv\/wp-content\/uploads\/2023\/01\/LZS-iepirkuma-nolikums-2023_1-LV-1.docx\" class=\"wp-block-file__button\" download aria-describedby=\"wp-block-file--media-c04b24c5-5c1f-4ad1-bdee-928ae07ecd35\">Download<\/a><\/div>\n\n\n\n<p>__________________________________________________________________________________________________________<\/p>\n\n\n\n<p class=\"has-text-align-right\">NOSL\u0112DZIES<\/p>\n\n\n\n<p class=\"has-text-align-right\">PUBLIC\u0112TS 2022. gada 21. septembr\u012b<\/p>\n\n\n\n<p><strong>Iesnieg\u0161anas datums: <\/strong>20 kalend\u0101ro dienu laik\u0101 p\u0113c public\u0113\u0161anas (l\u012bdz 2022. gada 11.oktobra 17:00)<\/p>\n\n\n\n<p><strong>Iepirkuma identifik\u0101cijas Nr.<\/strong> <a>LZS 2022\/<\/a>1<\/p>\n\n\n\n<p><strong>Iepirkuma priek\u0161mets:<\/strong> <strong>\u201eSporta buru laivu un bur\u0101\u0161anas invent\u0101ra ieg\u0101de\u201d<\/strong><\/p>\n\n\n\n<p>Faili lejupiel\u0101dei: <\/p>\n\n\n\n<figure class=\"wp-block-table\"><table><tbody><tr><td>Datums<\/td><td>Nosaukums<\/td><td>Fails lejupiel\u0101d\u0113\u0161anai<\/td><\/tr><tr><td>21.09.2022<\/td><td>Konkursa nolikuma 1. versija<\/td><td> <code><a href=\"https:\/\/www.sailinglatvia.lv\/wp-content\/uploads\/2022\/09\/Speka_neesoss_LZS-iepirkuma-nolikums-LV-2.pdf\">Speka_neesoss_LZS-iepirkuma-nolikums-LV-2Download<\/a><\/code><\/td><\/tr><tr><td>22.09.2022<\/td><td>Konkursa nolikuma 2. versija<br>Izmai\u0146as konkursa nolikum\u0101 saska\u0146otas valdes balsojum\u0101 Nr.13\/22: <a href=\"https:\/\/www.sailinglatvia.lv\/index.php\/2022\/09\/22\/elektronisks-valdes-balsojums\/\">https:\/\/www.sailinglatvia.lv\/index.php\/2022\/09\/22\/elektronisks-valdes-balsojums\/<\/a> <\/td><td><a href=\"https:\/\/www.sailinglatvia.lv\/wp-content\/uploads\/2022\/09\/Apstiprinats_LZS-iepirkuma-nolikums-LV-1.pdf\">Apstiprinats_LZS-iepirkuma-nolikums-LV-1<\/a><\/td><\/tr><\/tbody><\/table><\/figure>\n\n\n\n<div class=\"wp-block-file\"><a href=\"https:\/\/www.sailinglatvia.lv\/wp-content\/uploads\/2022\/09\/Apstiprinats_LZS-iepirkuma-nolikums-LV-1.pdf\" class=\"wp-block-file__button\" download aria-describedby=\"wp-block-file--media-d250477a-0ba3-4b7f-a1b2-bf582ecc9837\">Download<\/a><\/div>\n\n\n\n<p><\/p>\n\n\n\n<p>Konkursa nolikums Word form\u0101t\u0101: <\/p>\n\n\n\n<div class=\"wp-block-file\"><a id=\"wp-block-file--media-efe54256-5090-43cf-b5ca-e5af37f82a7b\" href=\"https:\/\/www.sailinglatvia.lv\/wp-content\/uploads\/2022\/09\/Apstiprinats_LZS-iepirkuma-nolikums-LV.docx\">Apstiprinats_LZS-iepirkuma-nolikums-LV<\/a><a href=\"https:\/\/www.sailinglatvia.lv\/wp-content\/uploads\/2022\/09\/Apstiprinats_LZS-iepirkuma-nolikums-LV.docx\" class=\"wp-block-file__button\" download aria-describedby=\"wp-block-file--media-efe54256-5090-43cf-b5ca-e5af37f82a7b\">Download<\/a><\/div>\n","protected":false},"excerpt":{"rendered":"<p>Public\u0113ts 2023. gada 26. janv\u0101r\u012b https:\/\/pvs.iub.gov.lv\/show\/724470 Iesnieg\u0161anas datums: 20 kalend\u0101ro dienu laik\u0101 p\u0113c public\u0113\u0161anas (l\u012bdz 2023. gada 15. febru\u0101ra 17:00) Iepirkuma identifik\u0101cijas Nr. LZS\/2023\/2 Iepirkuma priek\u0161mets: \u201eSporta buru laivu un bur\u0101\u0161anas invent\u0101ra ieg\u0101de\u201d Faili lejupiel\u0101dei: Datums Nosaukums Fails lejupiel\u0101d\u0113\u0161anai 26.01.2023 &hellip; <a href=\"https:\/\/www.sailinglatvia.lv\/index.php\/iepirkumi\/\">Continued<\/a><\/p>\n","protected":false},"author":5,"featured_media":0,"parent":0,"menu_order":0,"comment_status":"closed","ping_status":"closed","template":"","meta":{"kt_blocks_editor_width":"","footnotes":""},"class_list":["post-8251","page","type-page","status-publish","hentry"],"_links":{"self":[{"href":"https:\/\/www.sailinglatvia.lv\/index.php\/wp-json\/wp\/v2\/pages\/8251","targetHints":{"allow":["GET"]}}],"collection":[{"href":"https:\/\/www.sailinglatvia.lv\/index.php\/wp-json\/wp\/v2\/pages"}],"about":[{"href":"https:\/\/www.sailinglatvia.lv\/index.php\/wp-json\/wp\/v2\/types\/page"}],"author":[{"embeddable":true,"href":"https:\/\/www.sailinglatvia.lv\/index.php\/wp-json\/wp\/v2\/users\/5"}],"replies":[{"embeddable":true,"href":"https:\/\/www.sailinglatvia.lv\/index.php\/wp-json\/wp\/v2\/comments?post=8251"}],"version-history":[{"count":16,"href":"https:\/\/www.sailinglatvia.lv\/index.php\/wp-json\/wp\/v2\/pages\/8251\/revisions"}],"predecessor-version":[{"id":9468,"href":"https:\/\/www.sailinglatvia.lv\/index.php\/wp-json\/wp\/v2\/pages\/8251\/revisions\/9468"}],"wp:attachment":[{"href":"https:\/\/www.sailinglatvia.lv\/index.php\/wp-json\/wp\/v2\/media?parent=8251"}],"curies":[{"name":"wp","href":"https:\/\/api.w.org\/{rel}","templated":true}]}}