{"id":6264,"date":"2022-02-01T21:39:40","date_gmt":"2022-02-01T19:39:40","guid":{"rendered":"http:\/\/www.sailinglatvia.lv\/?page_id=6264"},"modified":"2025-08-07T09:22:44","modified_gmt":"2025-08-07T07:22:44","slug":"finanses","status":"publish","type":"page","link":"https:\/\/www.sailinglatvia.lv\/index.php\/finanses\/","title":{"rendered":"Finanses"},"content":{"rendered":"<h1>2025<\/h1>\n<p>2025. gada bud\u017eetu <a href=\"https:\/\/www.sailinglatvia.lv\/wp-content\/uploads\/2025\/03\/LBS_budzets_2025.pdf\">skat\u012bt \u0161eit.<\/a><\/p>\n<p>2025. gada vad\u012bbas zi\u0146ojumu par 2024. gadu <a href=\"https:\/\/www.sailinglatvia.lv\/wp-content\/uploads\/2025\/03\/LBS_Vadibas-zinojums_2024.pdf\">skat\u012bt \u0161eit.<\/a><\/p>\n<p>2025. gada Rev\u012bzijas komisijas zi\u0146ojumu par 2024. gadu <a href=\"https:\/\/www.sailinglatvia.lv\/wp-content\/uploads\/2025\/03\/LBS-Revizijas-Komisijas-Zinojums_2024.pdf\">skat\u012bt \u0161eit.<\/a><\/p>\n<h1>2024<\/h1>\n<p>2024. gada bud\u017eets <a href=\"https:\/\/www.sailinglatvia.lv\/wp-content\/uploads\/2024\/05\/LZS_BUDZETS_2024_apstiprinasanai_1-1.pdf\">skat\u012bt \u0161eit.<\/a><\/p>\n<p>2024. gada valsts bud\u017eeta l\u012bdzek\u013cu izlietojums <a href=\"https:\/\/www.sailinglatvia.lv\/wp-content\/uploads\/2025\/08\/2024_budzeta_lidzeklu_izlietojums.pdf\">skat\u012bt \u0161eit.<\/a><\/p>\n<p>2024. gada vad\u012bbas zi\u0146ojumu par 2023. gadu <a href=\"https:\/\/www.sailinglatvia.lv\/wp-content\/uploads\/2024\/05\/LBS_Vadibas_zinojums_2023_1-1.pdf\">skat\u012bt \u0161eit.<\/a><\/p>\n<p>2024. gada Rev\u012bzijas komisijas paskaidrojumu <a href=\"https:\/\/www.sailinglatvia.lv\/wp-content\/uploads\/2024\/05\/RKZ_paskaidrojums_1-1.pdf\">skat\u012bt \u0161eit<\/a> un zi\u0146ojumu par 2023. gadu\u00a0 <a href=\"https:\/\/www.sailinglatvia.lv\/wp-content\/uploads\/2024\/05\/LZS-Revi\u0304zijas-Komisijas-Zin\u0327ojums_2023.docx.pdf\">skat\u012bt \u0161eit.<\/a><\/p>\n<h1>2023<\/h1>\n<p>2023. gada bud\u017eets <a href=\"https:\/\/www.sailinglatvia.lv\/wp-content\/uploads\/2023\/04\/LZS_BUDZETS_2023_08032023_kopsavilkums.pdf\">skat\u012bt \u0161eit.<\/a><\/p>\n<h1>2022<\/h1>\n<p>LZS 2022. gada bud\u017eetu <a href=\"https:\/\/www.sailinglatvia.lv\/wp-content\/uploads\/2022\/03\/LZS_BUDZETS_30032022.pdf\">skat\u012bt \u0161eit.<\/a><\/p>\n<p>2022. gada p\u0101rskata Rev\u012bzijas komisijas zi\u0146ojums <a href=\"https:\/\/www.sailinglatvia.lv\/wp-content\/uploads\/2023\/04\/LZS-revi\u0304zijas-komisijas-zin\u0327ojums_2023_parakstits.pdf\">skat\u012bt \u0161eit.<\/a><\/p>\n<p>2022. gada p\u0101rskats <a href=\"https:\/\/www.sailinglatvia.lv\/wp-content\/uploads\/2023\/04\/GP_LZS_2022_final_parakstits.pdf\">skat\u012bt \u0161eit.<\/a><\/p>\n<p>2022. gada Darb\u012bbas p\u0101rskats\u00a0<a href=\"https:\/\/www.sailinglatvia.lv\/wp-content\/uploads\/2023\/04\/Darbibas_parskats_LZS_2022.pdf\">skat\u012bt \u0161eit.<\/a><\/p>\n<p>2022. gada Valdes zi\u0146ojums\u00a0<a href=\"https:\/\/www.sailinglatvia.lv\/wp-content\/uploads\/2023\/04\/Zinojums_LZS_2022_Biedriba.pdf\">skat\u012bt \u0161eit.<\/a><\/p>\n<h1>2021<\/h1>\n<p>LZS 2021. gada p\u0101rskatu <a href=\"https:\/\/www.sailinglatvia.lv\/wp-content\/uploads\/2022\/03\/LZS-GP-2021.pdf\">skat\u012bt \u0161eit<\/a>.<\/p>\n<p>2021. gada p\u0101rskata Rev\u012bzijas komisijas zi\u0146ojums\u00a0<a href=\"https:\/\/www.sailinglatvia.lv\/wp-content\/uploads\/2022\/03\/LZS-Revi\u0304zijas-Komisijas-Zin\u0327ojums_2021.pdf\">(zi\u0146ojumu skat\u012bt \u0161eit)<\/a>.<\/p>\n<p><a href=\"https:\/\/www.sailinglatvia.lv\/wp-content\/uploads\/2021\/03\/LZS-2021.-gada-budz\u030cets.pdf\">LZS 2021. gada budz\u030cets<\/a><\/p>\n<p>Sporta skolu kontrolnormat\u012bvi bur\u0101\u0161an\u0101 (sp\u0113k\u0101 no 22.05.2021)\u00a0<a href=\"http:\/\/sailinglatvia.lv\/wp-content\/uploads\/2018\/08\/Kontrolnormat\u012bviBur\u0101\u0161ana.pdf\" download=\"\"><img decoding=\"async\" src=\"https:\/\/www.sailinglatvia.lv\/wp-content\/uploads\/2018\/09\/icon_pdf.jpg\" alt=\"\" \/>\u00a0\u00a0<\/a><a href=\"https:\/\/www.sailinglatvia.lv\/wp-content\/uploads\/2021\/05\/2021-VFS-normativi-burasana-2.pdf\">Kontrolnormat\u012bvi bur\u0101\u0161an\u0101 2021<\/a><\/p>\n<h1>2020<\/h1>\n<p><a href=\"https:\/\/www.sailinglatvia.lv\/wp-content\/uploads\/2021\/03\/LZS-Rev\u012bzijas-Komisijas-Zi\u0146ojums_2020.docx\">LZS Rev\u012bzijas Komisijas Zi\u0146ojums_2020<\/a><\/p>\n<p>2020.gada p\u0101rskats:\u00a0<a href=\"https:\/\/www.sailinglatvia.lv\/wp-content\/uploads\/2021\/03\/LZS_GP_2020-FINAL.pdf\">LZS_GP_2020-FINAL<\/a><\/p>\n<p>LZS 2020.g. bud\u017eets:\u00a0<a href=\"https:\/\/www.sailinglatvia.lv\/wp-content\/uploads\/2020\/09\/LZS-budz\u030cets-2020-v.2_apstiprinats.pdf\">LZS budz\u030cets 2020 v.2_apstiprinats<\/a><\/p>\n<p>LZS Strat\u0113\u0123iskais att\u012bst\u012bbas pl\u0101ns &#8220;V\u012bzija 2020&#8221;\u00a0<a href=\"http:\/\/sailinglatvia.lv\/wp-content\/uploads\/2018\/08\/LZS-Strat\u0113\u0123iskais-att\u012bst\u012bbas-pl\u0101ns-V\u012bzija-2020-1.pdf\" download=\"\"><img decoding=\"async\" src=\"https:\/\/www.sailinglatvia.lv\/wp-content\/uploads\/2018\/09\/icon_pdf.jpg\" alt=\"\" \/><\/a><a href=\"https:\/\/www.sailinglatvia.lv\/wp-content\/uploads\/2019\/01\/LZS-Strat\u0113\u0123iskais-att\u012bst\u012bbas-pl\u0101ns-V\u012bzija-2020.pdf\" target=\"_blank\" rel=\"noopener\">LZS Strat\u0113\u0123iskais att\u012bst\u012bbas pl\u0101ns V\u012bzija 2020<\/a><\/p>\n<h1>2019<\/h1>\n<p><a href=\"https:\/\/www.sailinglatvia.lv\/wp-content\/uploads\/2020\/03\/LZS-Rev\u012bzijas-Komisijas-Zi\u0146ojums_2019.pdf\">LZS Rev\u012bzijas Komisijas Zi\u0146ojums_2019<\/a><\/p>\n<p>2019.gada p\u0101rskats:\u00a0<a href=\"https:\/\/www.sailinglatvia.lv\/wp-content\/uploads\/2020\/03\/GP_LZS_2019_Biedriba.pdf\">GP_LZS_2019_Biedriba<\/a><\/p>\n<h1>2018<\/h1>\n<p><a href=\"https:\/\/www.sailinglatvia.lv\/wp-content\/uploads\/2019\/07\/LZS-Rev\u012bzijas-Komisijas-Zi\u0146ojums_2018.pdf\">LZS Rev\u012bzijas Komisijas Zi\u0146ojums_2018<\/a><\/p>\n<p>2018. gada bud\u017eets\u00a0\u00a0<a href=\"http:\/\/sailinglatvia.lv\/wp-content\/uploads\/2018\/08\/Budzets2018.pdf\" download=\"\"><img decoding=\"async\" src=\"http:\/\/temp.sailinglatvia.lv\/wp-content\/uploads\/2018\/09\/icon_pdf.jpg\" alt=\"\" \/><\/a><a href=\"https:\/\/www.sailinglatvia.lv\/wp-content\/uploads\/2019\/01\/Budzets2018.pdf\" target=\"_blank\" rel=\"noopener\">Budzets2018<\/a><a href=\"http:\/\/sailinglatvia.lv\/wp-content\/uploads\/2018\/08\/Budzets2018.pdf\" download=\"\">\u00a0<\/a><\/p>\n<h1>2017<\/h1>\n<p>2017. gada p\u0101rskats\u00a0<a href=\"http:\/\/sailinglatvia.lv\/wp-content\/uploads\/2018\/08\/GP_LZS_2017_Biedriba.pdf\" download=\"\"><img decoding=\"async\" src=\"http:\/\/temp.sailinglatvia.lv\/wp-content\/uploads\/2018\/09\/icon_pdf.jpg\" alt=\"\" \/>\u00a0<\/a><a href=\"https:\/\/www.sailinglatvia.lv\/wp-content\/uploads\/2019\/01\/GP_LZS_2017_Biedriba.pdf\" target=\"_blank\" rel=\"noopener\">GP_LZS_2017_Biedriba<\/a><\/p>\n<p>2017. gada bud\u017eets\u00a0<a href=\"http:\/\/sailinglatvia.lv\/wp-content\/uploads\/2018\/08\/Bud\u017eets-2017.pdf\"><img decoding=\"async\" src=\"https:\/\/www.sailinglatvia.lv\/wp-content\/uploads\/2018\/09\/icon_pdf.jpg\" \/>\u00a0<\/a><a href=\"https:\/\/www.sailinglatvia.lv\/wp-content\/uploads\/2019\/01\/Bud\u017eets-2017.pdf\" target=\"_blank\" rel=\"noopener\">Bud\u017eets 2017<\/a><\/p>\n<h1>2016<\/h1>\n<p>2016. gada bud\u017eets\u00a0<a href=\"http:\/\/sailinglatvia.lv\/wp-content\/uploads\/2018\/08\/Budzets16.pdf\"><img decoding=\"async\" src=\"https:\/\/www.sailinglatvia.lv\/wp-content\/uploads\/2018\/09\/icon_pdf.jpg\" \/>\u00a0<\/a><a href=\"https:\/\/www.sailinglatvia.lv\/wp-content\/uploads\/2019\/01\/Budzets16.pdf\">Budzets16<\/a><\/p>\n<h1>2015<\/h1>\n<p>2015. gada p\u0101rskats\u00a0<a href=\"http:\/\/sailinglatvia.lv\/wp-content\/uploads\/2018\/08\/GP2015LZS.pdf\"><img decoding=\"async\" src=\"https:\/\/www.sailinglatvia.lv\/wp-content\/uploads\/2018\/09\/icon_pdf.jpg\" \/><\/a><a href=\"https:\/\/www.sailinglatvia.lv\/wp-content\/uploads\/2019\/01\/GP2015LZS-1.pdf\" target=\"_blank\" rel=\"noopener\">GP2015LZS<\/a><\/p>\n","protected":false},"excerpt":{"rendered":"<p>2025 2025. gada bud\u017eetu skat\u012bt \u0161eit. 2025. gada vad\u012bbas zi\u0146ojumu par 2024. gadu skat\u012bt \u0161eit. 2025. gada Rev\u012bzijas komisijas zi\u0146ojumu par 2024. gadu skat\u012bt \u0161eit. 2024 2024. gada bud\u017eets skat\u012bt \u0161eit. 2024. gada valsts bud\u017eeta l\u012bdzek\u013cu izlietojums skat\u012bt \u0161eit. 2024. &hellip; <a href=\"https:\/\/www.sailinglatvia.lv\/index.php\/finanses\/\">Continued<\/a><\/p>\n","protected":false},"author":5,"featured_media":0,"parent":0,"menu_order":0,"comment_status":"closed","ping_status":"closed","template":"","meta":{"kt_blocks_editor_width":"","footnotes":""},"class_list":["post-6264","page","type-page","status-publish","hentry"],"_links":{"self":[{"href":"https:\/\/www.sailinglatvia.lv\/index.php\/wp-json\/wp\/v2\/pages\/6264","targetHints":{"allow":["GET"]}}],"collection":[{"href":"https:\/\/www.sailinglatvia.lv\/index.php\/wp-json\/wp\/v2\/pages"}],"about":[{"href":"https:\/\/www.sailinglatvia.lv\/index.php\/wp-json\/wp\/v2\/types\/page"}],"author":[{"embeddable":true,"href":"https:\/\/www.sailinglatvia.lv\/index.php\/wp-json\/wp\/v2\/users\/5"}],"replies":[{"embeddable":true,"href":"https:\/\/www.sailinglatvia.lv\/index.php\/wp-json\/wp\/v2\/comments?post=6264"}],"version-history":[{"count":16,"href":"https:\/\/www.sailinglatvia.lv\/index.php\/wp-json\/wp\/v2\/pages\/6264\/revisions"}],"predecessor-version":[{"id":18322,"href":"https:\/\/www.sailinglatvia.lv\/index.php\/wp-json\/wp\/v2\/pages\/6264\/revisions\/18322"}],"wp:attachment":[{"href":"https:\/\/www.sailinglatvia.lv\/index.php\/wp-json\/wp\/v2\/media?parent=6264"}],"curies":[{"name":"wp","href":"https:\/\/api.w.org\/{rel}","templated":true}]}}