{"id":6260,"date":"2022-02-01T21:37:12","date_gmt":"2022-02-01T19:37:12","guid":{"rendered":"http:\/\/www.sailinglatvia.lv\/?page_id=6260"},"modified":"2026-03-20T12:30:29","modified_gmt":"2026-03-20T10:30:29","slug":"sporta-komisija","status":"publish","type":"page","link":"https:\/\/www.sailinglatvia.lv\/index.php\/sporta-komisija\/","title":{"rendered":"Sporta komisija"},"content":{"rendered":"<p>Sporta komisijas sast\u0101vs:<\/p>\n<p style=\"text-align: center;\">Komisijas vad\u012bt\u0101ja &#8211; LBS valdes locekle L. Me\u0146\u0123elsone\u00a0<\/p>\n<p style=\"text-align: center;\">Komisijas vad\u012bt\u0101jas vietnieks &#8211; LBS valdes loceklis K.Mo\u010d\u0101ns<\/p>\n<p style=\"text-align: center;\">ILCA p\u0101rst\u0101vis &#8211; R. Vaivods<\/p>\n<p style=\"text-align: center;\">Techno 293 p\u0101rst\u0101vis &#8211; M. Birzulis<\/p>\n<p style=\"text-align: center;\">IQFoil p\u0101rst\u0101vis &#8211; J.Preiss<\/p>\n<p style=\"text-align: center;\">LOV sportists vai vi\u0146u deli\u0123\u0113tais p\u0101rst\u0101vis &#8211; D.Mazais<\/p>\n<p>Sp\u0113k\u0101 eso\u0161s sporta komisijas nolikums:\u00a0<\/p>\n\n\n<div data-wp-interactive=\"core\/file\" class=\"wp-block-file\"><object data-wp-bind--hidden=\"!state.hasPdfPreview\" hidden class=\"wp-block-file__embed\" data=\"https:\/\/www.sailinglatvia.lv\/wp-content\/uploads\/2024\/06\/Sporta_komisijas_nolikums-Google-Docs.pdf\" type=\"application\/pdf\" style=\"width:100%;height:600px\" aria-label=\"Iegult Embed of Sporta_komisijas_nolikums-Google-Docs..\"><\/object><a id=\"wp-block-file--media-a0c56fcc-67c4-4950-805e-8dc777a96437\" href=\"https:\/\/www.sailinglatvia.lv\/wp-content\/uploads\/2024\/06\/Sporta_komisijas_nolikums-Google-Docs.pdf\">Sporta_komisijas_nolikums-Google-Docs<\/a><a href=\"https:\/\/www.sailinglatvia.lv\/wp-content\/uploads\/2024\/06\/Sporta_komisijas_nolikums-Google-Docs.pdf\" class=\"wp-block-file__button\" download aria-describedby=\"wp-block-file--media-a0c56fcc-67c4-4950-805e-8dc777a96437\">Download<\/a><\/div>\n\n\n\n<p><\/p>\n","protected":false},"excerpt":{"rendered":"<p>Sporta komisijas sast\u0101vs: Komisijas vad\u012bt\u0101ja &#8211; LBS valdes locekle L. Me\u0146\u0123elsone\u00a0 Komisijas vad\u012bt\u0101jas vietnieks &#8211; LBS valdes loceklis K.Mo\u010d\u0101ns ILCA p\u0101rst\u0101vis &#8211; R. Vaivods Techno 293 p\u0101rst\u0101vis &#8211; M. Birzulis IQFoil p\u0101rst\u0101vis &#8211; J.Preiss LOV sportists vai vi\u0146u deli\u0123\u0113tais p\u0101rst\u0101vis &hellip; <a href=\"https:\/\/www.sailinglatvia.lv\/index.php\/sporta-komisija\/\">Continued<\/a><\/p>\n","protected":false},"author":5,"featured_media":0,"parent":0,"menu_order":0,"comment_status":"closed","ping_status":"closed","template":"","meta":{"kt_blocks_editor_width":"","footnotes":""},"class_list":["post-6260","page","type-page","status-publish","hentry"],"_links":{"self":[{"href":"https:\/\/www.sailinglatvia.lv\/index.php\/wp-json\/wp\/v2\/pages\/6260","targetHints":{"allow":["GET"]}}],"collection":[{"href":"https:\/\/www.sailinglatvia.lv\/index.php\/wp-json\/wp\/v2\/pages"}],"about":[{"href":"https:\/\/www.sailinglatvia.lv\/index.php\/wp-json\/wp\/v2\/types\/page"}],"author":[{"embeddable":true,"href":"https:\/\/www.sailinglatvia.lv\/index.php\/wp-json\/wp\/v2\/users\/5"}],"replies":[{"embeddable":true,"href":"https:\/\/www.sailinglatvia.lv\/index.php\/wp-json\/wp\/v2\/comments?post=6260"}],"version-history":[{"count":11,"href":"https:\/\/www.sailinglatvia.lv\/index.php\/wp-json\/wp\/v2\/pages\/6260\/revisions"}],"predecessor-version":[{"id":19450,"href":"https:\/\/www.sailinglatvia.lv\/index.php\/wp-json\/wp\/v2\/pages\/6260\/revisions\/19450"}],"wp:attachment":[{"href":"https:\/\/www.sailinglatvia.lv\/index.php\/wp-json\/wp\/v2\/media?parent=6260"}],"curies":[{"name":"wp","href":"https:\/\/api.w.org\/{rel}","templated":true}]}}