{"id":6029,"date":"2021-11-30T12:35:26","date_gmt":"2021-11-30T10:35:26","guid":{"rendered":"http:\/\/www.sailinglatvia.lv\/?page_id=6029"},"modified":"2025-01-23T17:20:17","modified_gmt":"2025-01-23T15:20:17","slug":"antidopings","status":"publish","type":"page","link":"https:\/\/www.sailinglatvia.lv\/index.php\/antidopings\/","title":{"rendered":"Antidopings"},"content":{"rendered":"<p><a href=\"https:\/\/www.sailinglatvia.lv\/wp-content\/uploads\/2021\/11\/Screenshot-2021-11-30-at-12.34.18.png\"><img loading=\"lazy\" decoding=\"async\" class=\"wp-image-6034 size-medium alignright\" src=\"https:\/\/www.sailinglatvia.lv\/wp-content\/uploads\/2021\/11\/Screenshot-2021-11-30-at-12.34.18-293x300.png\" alt=\"\" width=\"293\" height=\"300\" srcset=\"https:\/\/www.sailinglatvia.lv\/wp-content\/uploads\/2021\/11\/Screenshot-2021-11-30-at-12.34.18-293x300.png 293w, https:\/\/www.sailinglatvia.lv\/wp-content\/uploads\/2021\/11\/Screenshot-2021-11-30-at-12.34.18.png 469w\" sizes=\"auto, (max-width: 293px) 100vw, 293px\" \/><\/a>Aicin\u0101m zem\u0101k skat\u012bt dokumentus, kas b\u016bs saisto\u0161i\u00a0<a title=\"Sporta likums, 10.pants. Sporta organiz\u0101cijas\" href=\"https:\/\/likumi.lv\/ta\/id\/68294-sporta-likums\" target=\"_blank\" rel=\"noopener\" data-external-link=\"FALSE\">sporta organiz\u0101cij\u0101m<\/a>\u00a0iesaistoties god\u012bg\u0101 un paties\u0101\u00a0sporta veicin\u0101\u0161an\u0101.<\/p>\n<p>Latvijas Antidopinga birojs ir sagatavojis<strong> inform\u0101cijas apkopojumu <\/strong>sporta feder\u0101cij\u0101m par b\u016btisk\u0101ko inform\u0101ciju saist\u012bb\u0101 ar antidopinga jaut\u0101jumiem. <a href=\"https:\/\/www.sailinglatvia.lv\/wp-content\/uploads\/2025\/01\/Informacijas-apkopojums-federaciju-majas-lapai_.pdf\">Skat\u012bt \u0161eit<\/a><\/p>\n<p><strong>Ieteikumi sporta organiz\u0101cij\u0101m<\/strong> ir v\u0113rsti uz dopinga\/sport\u0101 aizliegto vielu lieto\u0161anas gad\u012bjumu, k\u0101 ar\u012b sportistu un sporta darbinieku antidopinga noteikumu p\u0101rk\u0101pumu skaita mazin\u0101\u0161anu. Ieteikumu pielieto\u0161ana praks\u0113 \u013cauj izvair\u012bties no nejau\u0161iem antidopinga p\u0101rk\u0101pumiem, palielinot sporta organiz\u0101ciju efektivit\u0101ti, iesaistoties procesa realiz\u0101cij\u0101.\u00a0<a href=\"https:\/\/www.sailinglatvia.lv\/wp-content\/uploads\/2021\/11\/ieteikumi-sporta-organizacijam-efektivai-iesaistei-antidopinga-profilakse.pdf\">Skat\u012bt \u0161eit.<\/a><\/p>\n<p><strong>Aktu\u0101lie informat\u012bvie materi\u0101li par antidopinga jaut\u0101jumiem\u00a0<\/strong><a href=\"https:\/\/www.antidopings.gov.lv\/lv\/informativs-materials\">https:\/\/www.antidopings.gov.lv\/lv\/informativs-materials<\/a><\/p>\n<p>Normat\u012bvie akti un starptautiskie dokumenti\u00a0 ir pieejami Pasaules Antidopinga a\u0123ent\u016bras (<em>World Anti-Doping Agency &#8211; WADA<\/em>) m\u0101jaslap\u0101 <a href=\"http:\/\/www.wada-ama.org\">www.wada-ama.org<\/a> , savuk\u0101rt tulkojumus latviski pieejams Latvijas Antidopinga biroja m\u0101jaslap\u0101 <a href=\"https:\/\/antidopings.gov.lv\/antidopings\/normativie-akti-un-starptautiskie-dokumenti\">https:\/\/antidopings.gov.lv\/antidopings\/normativie-akti-un-starptautiskie-dokumenti<\/a><\/p>\n<p><strong>Sa\u0146emot pagaidu aizliegumu vai diskvalifik\u0101ciju par antidopinga noteikumu p\u0101rk\u0101pumu<\/strong>, Pasaules Antidopinga kodekss paredz virkni aizliegumus. Iepaz\u012bsties, ar piem\u0113riem darb\u012bb\u0101m, kuras ir aizliegtas diskvalifik\u0101cijas laik\u0101 <a href=\"https:\/\/www.sailinglatvia.lv\/wp-content\/uploads\/2025\/01\/aizliegumi-diskvalifikacijas-laika_v02.pdf\">Skat\u012bt \u0161eit<\/a><\/p>\n<p>Pirms uzs\u0101c sadarb\u012bbu sporta jom\u0101, iepaz\u012bsties, <strong>ko noz\u012bm\u0113 aizliegt\u0101 biedro\u0161an\u0101s un k\u0101das sekas pien\u0101kas to neiev\u0113rojot<\/strong>.\u00a0<a href=\"https:\/\/www.sailinglatvia.lv\/wp-content\/uploads\/2021\/11\/aizliegta-biedrosanas_0.pdf\">Skat\u012bt \u0161eit. <\/a><\/p>\n<p>Visiem interesentiem pieejama\u00a0<strong>e-m\u0101c\u012bbu programma ADEL<\/strong> (Anti-Doping Education and Learnig) vietn\u0113: <a href=\"https:\/\/adel.wada-ama.org\">https:\/\/adel.wada-ama.org<\/a>.<\/p>\n<p>Bie\u017e\u0101k uzdotie jaut\u0101jumi par antidopingu <a href=\"https:\/\/www.sailinglatvia.lv\/wp-content\/uploads\/2021\/11\/biezak-uzdotie-jautajumi_2021_0.pdf\">\u0161eit.<\/a><\/p>\n<p>Ce\u013cvedis vec\u0101kiem un treneriem, lai veicin\u0101tu patiesu sportu <a href=\"https:\/\/www.antidopings.gov.lv\/lv\/patiess-sports\">https:\/\/www.antidopings.gov.lv\/lv\/patiess-sports<\/a><\/p>\n<p>Sporta likums:\u00a0<a href=\"https:\/\/likumi.lv\/ta\/id\/68294-sporta-likums\">https:\/\/likumi.lv\/ta\/id\/68294-sporta-likums<\/a><\/p>\n<p>Vair\u0101k inform\u0101cija:\u00a0<a href=\"https:\/\/www.antidopings.gov.lv\/lv\/noderigi-sporta-organizacijam\">https:\/\/www.antidopings.gov.lv\/lv\/noderigi-sporta-organizacijam<\/a><\/p>\n<p><strong>Inform\u0101cija par antidopinga pas\u0101kumiem:<\/strong><\/p>\n<ul>\n<li><strong>Iest\u0101des kontakti un epasts:<\/strong>\u00a0t\u0101lr.: +371 27839800, e-pasts:\u00a0<a href=\"mailto:antidopings@antidopings.gov.lv\">antidopings@antidopings.gov.lv<\/a><\/li>\n<li><strong>Latvijas Antidopinga biroja direktors<\/strong>: <a href=\"mailto:martins.dimants@antidopings.gov.lv\">martins.dimants@antidopings.gov.lv<\/a><\/li>\n<li><strong>Darbinieku kontakti:<\/strong> https:\/\/www.antidopings.gov.lv\/lv\/darbinieki<\/li>\n<li><strong>Steidzamos gad\u012bjumos par ADAMS jaut\u0101jumiem var rakst\u012bt uz<\/strong>: <a href=\"mailto:ADAMS@antidopings.gov.lv\">ADAMS@antidopings.gov.lv<\/a>(\u0161\u012b ies\u016btne tiks periodiski p\u0101rbaud\u012bta Ziemassv\u0113tku laik\u0101)<\/li>\n<\/ul>\n<p>Apel\u0101cijas atbilst\u012bgi BSN 70. punktam un BSN pielikumam R iesniedzamas LBS, nos\u016btot druk\u0101tus dokumentus uz LBS juridisko adresi. Elektroniskie dokumenti nos\u016bt\u0101mi uz LBS kontaktinform\u0101cijas e-pastu: <a href=\"info@sailinglatvia.lv\">info@sailinglatvia.lv<\/a><\/p>\n<p>&#8212;&#8212;&#8212;&#8212;&#8212;&#8212;&#8212;&#8212;&#8212;&#8212;&#8212;&#8212;&#8212;&#8212;&#8212;&#8212;&#8212;&#8212;&#8211;<\/p>\n<p>Latvijas Antidopinga birojs atg\u0101dina par <strong>MILDRON\u0100TA<\/strong> aizliegtu statusu sport\u0101.<\/p>\n<ul>\n<li><strong>Meldonium <\/strong><strong>(<\/strong><strong>Mildron\u0101ts\u00ae, Mildronate\u00ae, Meldonium Olainfarm\u00ae, Trizipin\u00ae, Vazonat\u00ae\u00a0u.c.)\u00a0<\/strong><strong>ir iek\u013cauts Aizliegto vielu un meto\u017eu saraksta S4. klas\u0113 \u2013 hormonu un vielmai\u0146as modulatori.<\/strong><\/li>\n<li><strong>Aizliegums skar jebkuras devas iepakojumu, <a href=\"http:\/\/t.sk\/\">t.sk<\/a>. 250 mg cietas kapsulas medikamentu.<\/strong><\/li>\n<li><strong>Ja sportistam ir nepiecie\u0161ams lietot<\/strong>, k\u0101du sport\u0101 aizliegto vielu, kas iek\u013cauta Aizliegto vielu un meto\u017eu sarakst\u0101 tad, sportistam laic\u012bgi nepiecie\u0161ams pieteikties\u00a0<strong><a href=\"https:\/\/www.antidopings.gov.lv\/lv\/terapeitiskas-lietosanas-atlaujas-0\">Terapeitisk\u0101s lieto\u0161anas at\u013caujai\u00a0(TLA)<\/a><\/strong><\/li>\n<\/ul>\n<p><strong>V\u0113r\u0161am uzman\u012bbu, <\/strong>ka Latvijas Antidopinga biroja m\u0101jaslap\u0101 j\u016bs varat atrast public\u0113to rakstu par to &#8211; <a href=\"https:\/\/www.antidopings.gov.lv\/lv\/jaunums\/uzmanibu-mildronats-un-sports\"><strong>Uzman\u012bbu, mildron\u0101ts un sports!<\/strong><\/a>\u00a0(<a href=\"https:\/\/www.antidopings.gov.lv\/lv\/jaunums\/uzmanibu-mildronats-un-sports\">https:\/\/www.antidopings.gov.lv\/lv\/jaunums\/uzmanibu-mildronats-un-sports<\/a>)<\/p>\n","protected":false},"excerpt":{"rendered":"<p>Aicin\u0101m zem\u0101k skat\u012bt dokumentus, kas b\u016bs saisto\u0161i\u00a0sporta organiz\u0101cij\u0101m\u00a0iesaistoties god\u012bg\u0101 un paties\u0101\u00a0sporta veicin\u0101\u0161an\u0101. Latvijas Antidopinga birojs ir sagatavojis inform\u0101cijas apkopojumu sporta feder\u0101cij\u0101m par b\u016btisk\u0101ko inform\u0101ciju saist\u012bb\u0101 ar antidopinga jaut\u0101jumiem. Skat\u012bt \u0161eit Ieteikumi sporta organiz\u0101cij\u0101m ir v\u0113rsti uz dopinga\/sport\u0101 aizliegto vielu lieto\u0161anas &hellip; <a href=\"https:\/\/www.sailinglatvia.lv\/index.php\/antidopings\/\">Continued<\/a><\/p>\n","protected":false},"author":1,"featured_media":0,"parent":0,"menu_order":0,"comment_status":"closed","ping_status":"closed","template":"","meta":{"kt_blocks_editor_width":"","footnotes":""},"class_list":["post-6029","page","type-page","status-publish","hentry"],"_links":{"self":[{"href":"https:\/\/www.sailinglatvia.lv\/index.php\/wp-json\/wp\/v2\/pages\/6029","targetHints":{"allow":["GET"]}}],"collection":[{"href":"https:\/\/www.sailinglatvia.lv\/index.php\/wp-json\/wp\/v2\/pages"}],"about":[{"href":"https:\/\/www.sailinglatvia.lv\/index.php\/wp-json\/wp\/v2\/types\/page"}],"author":[{"embeddable":true,"href":"https:\/\/www.sailinglatvia.lv\/index.php\/wp-json\/wp\/v2\/users\/1"}],"replies":[{"embeddable":true,"href":"https:\/\/www.sailinglatvia.lv\/index.php\/wp-json\/wp\/v2\/comments?post=6029"}],"version-history":[{"count":13,"href":"https:\/\/www.sailinglatvia.lv\/index.php\/wp-json\/wp\/v2\/pages\/6029\/revisions"}],"predecessor-version":[{"id":16396,"href":"https:\/\/www.sailinglatvia.lv\/index.php\/wp-json\/wp\/v2\/pages\/6029\/revisions\/16396"}],"wp:attachment":[{"href":"https:\/\/www.sailinglatvia.lv\/index.php\/wp-json\/wp\/v2\/media?parent=6029"}],"curies":[{"name":"wp","href":"https:\/\/api.w.org\/{rel}","templated":true}]}}