{"id":4321,"date":"2021-02-23T14:49:18","date_gmt":"2021-02-23T12:49:18","guid":{"rendered":"http:\/\/www.sailinglatvia.lv\/?page_id=4321"},"modified":"2026-04-29T09:04:26","modified_gmt":"2026-04-29T07:04:26","slug":"latvijas-izlase","status":"publish","type":"page","link":"https:\/\/www.sailinglatvia.lv\/index.php\/latvijas-izlase\/","title":{"rendered":"Latvijas izlase"},"content":{"rendered":"<h4><b>Latvijas Olimpisk\u0101s vien\u012bbas sast\u0101vs:<\/b><\/h4>\n<ol>\n<li>D\u0101vis Mazais<\/li>\n<\/ol>\n<h4><strong>Latvijas Optimist klases izlase 2026. gad\u0101<\/strong><\/h4>\n<p>J\u0101nis Verners, Nikola Kamergrauze, Otto Vilnis Renesl\u0101cis, \u010conis L\u0101cis, Almands V\u0113z\u012btis, M\u0113tra Timrota, Am\u0113lija Ap\u0161\u0101ne, Gustavs \u0160v\u0113denbergs, Margarita Da\u0146evska, Em\u012bls Ap\u0161\u0101ns, Paula Aile<\/p>\n<h4><strong>Latvijas vinds\u0113rfinga izlase Techno293 klas\u0113 2026. gad\u0101<\/strong><\/h4>\n<p><strong>U13 grupa <\/strong>Olafs Logins, Em\u012bls Paikens, Hanna Jirgena<br \/><strong>U15 grupa <\/strong>Telma Dzirkale, Enija Jirgena,\u00a0Astra Krasti\u0146a,\u00a0 Art\u016brs Zubrickis, R\u016bdolfs Razna\u010ds, Ren\u0101rs Paikens<br \/><strong>U17 grupa <\/strong>Marta Ieva D\u0101le, Estere Viln\u012bte, Samanta Bula, Paula Fogelmane, R\u016bdolfs Putnis, Viljams Preiss, Roberts Melb\u0101rdis, Henrijs Vilsons<\/p>\n<h4><strong>Latvijas vinds\u0113rfinga izlase\u00a0 IQFoil klas\u0113 2026. gad\u0101<\/strong><\/h4>\n<p><strong>U17 grupa<\/strong> Marta Ieva D\u0101le, Estere Viln\u012bte, Paula Rence, Viljams Preiss, Kristers Krauklis, R\u016bdolfs Putnis, Henrijs Vilsons<br \/><strong>U19 grupa<\/strong> D\u0101vis \u0160kut\u0101ns, Arvils Spig\u0113ns, Gustavs Me\u0146\u0123elsons, Viljams Preiss<br \/><strong>U23 grupa <\/strong>L\u012bva \u0160kut\u0101ne, D\u0101vis Mazais, Gustavs Fe\u0146uks, K\u0101rlis Me\u0146\u0123elsons, Eduards Niedra, D\u0101vis \u0160kut\u0101ns<br \/><strong>Pieaugu\u0161ie <\/strong>D\u0101vis Mazais\u00a0<\/p>\n<h4><strong>Latvijas ILCA klases izlase 2026. gad\u0101<\/strong><\/h4>\n<p><strong>ILCA4<\/strong> Ansis \u010codars, Nikita \u010c\u0101mans, Elizabete Libkena, Alise Ance Rupenheite\u00a0<br \/><strong>ILCA6<\/strong> J\u0113kabs \u010codars, R\u016bdolfs \u010cudars, Karl\u012bna Vaivode, \u0160\u0101rona Al\u012bda Caune<br \/><strong>ILCA7<\/strong> K\u0101rlis Junkers\u00a0<\/p>\n<h4><strong>Latvijas ILCA klases izlases kandid\u0101ti 2026. gad\u0101<\/strong><\/h4>\n<p>ILCA4 Artis Kristers Graudums, Gustavs Plato, Justins Matvejevs, Nikl\u0101vs Kulbergs, Anna Rami\u0146a<br \/>ILCA6 Henrijs Hugo Mo\u010d\u0101ns, Miks Manfreds Bu\u0161s ,Marta L\u012bva Rupenheite, Elza Marija Ciema<br \/>ILCA7 Ivo Ailis, Agris Evaldsons<\/p>\n\n\n<p><\/p>\n\n\n\n<p><\/p>\n","protected":false},"excerpt":{"rendered":"<p>Latvijas Olimpisk\u0101s vien\u012bbas sast\u0101vs: D\u0101vis Mazais Latvijas Optimist klases izlase 2026. gad\u0101 J\u0101nis Verners, Nikola Kamergrauze, Otto Vilnis Renesl\u0101cis, \u010conis L\u0101cis, Almands V\u0113z\u012btis, M\u0113tra Timrota, Am\u0113lija Ap\u0161\u0101ne, Gustavs \u0160v\u0113denbergs, Margarita Da\u0146evska, Em\u012bls Ap\u0161\u0101ns, Paula Aile Latvijas vinds\u0113rfinga izlase Techno293 klas\u0113 &hellip; <a href=\"https:\/\/www.sailinglatvia.lv\/index.php\/latvijas-izlase\/\">Continued<\/a><\/p>\n","protected":false},"author":3,"featured_media":0,"parent":0,"menu_order":0,"comment_status":"closed","ping_status":"closed","template":"","meta":{"kt_blocks_editor_width":"","footnotes":""},"class_list":["post-4321","page","type-page","status-publish","hentry"],"_links":{"self":[{"href":"https:\/\/www.sailinglatvia.lv\/index.php\/wp-json\/wp\/v2\/pages\/4321","targetHints":{"allow":["GET"]}}],"collection":[{"href":"https:\/\/www.sailinglatvia.lv\/index.php\/wp-json\/wp\/v2\/pages"}],"about":[{"href":"https:\/\/www.sailinglatvia.lv\/index.php\/wp-json\/wp\/v2\/types\/page"}],"author":[{"embeddable":true,"href":"https:\/\/www.sailinglatvia.lv\/index.php\/wp-json\/wp\/v2\/users\/3"}],"replies":[{"embeddable":true,"href":"https:\/\/www.sailinglatvia.lv\/index.php\/wp-json\/wp\/v2\/comments?post=4321"}],"version-history":[{"count":42,"href":"https:\/\/www.sailinglatvia.lv\/index.php\/wp-json\/wp\/v2\/pages\/4321\/revisions"}],"predecessor-version":[{"id":19663,"href":"https:\/\/www.sailinglatvia.lv\/index.php\/wp-json\/wp\/v2\/pages\/4321\/revisions\/19663"}],"wp:attachment":[{"href":"https:\/\/www.sailinglatvia.lv\/index.php\/wp-json\/wp\/v2\/media?parent=4321"}],"curies":[{"name":"wp","href":"https:\/\/api.w.org\/{rel}","templated":true}]}}