{"id":385,"date":"2018-08-17T16:14:14","date_gmt":"2018-08-17T14:14:14","guid":{"rendered":"http:\/\/temp.sailinglatvia.lv\/?page_id=385"},"modified":"2026-03-20T13:23:25","modified_gmt":"2026-03-20T11:23:25","slug":"lzs-vadiba","status":"publish","type":"page","link":"https:\/\/www.sailinglatvia.lv\/index.php\/lzs-vadiba\/","title":{"rendered":"Vad\u012bba"},"content":{"rendered":"<p>Latvijas Bur\u0101\u0161anas savien\u012bbas augst\u0101k\u0101 l\u0113m\u0113jinstit\u016bcija ir Latvijas Bur\u0101\u0161anas savien\u012bbas biedru pilnsapulce, un t\u0101 tiek sasaukta ne ret\u0101k k\u0101 vienu reizi gad\u0101. Savuk\u0101rt Latvijas Bur\u0101\u0161anas savien\u012bbas izpildinstit\u016bcija ir valde, kas sast\u0101v no valdes priek\u0161s\u0113d\u0113t\u0101ja, un 4 valdes locek\u013ciem. Valdes priek\u0161s\u0113d\u0113t\u0101js ir LBS prezidents. Valdes priek\u0161s\u0113d\u0113t\u0101ja promb\u016btnes laik\u0101 vi\u0146a pien\u0101kumus veic valdes priek\u0161s\u0113d\u0113t\u0101ja vietnieks. Valdes s\u0113des var tikt sasauktas p\u0113c nepiecie\u0161am\u012bbas.<\/p>\n<p>LBS Valdes Reglaments: <a href=\"https:\/\/www.sailinglatvia.lv\/wp-content\/uploads\/2024\/03\/LZS_valdes_reglaments_10032024.pdf\">skat\u012bt \u0161eit<\/a><\/p>\n<p>Latvijas Bur\u0101\u0161anas savien\u012bbas Valdes locek\u013ci:<\/p>\n<table style=\"height: 269px;\" border=\"1\" width=\"455\">\n<tbody>\n<tr>\n<td style=\"text-align: center;\">Prezidents<\/td>\n<td style=\"text-align: center;\">Kaspars Ro\u017ekalns<\/td>\n<td style=\"text-align: center;\">kaspars.rozkalns@sailinglatvia.lv<br \/>t. 27708831<\/td>\n<\/tr>\n<tr>\n<td style=\"text-align: center;\">Viceprezidents<\/td>\n<td>\n<p style=\"text-align: center;\">L\u012bga Me\u0146\u0123elsone<\/p>\n<\/td>\n<td style=\"text-align: center;\">liga.mengelsone@icloud.com<br \/>t. 29211801<\/td>\n<\/tr>\n<tr>\n<td style=\"text-align: center;\">Valdes loceklis<\/td>\n<td>\n<p style=\"text-align: center;\">Krist\u012bne Kanska<\/p>\n<\/td>\n<td style=\"text-align: center;\">kanska1409@gmail.com<br \/>t. 29247411<\/td>\n<\/tr>\n<tr>\n<td style=\"text-align: center;\">Valdes loceklis<\/td>\n<td style=\"text-align: center;\">\n<p style=\"text-align: center;\">Inga J\u0101kobsone<\/p>\n<\/td>\n<td style=\"text-align: center;\">inga.jakobsone@latnet.lv<br \/>t. 29421995<\/td>\n<\/tr>\n<tr>\n<td style=\"text-align: center;\">Valdes loceklis<\/td>\n<td style=\"text-align: center;\">Kristaps Mo\u010d\u0101ns<\/td>\n<td style=\"text-align: center;\">kristaps.mocans@gmail.com<br \/>t. 26562000<\/td>\n<\/tr>\n<tr>\n<td style=\"text-align: center;\">\u0122ener\u0101lsekret\u0101re<\/td>\n<td style=\"text-align: center;\">Dace Dumbere-Breg\u017ee<\/td>\n<td style=\"text-align: center;\">\n<p>info@sailinglatvia.lv <br \/>t. 26456113<\/p>\n<\/td>\n<\/tr>\n<\/tbody>\n<\/table>\n<p>Latvijas Bur\u0101\u0161anas savien\u012bbas valde iev\u0113l\u0113ta 2024. gada 10. mart\u0101 uz 4 gadiem.<\/p>\n<p>Saska\u0146\u0101 ar Latvijas Bur\u0101\u0161anas savien\u012bbas stat\u016btiem paraksta ties\u012bbas ir LBS prezidentam un valdes priek\u0161s\u0113d\u0113t\u0101ja vietniekam atsevi\u0161\u0137i un p\u0101r\u0113jiem valdes locek\u013ciem kop\u0101.<\/p>\n<p>Latvijas Bur\u0101\u0161anas savien\u012bbas Goda prezidents &#8211; M\u0101ris Gailis<\/p>\n\n\n<p><\/p>\n","protected":false},"excerpt":{"rendered":"<p>Latvijas Bur\u0101\u0161anas savien\u012bbas augst\u0101k\u0101 l\u0113m\u0113jinstit\u016bcija ir Latvijas Bur\u0101\u0161anas savien\u012bbas biedru pilnsapulce, un t\u0101 tiek sasaukta ne ret\u0101k k\u0101 vienu reizi gad\u0101. Savuk\u0101rt Latvijas Bur\u0101\u0161anas savien\u012bbas izpildinstit\u016bcija ir valde, kas sast\u0101v no valdes priek\u0161s\u0113d\u0113t\u0101ja, un 4 valdes locek\u013ciem. Valdes priek\u0161s\u0113d\u0113t\u0101js ir &hellip; <a href=\"https:\/\/www.sailinglatvia.lv\/index.php\/lzs-vadiba\/\">Continued<\/a><\/p>\n","protected":false},"author":1,"featured_media":0,"parent":0,"menu_order":0,"comment_status":"closed","ping_status":"closed","template":"","meta":{"kt_blocks_editor_width":"","footnotes":""},"class_list":["post-385","page","type-page","status-publish","hentry"],"_links":{"self":[{"href":"https:\/\/www.sailinglatvia.lv\/index.php\/wp-json\/wp\/v2\/pages\/385","targetHints":{"allow":["GET"]}}],"collection":[{"href":"https:\/\/www.sailinglatvia.lv\/index.php\/wp-json\/wp\/v2\/pages"}],"about":[{"href":"https:\/\/www.sailinglatvia.lv\/index.php\/wp-json\/wp\/v2\/types\/page"}],"author":[{"embeddable":true,"href":"https:\/\/www.sailinglatvia.lv\/index.php\/wp-json\/wp\/v2\/users\/1"}],"replies":[{"embeddable":true,"href":"https:\/\/www.sailinglatvia.lv\/index.php\/wp-json\/wp\/v2\/comments?post=385"}],"version-history":[{"count":54,"href":"https:\/\/www.sailinglatvia.lv\/index.php\/wp-json\/wp\/v2\/pages\/385\/revisions"}],"predecessor-version":[{"id":19452,"href":"https:\/\/www.sailinglatvia.lv\/index.php\/wp-json\/wp\/v2\/pages\/385\/revisions\/19452"}],"wp:attachment":[{"href":"https:\/\/www.sailinglatvia.lv\/index.php\/wp-json\/wp\/v2\/media?parent=385"}],"curies":[{"name":"wp","href":"https:\/\/api.w.org\/{rel}","templated":true}]}}