{"id":374,"date":"2018-08-17T15:46:41","date_gmt":"2018-08-17T13:46:41","guid":{"rendered":"http:\/\/temp.sailinglatvia.lv\/?page_id=374"},"modified":"2025-02-25T20:26:52","modified_gmt":"2025-02-25T18:26:52","slug":"daliborganizacijas","status":"publish","type":"page","link":"https:\/\/www.sailinglatvia.lv\/index.php\/daliborganizacijas\/","title":{"rendered":"Dal\u012bborganiz\u0101cijas"},"content":{"rendered":"\n\n<table width=\"500\">\n<tbody>\n<tr>\n<td width=\"35%\">\n<p><strong>Biedr\u012bbas nosaukums<\/strong><\/p>\n<\/td>\n<td width=\"25%\">\n<p><strong>Kontaktpersona<\/strong><\/p>\n<\/td>\n<td width=\"10%\">\n<p><strong>M\u0101jas lapa<\/strong><\/p>\n<\/td>\n<td width=\"30%\">\n<p><strong>Adrese<\/strong><\/p>\n<\/td>\n<\/tr>\n<tr>\n<td>\n<p>Jahtklubs &#8220;Engure&#8221;<br \/>40008122558<\/p>\n<\/td>\n<td>\n<p>\u0122irts Fi\u0161ers Blumbergs<br \/><a href=\"mailto:gikefabo@gmail.com\">gikefabo@gmail.com<\/a><br \/>+371 29153554<\/p>\n<\/td>\n<td>\n<p><a href=\"http:\/\/www.sailingengure.lv\">www.sailingengure.lv<\/a><\/p>\n<\/td>\n<td>\n<p>Graudu iela 9a, Engure, LV-3113<\/p>\n<\/td>\n<\/tr>\n<tr>\n<td>\n<p>Kuivi\u017eu jahtklubs<br \/>40008141065<\/p>\n<\/td>\n<td>\n<p>Kristaps Mo\u010d\u0101ns<br \/><a href=\"mailto:kristaps.mocans@gmail.com\">kristaps.mocans@gmail.com<\/a><br \/>+371 26562000<\/p>\n<\/td>\n<td>\n<p><a href=\"https:\/\/www.kapteinuosta.lv\/jahtklubs\">Kuivizujahtklubs<\/a><\/p>\n<\/td>\n<td>\n<p>P\u0113rnavas iela 49A, Salacgr\u012bva, LV-4033<\/p>\n<\/td>\n<\/tr>\n<tr>\n<td>\n<p>Latvijas Bur\u0101\u0161anas m\u0101c\u012bbu asoci\u0101cija<\/p>\n<p>Asoci\u0113tais biedrs<br \/>40008072115<\/p>\n<\/td>\n<td>\n<p>Ivo Ivanovs<br \/><a href=\"mailto:ugis.libietis@sta-latvia.lv\">valde@sta-latvia.lv<\/a><br \/>+371 29294044<\/p>\n<\/td>\n<td>\n<p><a href=\"http:\/\/www.sta-latvia.lv\">www.sta-latvia.lv<\/a><\/p>\n<\/td>\n<td>\n<p>Gan\u012bbu dambis 30 k-1, R\u012bga, LV-1045<\/p>\n<\/td>\n<\/tr>\n<tr>\n<td>\n<p>Latvijas Daudzkorpusu jahtu asoci\u0101cija<br \/>40008022627<\/p>\n<\/td>\n<td>\n<p>Uldis Kronbl\u016bms<br \/><a href=\"mailto:ldja@parks.lv\">ldja@parks.lv<\/a><br \/>+371\u00a029267947<\/p>\n<\/td>\n<td>\n<p><a href=\"http:\/\/www.ldja.lv\">http:\/\/www.ldja.lv<\/a><\/p>\n<\/td>\n<td>\n<p>Turaidas 41 liters 2, J\u016brmala, LV-2015<\/p>\n<\/td>\n<\/tr>\n<tr>\n<td>\n<p>Latvijas jahtklubs<\/p>\n<p>Asoci\u0113tais biedrs<br \/>40008022487<\/p>\n<\/td>\n<td>\n<p>Valerijs Krupovics<br \/><a href=\"mailto:ljkinfo@inbox.lv\">ljkinfo@inbox.lv<\/a><br \/>+371\u00a029629947<\/p>\n<\/td>\n<td>\n<p><a href=\"https:\/\/latvijasjahtklubs.lv\/\">https:\/\/latvijasjahtklubs.lv\/<\/a><\/p>\n<\/td>\n<td>\n<p>Vikingu iela 6, J\u016brmala, LV-2010<\/p>\n<\/td>\n<\/tr>\n<tr>\n<td>\n<p>Jaunie\u0161u bur\u0101\u0161anas klubs &#8220;J\u016brmala&#8221;<br \/>40008032911<\/p>\n<\/td>\n<td>\n<p>Juris Ailis<br \/><a href=\"mailto:juris.ailis@gmail.com\">juris.ailis@gmail.com<\/a><br \/>+371 29221155<\/p>\n<\/td>\n<td>\n<p><a href=\"http:\/\/www.jurmalasailing.lv\">www.jurmalasailing.lv<\/a><\/p>\n<\/td>\n<td>\n<p>T\u012bklu iela 10, J\u016brmala, LV-2010<\/p>\n<\/td>\n<\/tr>\n<tr>\n<td>\n<p>Latvijas TOPCAT klases asoci\u0101cija<br \/>40008067720<\/p>\n<\/td>\n<td>\n<p>Lolita Simanovi\u010da<br \/><a href=\"mailto:bts@baltictradesystem.lv\">bts@baltictradesystem.lv<\/a><br \/>+371\u00a029558853<\/p>\n<\/td>\n<td>\n<p><a href=\"https:\/\/www.marinamalina.eu\/s79\/ltk-asociacija\/\">ltk-asociacija<\/a><\/p>\n<\/td>\n<td>\n<p>Marina Malina, M\u0101rkalnes iela 24, R\u012bga, LV-1024<\/p>\n<\/td>\n<\/tr>\n<tr>\n<td>\n<p>Latvijas \u201eTopper\u201d klubs<br \/>40008026864<\/p>\n<\/td>\n<td>\n<p>Arnis Ozols<br \/><a href=\"mailto:arnis.orion@gmail.com\">arnis.orion@gmail.com<\/a><br \/>+371 29229541<\/p>\n<\/td>\n<td>\n<p>\u00a0<\/p>\n<\/td>\n<td>\n<p>R\u012bga, Matro\u017eu iela 7A<\/p>\n<\/td>\n<\/tr>\n<tr>\n<td>\n<p>Latvijas Vindserfinga asoci\u0101cija<br \/>40008024257<\/p>\n<\/td>\n<td>\n<p>Arnis Se\u0146k\u0101ns<br \/><a href=\"mailto:lva@vindserfings.lv\">lva@vindserfings.lv<\/a><br \/>+371 29127198<\/p>\n<\/td>\n<td>\n<p><a href=\"http:\/\/www.vindserfings.lv\">http:\/\/www.vindserfings.lv<\/a><\/p>\n<\/td>\n<td>\n<p>Murj\u0101\u0146u iela 1A, R\u012bga, LV-1024<\/p>\n<\/td>\n<\/tr>\n<tr>\n<td>\n<p>Pils\u0113tas jahtklubs<br \/>40008140483<\/p>\n<\/td>\n<td>\n<p>J\u0101nis Gr\u012bslis<br \/><a href=\"mailto:pilsetasjahtklubs@gmail.com\">pilsetasjahtklubs@gmail.com<\/a><br \/>+371\u00a029196943<\/p>\n<\/td>\n<td>\n<p><a href=\"http:\/\/www.pilsetasjahtklubs.lv\">www.pilsetasjahtklubs.lv<\/a><\/p>\n<\/td>\n<td>\n<p>M\u0101rkalnes iela 24, R\u012bga, LV-1024<\/p>\n<\/td>\n<\/tr>\n<tr>\n<td>\n<p>R\u012bgas jahtklubs<br \/>40008132429<\/p>\n<\/td>\n<td>\n<p>Valdis Cibuls<\/p>\n<p><a href=\"https:\/\/www.sailinglatvia.lv\/index.php\/daliborganizacijas\/cibuls@inbox.lv\">rigas.jahtklubs@inbox.lv<\/a><\/p>\n<p>+371 29298722<\/p>\n<\/td>\n<td>\n<p><a href=\"https:\/\/rigayachtclub.lv\/\">https:\/\/rigayachtclub.lv\/<\/a><\/p>\n<\/td>\n<td>\n<p>P\u0101vu iela 14, R\u012bga, LV-1014<\/p>\n<\/td>\n<\/tr>\n<tr>\n<td>\n<p>Rojas jahtklubs<br \/>40008133617<\/p>\n<\/td>\n<td>\n<p>Guntars Bramanis<br \/><a href=\"mailto:brammans@inbox.lv\">brammans@inbox.lv<\/a><br \/>+371\u00a029210662<\/p>\n<\/td>\n<td>\n<p><a href=\"http:\/\/www.rojasjahtklubs.lv\/\">http:\/\/www.rojasjahtklubs.lv\/<\/a><\/p>\n<\/td>\n<td>\n<p>Selgas iela 1H, Roja, LV-3264<\/p>\n<\/td>\n<\/tr>\n<tr>\n<td>\n<p>Stirnu Raga jahtklubs<br \/>40008026050<\/p>\n<\/td>\n<td>\n<p>J\u0101nis Alders<br \/><a href=\"mailto:alders.janis@gmail.com\">alders.janis@gmail.com<\/a><br \/>+371 28700800<\/p>\n<\/td>\n<td>\n<p>\u00a0<\/p>\n<\/td>\n<td>\n<p>L\u0101\u010du iela 10 c, J\u016brmala, LV-2010<\/p>\n<\/td>\n<\/tr>\n<tr>\n<td>\n<p>Usmas jahtklubs<br \/>40008022576<\/p>\n<\/td>\n<td>\n<p>Sta\u0146islavs Back\u0101ns<br \/><a href=\"mailto:micross2@inbox.lv\">info@usma.lv<\/a><br \/>+371 29216328<\/p>\n<\/td>\n<td>\n<p><a href=\"http:\/\/www.usmasjahtklubs.lv\">www.usmasjahtklubs.lv<\/a><\/p>\n<\/td>\n<td>\n<p>Birzes, Ug\u0101les pag., Ventspils raj., LV-3615<\/p>\n<\/td>\n<\/tr>\n<tr>\n<td>\n<p>RA Sailing, biedr\u012bba<\/p>\n<p>Asoci\u0113tais biedrs<br \/>40008191352<\/p>\n<\/td>\n<td>\n<p>Ieva Ka\u013c\u0137e<br \/><a href=\"ieva.sailing@gmail.com\">ieva.sailing@gmail.com<\/a><br \/>+371\u00a025646964<\/p>\n<\/td>\n<td>\n<p>\u00a0<\/p>\n<\/td>\n<td>\n<p>L\u0101\u010dpl\u0113\u0161a 9-18, Sigulda, LV-2150<\/p>\n<\/td>\n<\/tr>\n<tr>\n<td>\n<p>Latvijas Raceboard asoci\u0101cija<br \/>40008284544<\/p>\n<\/td>\n<td>\n<p>Juris Ro\u017ekalns<br \/><a href=\"board@raceboard.lv\">board@raceboard.lv<\/a><br \/>+371 29232785<\/p>\n<\/td>\n<td>\n<p><a href=\"http:\/\/www.raceboard.lv\">www.raceboard.lv<\/a><\/p>\n<\/td>\n<td>\n<p>\u010ciekuru iela 21, J\u016brmala, LV-2011<\/p>\n<\/td>\n<\/tr>\n<tr>\n<td>\n<p>Rojas Z\u0113\u0123el\u0113t\u0101ju skola<\/p>\n<p>Asoci\u0113tais biedrs<br \/>40008195373<\/p>\n<\/td>\n<td>\n<p>Gun\u0101rs Reinholds<br \/><a href=\"mailto:silekim@inbox.lv\">silekim@inbox.lv<\/a><br \/>+371\u00a026434813<\/p>\n<\/td>\n<td>\n<p><a href=\"https:\/\/www.facebook.com\/Rojasburusports\/\">Rojasburusports<\/a><\/p>\n<\/td>\n<td>\n<p>Ostas 1, Roja,Rojas novads, LV-3264<\/p>\n<\/td>\n<\/tr>\n<tr>\n<td>\n<p>Latvijas Platu 25 klases\u00a0 asoci\u0101cija<br \/>50008230011<\/p>\n<\/td>\n<td>\n<p>Rihards Vaivods<br \/><a href=\"mailto:rihardsv@inbox.lv\">rihardsv@inbox.lv<\/a>+371 2963645<\/p>\n<\/td>\n<td>\n<p>\u00a0<\/p>\n<\/td>\n<td>\n<p>Ventspils iela 50, R\u012bga, LV-1002<\/p>\n<\/td>\n<\/tr>\n<tr>\n<td>\n<p>Bur\u0101\u0161anas klubs 360<br \/>40008028460<\/p>\n<\/td>\n<td>\n<p>M\u0101ris Birzulis<br \/><a href=\"mailto:maris.birzulis@burusports.lv\">maris.birzulis@burusports.lv<\/a><br \/><a href=\"info@360.lv\">info@360.lv<\/a><\/p>\n<p>+371 29239298<\/p>\n<\/td>\n<td>\n<p><a href=\"http:\/\/www.360.lv\/\">www.360.lv\/<\/a><\/p>\n<\/td>\n<td>\n<p>R. Feldma\u0146a iela 8A, R\u012bga LV-1014<\/p>\n<\/td>\n<\/tr>\n<tr>\n<td>\n<p>Latvijas Laser Bur\u0101t\u0101ju<br \/>Asoci\u0101cija<br \/>40008261132<\/p>\n<\/td>\n<td>\n<p>\u0122irts Fi\u0161ers-Blumbergs<br \/><a href=\"mailto:gikefabo@gmail.com\">gikefabo@gmail.com<\/a><br \/>+371\u00a029153554<\/p>\n<\/td>\n<td>\n<p><a href=\"https:\/\/llba316846612.wordpress.com\/\">https:\/\/llba316846612.wordpress.com\/<\/a><\/p>\n<\/td>\n<td>\n<p>Graudu 9a, Engure, Engures pag., Engures nov., LV-3113<\/p>\n<\/td>\n<\/tr>\n<tr>\n<td>\n<p>Latvijas Optimist klases asoci\u0101cija<br \/>40008261310<\/p>\n<\/td>\n<td>\n<p>Silards Kamergrauzis<br \/><a href=\"sk.firmamarisa@gmail.com\">sk.firmamarisa@gmail.com<\/a><br \/>+371 26434440<\/p>\n<\/td>\n<td>\n<p><a href=\"http:\/\/optimist.lv\/\">http:\/\/optimist.lv\/<\/a><\/p>\n<\/td>\n<td>\n<p>Ka\u013c\u0137u iela 7, R\u012bga, LV-1050<\/p>\n<\/td>\n<\/tr>\n<tr>\n<td>\n<p>R\u012bgas Sporta bur\u0101\u0161anas centrs<\/p>\n<p>40008275626<\/p>\n<\/td>\n<td>\n<p>Andrejs Buls<br \/><a href=\"mailto:andrejsbuls@inbox.lv\">andrejsbuls@inbox.lv<\/a><br \/>+371\u00a029171615<\/p>\n<\/td>\n<td>\n<p><a href=\"http:\/\/www.rigasailingcenter.com\/\">http:\/\/www.rigasailingcenter.com\/<\/a><\/p>\n<\/td>\n<td>\n<p>Matro\u017eu iela 15, Kurzemes rajons, R\u012bga, LV-1048<\/p>\n<\/td>\n<\/tr>\n<tr>\n<td>\n<p>Biedr\u012bba \u201cDaugavgr\u012bvas jahtklubs\u201d<br \/>40008285658<\/p>\n<\/td>\n<td>\n<p>Krist\u012bne Kanska<br \/><a href=\"mailto:kanska1409@gmail.com\">kanska1409@gmail.com<\/a><br \/>+371\u00a029247411<\/p>\n<\/td>\n<td>\n<p>\u00a0<\/p>\n<\/td>\n<td>\n<p>Flotes iel\u0101 1, R\u012bga, LV-1016<\/p>\n<\/td>\n<\/tr>\n<tr>\n<td>\n<p>Latvijas J\u016bras bur\u0101\u0161anas asoci\u0101cija<br \/>40008285681<\/p>\n<\/td>\n<td>\n<p>Valters Romans<br \/><a href=\"mailto:valters@laivulietas.lv\">valters@laivulietas.lv<\/a><br \/>+371\u00a029235659<\/p>\n<\/td>\n<td>\n<p>\u00a0<\/p>\n<\/td>\n<td>\n<p>Gr\u0113cinieku iela 11A-5, R\u012bga, LV-1050<\/p>\n<\/td>\n<\/tr>\n<tr>\n<td>\n<p>Nodibin\u0101jums &#8220;Latvijas Olimpisk\u0101 bur\u0101\u0161anas skola&#8221; (LOBS)<br \/>40008126530<\/p>\n<\/td>\n<td>\n<p>J\u0101nis J\u0113kabsons<br \/><a href=\"mailto:info@buruskola.lv\">info@buruskola.lv<\/a><br \/>+371\u00a029490993<\/p>\n<\/td>\n<td>\n<p><a href=\"http:\/\/www.buruskola.lv\">http:\/\/www.buruskola.lv<\/a><\/p>\n<\/td>\n<td>\n<p>Klaip\u0113das iela 59\/63-25, Liep\u0101ja, LV-3416<\/p>\n<\/td>\n<\/tr>\n<tr>\n<td>\n<p>Biedr\u012bba &#8220;\u016adenssporta klubs Kamb\u012bze&#8221;<br \/>40008180931<\/p>\n<\/td>\n<td>\n<p>Raitis \u0160kut\u0101ns<br \/><a href=\"mailto:raitis@kambize.lv\">raitis@kambize.lv<\/a><br \/>+371 29490402<\/p>\n<\/td>\n<td>\n<p><a href=\"http:\/\/www.kambize.lv\">www.kambize.lv<\/a><\/p>\n<\/td>\n<td>\n<p>1. Daugmale (Sen\u010du sv\u0113tkalni\u0146\u0161, &#8220;Vedmeri&#8221;, Daugmale, \u0136ekavas novads)<\/p>\n<p>2. Salaspils (Salaspils pludmale. Klubs atrodas starp Salaspils pilsdrup\u0101m un gl\u0101b\u0161anas staciju)<\/p>\n<p>3.\u00a0Ik\u0161\u0137ile (&#8220;Pludmale&#8221;, Ik\u0161\u0137ile, Zemturu ielas gal\u0101)<\/p>\n<\/td>\n<\/tr>\n<tr>\n<td>\n<p>Biedr\u012bba &#8220;Sporta klubs Prestol&#8221; 40008271111<\/p>\n<\/td>\n<td>\n<p>Oto Dzenis<br \/><a href=\"mailto:oto@kompozits.lv\">oto@kompozits.lv<\/a><br \/>+371 2948 6273<\/p>\n<\/td>\n<td>\n<p>\u00a0<\/p>\n<\/td>\n<td>\n<p>Traleru iela 20, R\u012bga LV-1030<\/p>\n<\/td>\n<\/tr>\n<tr>\n<td>\n<p>Zvejniekciema<br \/>Jaunie\u0161u \u016bdens sporta klubs<\/p>\n<p>40008306451<\/p>\n<\/td>\n<td>\n<p>Aiva Zumente<br \/><a href=\"mailto:info@zjusk.lv\">info@zjusk.lv<\/a><br \/>+371 29480825<\/p>\n<\/td>\n<td>\n<p><a href=\"https:\/\/www.facebook.com\/zjusk\/\">Zvejniekciema Jaunie\u0161u sporta kluba FB lapa<\/a><\/p>\n<\/td>\n<td>\n<p>Saulkrastu nov., Saulkrasti, M\u0113tru iela 6, LV-2160<\/p>\n<\/td>\n<\/tr>\n<tr>\n<td>\n<p>Latvijas Formula Kite Asoci\u0101cija Nr. <br \/>40008322507<\/p>\n<\/td>\n<td>\n<p>Nat\u0101lija Anstrauta<br \/><a href=\"mailto:formulakitelatvia@gmail.com\">formulakitelatvia@gmail.com<\/a><br \/>+371 27758297<\/p>\n<\/td>\n<td>\n<p>\u00a0<\/p>\n<\/td>\n<td>\n<p>Zemnieku iela 32, Liep\u0101ja, LV-3401<\/p>\n<\/td>\n<\/tr>\n<tr>\n<td>\n<p>Biedr\u012bba Latvijas 470\/420 kla\u0161u asoci\u0101cija<\/p>\n<p>40002891758<\/p>\n<\/td>\n<td>\n<p>Andrejs B\u0113rzi\u0146\u0161<br \/><a href=\"mailto:andrej.berzins@gmail.com\">andrej.berzins@gmail.com<\/a><br \/>+371 29191494<\/p>\n<\/td>\n<td>\n<p>\u00a0<\/p>\n<\/td>\n<td>\n<p>Vasaras iela 36, Jurmala, Latvija, LV-2008<\/p>\n<\/td>\n<\/tr>\n<tr>\n<td>\n<p>&#8220;Bur\u0101\u0161anas sporta biedr\u012bba Auseklis&#8221;<\/p>\n<p>Asoci\u0113tais biedrs<\/p>\n<p>40008307476<\/p>\n<p>\u00a0<\/p>\n<\/td>\n<td>\n<p>Iveta Grauduma<\/p>\n<p><a href=\"mailto:grauduma.iveta@gmail.com\">grauduma.iveta@gmail.com<\/a><\/p>\n<p>+371 29193996<\/p>\n<p>\u00a0<\/p>\n<\/td>\n<td>\n<p>\u00a0<\/p>\n<\/td>\n<td>\n<p>Klaip\u0113das iela 4 &#8211; 2, R\u012bga, LV-1014<\/p>\n<p>\u00a0<\/p>\n<\/td>\n<\/tr>\n<\/tbody>\n<\/table>\n\n\n<p><\/p>\n","protected":false},"excerpt":{"rendered":"<p>Biedr\u012bbas nosaukums Kontaktpersona M\u0101jas lapa Adrese Jahtklubs &#8220;Engure&#8221;40008122558 \u0122irts Fi\u0161ers Blumbergsgikefabo@gmail.com+371 29153554 www.sailingengure.lv Graudu iela 9a, Engure, LV-3113 Kuivi\u017eu jahtklubs40008141065 Kristaps Mo\u010d\u0101nskristaps.mocans@gmail.com+371 26562000 Kuivizujahtklubs P\u0113rnavas iela 49A, Salacgr\u012bva, LV-4033 Latvijas Bur\u0101\u0161anas m\u0101c\u012bbu asoci\u0101cija Asoci\u0113tais biedrs40008072115 Ivo Ivanovsvalde@sta-latvia.lv+371 29294044 www.sta-latvia.lv Gan\u012bbu &hellip; <a href=\"https:\/\/www.sailinglatvia.lv\/index.php\/daliborganizacijas\/\">Continued<\/a><\/p>\n","protected":false},"author":1,"featured_media":0,"parent":0,"menu_order":0,"comment_status":"closed","ping_status":"closed","template":"","meta":{"kt_blocks_editor_width":"","footnotes":""},"class_list":["post-374","page","type-page","status-publish","hentry"],"_links":{"self":[{"href":"https:\/\/www.sailinglatvia.lv\/index.php\/wp-json\/wp\/v2\/pages\/374","targetHints":{"allow":["GET"]}}],"collection":[{"href":"https:\/\/www.sailinglatvia.lv\/index.php\/wp-json\/wp\/v2\/pages"}],"about":[{"href":"https:\/\/www.sailinglatvia.lv\/index.php\/wp-json\/wp\/v2\/types\/page"}],"author":[{"embeddable":true,"href":"https:\/\/www.sailinglatvia.lv\/index.php\/wp-json\/wp\/v2\/users\/1"}],"replies":[{"embeddable":true,"href":"https:\/\/www.sailinglatvia.lv\/index.php\/wp-json\/wp\/v2\/comments?post=374"}],"version-history":[{"count":111,"href":"https:\/\/www.sailinglatvia.lv\/index.php\/wp-json\/wp\/v2\/pages\/374\/revisions"}],"predecessor-version":[{"id":16523,"href":"https:\/\/www.sailinglatvia.lv\/index.php\/wp-json\/wp\/v2\/pages\/374\/revisions\/16523"}],"wp:attachment":[{"href":"https:\/\/www.sailinglatvia.lv\/index.php\/wp-json\/wp\/v2\/media?parent=374"}],"curies":[{"name":"wp","href":"https:\/\/api.w.org\/{rel}","templated":true}]}}