{"id":363,"date":"2018-08-17T14:51:24","date_gmt":"2018-08-17T12:51:24","guid":{"rendered":"http:\/\/temp.sailinglatvia.lv\/?page_id=363"},"modified":"2025-12-22T16:53:06","modified_gmt":"2025-12-22T14:53:06","slug":"lzs","status":"publish","type":"page","link":"https:\/\/www.sailinglatvia.lv\/index.php\/lzs\/","title":{"rendered":"Par LBS"},"content":{"rendered":"<p>Latvijas Bur\u0101\u0161anas savien\u012bba (LBS) ir Latvijas nacion\u0101l\u0101 bur\u0101\u0161anas autorit\u0101te.<\/p>\n<p>LBS ir savs karogs un \u0123erbonis, kas ir mantots no 1926. gad\u0101 dibin\u0101t\u0101s Latvijas Z\u0113\u0123el\u0113t\u0101ju savien\u012bbas. 2024. gad\u0101 biedr\u012bba tika p\u0101rd\u0113v\u0113ta par \u201cLatvijas Bur\u0101\u0161anas savien\u012bba\u201d. LBS \u0123erbonis ir Latvijas Republikas \u0123erbo\u0146a vairogs uz divu sakrustotu enkuru un trej\u017eubura fona.<\/p>\n<p>\u0160obr\u012bd t\u0101 apvieno 33 ar bur\u0101\u0161anu saist\u012btas dal\u012bborganiz\u0101cijas.<\/p>\n<p>Latvijas Bur\u0101\u0161anas savien\u012bbas m\u0113r\u0137is ir koordin\u0113t bur\u0101\u0161anas sportu Latvij\u0101 un veicin\u0101t t\u0101 att\u012bst\u012bbu. Latvijas Bur\u0101\u0161anas savien\u012bbas v\u012bzija \u2013 bur\u0101\u0161ana \u2013 vesel\u012bgs, god\u012bgs, azartisks, inovat\u012bvs un videi draudz\u012bgs sporta un atp\u016btas veids, kas vieno, att\u012bsta un pilnveido.<\/p>\n<p><strong>Latvijas Bur\u0101\u0161anas savien\u012bbas stat\u016bti (apstiprin\u0101ti 2024. gada 16. decembr\u012b):\u00a0<\/strong> <a href=\"https:\/\/www.sailinglatvia.lv\/wp-content\/uploads\/2024\/12\/Statuti_2024-12-16_apstiprinati-1.pdf\">Skat\u012bt \u0161eit<\/a><\/p>\n<p><!--more--><a href=\"https:\/\/www.sailinglatvia.lv\/wp-content\/uploads\/2023\/06\/Screenshot-2023-06-13-at-12.03.10.png\"><img loading=\"lazy\" decoding=\"async\" class=\"size-medium wp-image-9653 aligncenter\" src=\"https:\/\/www.sailinglatvia.lv\/wp-content\/uploads\/2023\/06\/Screenshot-2023-06-13-at-12.03.10-281x300.png\" alt=\"\" width=\"281\" height=\"300\" srcset=\"https:\/\/www.sailinglatvia.lv\/wp-content\/uploads\/2023\/06\/Screenshot-2023-06-13-at-12.03.10-281x300.png 281w, https:\/\/www.sailinglatvia.lv\/wp-content\/uploads\/2023\/06\/Screenshot-2023-06-13-at-12.03.10.png 607w\" sizes=\"auto, (max-width: 281px) 100vw, 281px\" \/><\/a><\/p>\n<p>Saska\u0146\u0101 ar LBS valdes l\u0113mumu, lai iest\u0101tos Latvijas Bur\u0101\u0161anas savien\u012bb\u0101, ir j\u0101iesniedz aizpild\u012bta veidlapa (<a href=\"https:\/\/www.sailinglatvia.lv\/wp-content\/uploads\/2025\/01\/Pieteikuma-forma-dalibai-LBS.docx\">Pieteikuma-forma-dalibai-LBS<\/a>)\u00a0<i><\/i>un sekojo\u0161i dokumenti:<\/p>\n<ul>\n<li>Biedr\u012bbas stat\u016btu kopija;<\/li>\n<li>Re\u0123istr\u0101cijas apliec\u012bbas kopija;<\/li>\n<li>Jahtkluba (asoci\u0101cijas) biedru saraksts;<\/li>\n<li>jahtkluba (asoci\u0101cijas) jahtu saraksts;<\/li>\n<li>iesniegums.<\/li>\n<\/ul>\n\n\n<p><\/p>\n","protected":false},"excerpt":{"rendered":"<p>Latvijas Bur\u0101\u0161anas savien\u012bba (LBS) ir Latvijas nacion\u0101l\u0101 bur\u0101\u0161anas autorit\u0101te. LBS ir savs karogs un \u0123erbonis, kas ir mantots no 1926. gad\u0101 dibin\u0101t\u0101s Latvijas Z\u0113\u0123el\u0113t\u0101ju savien\u012bbas. 2024. gad\u0101 biedr\u012bba tika p\u0101rd\u0113v\u0113ta par \u201cLatvijas Bur\u0101\u0161anas savien\u012bba\u201d. LBS \u0123erbonis ir Latvijas Republikas \u0123erbo\u0146a &hellip; <a href=\"https:\/\/www.sailinglatvia.lv\/index.php\/lzs\/\">Continued<\/a><\/p>\n","protected":false},"author":1,"featured_media":0,"parent":0,"menu_order":0,"comment_status":"closed","ping_status":"closed","template":"","meta":{"kt_blocks_editor_width":"","footnotes":""},"class_list":["post-363","page","type-page","status-publish","hentry"],"_links":{"self":[{"href":"https:\/\/www.sailinglatvia.lv\/index.php\/wp-json\/wp\/v2\/pages\/363","targetHints":{"allow":["GET"]}}],"collection":[{"href":"https:\/\/www.sailinglatvia.lv\/index.php\/wp-json\/wp\/v2\/pages"}],"about":[{"href":"https:\/\/www.sailinglatvia.lv\/index.php\/wp-json\/wp\/v2\/types\/page"}],"author":[{"embeddable":true,"href":"https:\/\/www.sailinglatvia.lv\/index.php\/wp-json\/wp\/v2\/users\/1"}],"replies":[{"embeddable":true,"href":"https:\/\/www.sailinglatvia.lv\/index.php\/wp-json\/wp\/v2\/comments?post=363"}],"version-history":[{"count":31,"href":"https:\/\/www.sailinglatvia.lv\/index.php\/wp-json\/wp\/v2\/pages\/363\/revisions"}],"predecessor-version":[{"id":19165,"href":"https:\/\/www.sailinglatvia.lv\/index.php\/wp-json\/wp\/v2\/pages\/363\/revisions\/19165"}],"wp:attachment":[{"href":"https:\/\/www.sailinglatvia.lv\/index.php\/wp-json\/wp\/v2\/media?parent=363"}],"curies":[{"name":"wp","href":"https:\/\/api.w.org\/{rel}","templated":true}]}}