{"id":3429,"date":"2020-07-23T10:33:23","date_gmt":"2020-07-23T08:33:23","guid":{"rendered":"http:\/\/www.sailinglatvia.lv\/?page_id=3429"},"modified":"2025-09-28T11:00:51","modified_gmt":"2025-09-28T09:00:51","slug":"dnss-2","status":"publish","type":"page","link":"https:\/\/www.sailinglatvia.lv\/index.php\/dnss-2\/","title":{"rendered":"Nacion\u0101l\u0101 treni\u0146u programma"},"content":{"rendered":"<div class=\"page\" title=\"Page 4\">\n<div class=\"section\">\n<div class=\"layoutArea\">\n<div class=\"column\">\n<p>Latvijas Ze\u0304g\u0327ele\u0304ta\u0304ju savieni\u0304bas naciona\u0304la\u0304 bura\u0304s\u030canas apma\u0304ci\u0304bu programma (DNSS) ir ilgtermin\u0327a ieguldi\u0304jums Latvijas bura\u0304s\u030canas sporta atti\u0304sti\u0304ba\u0304. Bura\u0304s\u030canas apma\u0304ci\u0304bas me\u0304rk\u0327is ir nodros\u030cina\u0304t kvalitati\u0304vu bura\u0304s\u030canas apma\u0304ci\u0304bu dros\u030ca\u0304 ma\u0304ci\u0304bu nodarbi\u0304bu vide\u0304 &#8211; LZS akredite\u0304tos klubos\/trenin\u0327u vieta\u0304s, un kuros bura\u0304s\u030canas nodarbi\u0304bas vada i\u0304pas\u030ci bura\u0304s\u030canas apma\u0304ci\u0304bai sertifice\u0304ti LZS treneri.<\/p>\n<div class=\"page\" title=\"Page 4\">\n<div class=\"section\">\n<div class=\"layoutArea\">\n<div class=\"column\">\n<p>LZS akredita\u0304cijas nosaci\u0304jumos ir ietvertas nora\u0304des par standartiem, kas katram Klubam\/trenin\u0327u vietai ir ja\u0304sasniedz &#8211; pieme\u0304rotiem pa\u0304rvaldi\u0304bas principiem, inventa\u0304ra un apri\u0304kojuma izmantos\u030canas ka\u0304rti\u0304bu, pieme\u0304rota\u0304m telpa\u0304m, atbilstos\u030cu dros\u030ci\u0304bas normati\u0304vu ieve\u0304ros\u030canu, be\u0304rnu dros\u030ci\u0304bu un aizsardzi\u0304bas prasi\u0304ba\u0304m, labas prakses ieteikumiem ilgtspe\u0304ji\u0304bai un dabas aizsardzi\u0304bai, ka\u0304 ari\u0304 ka\u0304da\u0304 veida\u0304 ir veicama Kluba\/trenin\u0327u vietas audits.<\/p>\n<p>Kluba\/trenin\u0327u vietas akredita\u0304cija ir specifiska s\u030ca\u0304diem bura\u0304s\u030canas apri\u0304kojuma vispa\u0304re\u0304jiem veidiem:<\/p>\n<ul>\n<li>S\u030cvertlaivas<\/li>\n<li>Vindse\u0304rfings<\/li>\n<li>Kaitbords<\/li>\n<li>saistos\u030cie noteikumi Treneru\/dros\u030ci\u0304bas laiva\u0304m.<\/li>\n<\/ul>\n<div class=\"page\" title=\"Page 5\">\n<div class=\"section\">\n<div class=\"layoutArea\">\n<div class=\"column\">\n<p>LZS noteiktie nosaci\u0304jumi atspogul\u0327o kvalita\u0304tes un dros\u030ci\u0304bas standartu minima\u0304lo li\u0304meni, kas ja\u0304sasniedz un ja\u0304nodros\u030cina Kluba\/trenin\u0327u vietas turpma\u0304kaja\u0304 darbi\u0304ba\u0304. Tome\u0304r, akredite\u0304tajam Klubam\/trenin\u0327u vietai vajadze\u0304tu censties pa\u0304rsniegt noteiktos LZS minima\u0304los standartus. Detaliz\u0113t\u0101ka inform\u0101cija pieejama <a href=\"http:\/\/Sailing Latvia NTP Atbilstibas Vadli\u0304nijas V2_publicesanai\">\u0161eit<\/a>.<\/p>\n<p><a href=\"https:\/\/www.sailinglatvia.lv\/wp-content\/uploads\/2021\/03\/Sailing_Latvia_NTP_Atbilstibas_Vadlinijas_V2_publicesanai.pdf\">Sailing_Latvia_NTP_Atbilstibas_Vadlinijas_V2_publicesanai<\/a><\/p>\n<p><a href=\"https:\/\/www.sailinglatvia.lv\/wp-content\/uploads\/2021\/03\/NTP_Audits.pdf\">NTP_Audits<\/a><\/p>\n<p><a href=\"https:\/\/www.sailinglatvia.lv\/wp-content\/uploads\/2021\/03\/BF_Beernu_aizsardziiba_gala_variants.pdf\">BF_Beernu_aizsardziiba_gala_variants<\/a><\/p>\n<p><a href=\"https:\/\/www.sailinglatvia.lv\/wp-content\/uploads\/2021\/03\/Pirmas_palidzibas_instrukcija_03-03-2020_copy-1.docx\">Pirmas_palidzibas_instrukcija_03-03-2020_copy<\/a><\/p>\n<\/div>\n<div class=\"page\" title=\"Page 1\">\n<div class=\"section\">\n<div class=\"layoutArea\">\n<div class=\"column\">\n<p>LZS naciona\u0304la\u0304 bura\u0304s\u030canas apma\u0304ci\u0304bu programmas:<\/p>\n<ul>\n<li><a href=\"https:\/\/www.sailinglatvia.lv\/wp-content\/uploads\/2020\/11\/Apm\u0101c\u012bbu-programma_laivas.pdf\">Apm\u0101c\u012bbu programma_laivas<\/a><\/li>\n<li><a href=\"https:\/\/www.sailinglatvia.lv\/wp-content\/uploads\/2020\/11\/Apm\u0101c\u012bbu-programma_vindserfings-F.pdf\">Apm\u0101c\u012bbu programma_vindserfings F<\/a><\/li>\n<\/ul>\n<p>LZS nacion\u0101lo treneru kvalifik\u0101cijas l\u012bme\u0146u strukt\u016bra:<\/p>\n<ul>\n<li><a href=\"https:\/\/www.sailinglatvia.lv\/wp-content\/uploads\/2020\/11\/Treneru-kvalifik\u0101cijas-l\u012bme\u0146u-strukt\u016bra.pdf\">Treneru kvalifik\u0101cijas l\u012bme\u0146u strukt\u016bra<\/a><\/li>\n<\/ul>\n<\/div>\n<\/div>\n<\/div>\n<\/div>\n<\/div>\n<\/div>\n<\/div>\n<\/div>\n<\/div>\n<\/div>\n<\/div>\n<\/div>\n<\/div>\n<\/div>\n<\/div>\n","protected":false},"excerpt":{"rendered":"<p>Latvijas Ze\u0304g\u0327ele\u0304ta\u0304ju savieni\u0304bas naciona\u0304la\u0304 bura\u0304s\u030canas apma\u0304ci\u0304bu programma (DNSS) ir ilgtermin\u0327a ieguldi\u0304jums Latvijas bura\u0304s\u030canas sporta atti\u0304sti\u0304ba\u0304. Bura\u0304s\u030canas apma\u0304ci\u0304bas me\u0304rk\u0327is ir nodros\u030cina\u0304t kvalitati\u0304vu bura\u0304s\u030canas apma\u0304ci\u0304bu dros\u030ca\u0304 ma\u0304ci\u0304bu nodarbi\u0304bu vide\u0304 &#8211; LZS akredite\u0304tos klubos\/trenin\u0327u vieta\u0304s, un kuros bura\u0304s\u030canas nodarbi\u0304bas vada i\u0304pas\u030ci bura\u0304s\u030canas apma\u0304ci\u0304bai &hellip; <a href=\"https:\/\/www.sailinglatvia.lv\/index.php\/dnss-2\/\">Continued<\/a><\/p>\n","protected":false},"author":5,"featured_media":0,"parent":0,"menu_order":0,"comment_status":"closed","ping_status":"closed","template":"","meta":{"kt_blocks_editor_width":"","footnotes":""},"class_list":["post-3429","page","type-page","status-publish","hentry"],"_links":{"self":[{"href":"https:\/\/www.sailinglatvia.lv\/index.php\/wp-json\/wp\/v2\/pages\/3429","targetHints":{"allow":["GET"]}}],"collection":[{"href":"https:\/\/www.sailinglatvia.lv\/index.php\/wp-json\/wp\/v2\/pages"}],"about":[{"href":"https:\/\/www.sailinglatvia.lv\/index.php\/wp-json\/wp\/v2\/types\/page"}],"author":[{"embeddable":true,"href":"https:\/\/www.sailinglatvia.lv\/index.php\/wp-json\/wp\/v2\/users\/5"}],"replies":[{"embeddable":true,"href":"https:\/\/www.sailinglatvia.lv\/index.php\/wp-json\/wp\/v2\/comments?post=3429"}],"version-history":[{"count":13,"href":"https:\/\/www.sailinglatvia.lv\/index.php\/wp-json\/wp\/v2\/pages\/3429\/revisions"}],"predecessor-version":[{"id":18807,"href":"https:\/\/www.sailinglatvia.lv\/index.php\/wp-json\/wp\/v2\/pages\/3429\/revisions\/18807"}],"wp:attachment":[{"href":"https:\/\/www.sailinglatvia.lv\/index.php\/wp-json\/wp\/v2\/media?parent=3429"}],"curies":[{"name":"wp","href":"https:\/\/api.w.org\/{rel}","templated":true}]}}