{"id":3000,"date":"2020-05-20T15:05:44","date_gmt":"2020-05-20T13:05:44","guid":{"rendered":"http:\/\/www.sailinglatvia.lv\/?page_id=3000"},"modified":"2024-04-30T20:03:45","modified_gmt":"2024-04-30T18:03:45","slug":"jahtklubi-un-ostas-latvija","status":"publish","type":"page","link":"https:\/\/www.sailinglatvia.lv\/index.php\/jahtklubi-un-ostas-latvija\/","title":{"rendered":"Jahtklubi un ostas Latvij\u0101, kur\u0101s var nodarboties ar bur\u0101\u0161anu"},"content":{"rendered":"<p>Kart\u0113 atspogu\u013cotas LBS dal\u012bborganiz\u0101cijas (jahtklubi un ostas), kur\u0101s var nodarboties ar bur\u0101\u0161anu (Optimist klase, ILCA klase, Vinds\u0113rfings, kaitbords, j\u016bras bur\u0101\u0161ana).<\/p>\n<p>Prec\u012bz\u0101ks pied\u0101v\u0101jums jaut\u0101jams pie katras no dal\u012bborganiz\u0101cij\u0101m. Viss LBS dal\u012bborganiz\u0101ciju saraksts pieejams ar\u012b \u0161eit: <a href=\"https:\/\/www.sailinglatvia.lv\/index.php\/daliborganizacijas\/\">https:\/\/www.sailinglatvia.lv\/index.php\/daliborganizacijas\/<\/a><\/p>\n<p><iframe loading=\"lazy\" src=\"https:\/\/www.google.com\/maps\/d\/u\/0\/embed?mid=1OO4WztMGPCkgayI453LE9-5orjbUCA2d&amp;ehbc=2E312F\" width=\"640\" height=\"480\"><\/iframe><\/p>\n","protected":false},"excerpt":{"rendered":"<p>Kart\u0113 atspogu\u013cotas LBS dal\u012bborganiz\u0101cijas (jahtklubi un ostas), kur\u0101s var nodarboties ar bur\u0101\u0161anu (Optimist klase, ILCA klase, Vinds\u0113rfings, kaitbords, j\u016bras bur\u0101\u0161ana). Prec\u012bz\u0101ks pied\u0101v\u0101jums jaut\u0101jams pie katras no dal\u012bborganiz\u0101cij\u0101m. Viss LBS dal\u012bborganiz\u0101ciju saraksts pieejams ar\u012b \u0161eit: https:\/\/www.sailinglatvia.lv\/index.php\/daliborganizacijas\/<\/p>\n","protected":false},"author":5,"featured_media":0,"parent":0,"menu_order":0,"comment_status":"closed","ping_status":"closed","template":"","meta":{"kt_blocks_editor_width":"","footnotes":""},"class_list":["post-3000","page","type-page","status-publish","hentry"],"_links":{"self":[{"href":"https:\/\/www.sailinglatvia.lv\/index.php\/wp-json\/wp\/v2\/pages\/3000","targetHints":{"allow":["GET"]}}],"collection":[{"href":"https:\/\/www.sailinglatvia.lv\/index.php\/wp-json\/wp\/v2\/pages"}],"about":[{"href":"https:\/\/www.sailinglatvia.lv\/index.php\/wp-json\/wp\/v2\/types\/page"}],"author":[{"embeddable":true,"href":"https:\/\/www.sailinglatvia.lv\/index.php\/wp-json\/wp\/v2\/users\/5"}],"replies":[{"embeddable":true,"href":"https:\/\/www.sailinglatvia.lv\/index.php\/wp-json\/wp\/v2\/comments?post=3000"}],"version-history":[{"count":10,"href":"https:\/\/www.sailinglatvia.lv\/index.php\/wp-json\/wp\/v2\/pages\/3000\/revisions"}],"predecessor-version":[{"id":12067,"href":"https:\/\/www.sailinglatvia.lv\/index.php\/wp-json\/wp\/v2\/pages\/3000\/revisions\/12067"}],"wp:attachment":[{"href":"https:\/\/www.sailinglatvia.lv\/index.php\/wp-json\/wp\/v2\/media?parent=3000"}],"curies":[{"name":"wp","href":"https:\/\/api.w.org\/{rel}","templated":true}]}}