{"id":2990,"date":"2020-05-20T14:51:51","date_gmt":"2020-05-20T12:51:51","guid":{"rendered":"http:\/\/www.sailinglatvia.lv\/?page_id=2990"},"modified":"2023-06-22T11:10:49","modified_gmt":"2023-06-22T09:10:49","slug":"lzs-sertificetie-treneri","status":"publish","type":"page","link":"https:\/\/www.sailinglatvia.lv\/index.php\/lzs-sertificetie-treneri\/","title":{"rendered":"Sertific\u0113tie treneri"},"content":{"rendered":"<p>Saska\u0146\u0101 ar Sporta likuma 20.panta tre\u0161o da\u013cu\u00a0sporta speci\u0101listu sertifik\u0101ciju veic biedr\u012bba \u201eLatvijas Sporta feder\u0101ciju padome\u201d.<\/p>\n<p>Sporta speci\u0101listu sertifik\u0101cijas k\u0101rt\u012bbu un pras\u012bbas, k\u0101d\u0101m j\u0101atbilst sporta speci\u0101listam, lai ieg\u016btu ties\u012bbas str\u0101d\u0101t sporta jom\u0101,\u00a0nosaka Ministru kabineta 2010.gada 26.janv\u0101ra\u00a0noteikumi Nr.77\u00a0<a href=\"http:\/\/likumi.lv\/doc.php?id=204329\" target=\"_blank\" rel=\"noopener\">&#8220;Noteikumi par sporta speci\u0101listu sertifik\u0101cijas k\u0101rt\u012bbu un sporta speci\u0101listam noteiktaj\u0101m pras\u012bb\u0101m&#8221;<\/a>\u00a0(turpm\u0101k &#8211; Sertifik\u0101cijas noteikumi).<\/p>\n<p>Ar sertific\u0113to bur\u0101\u0161anas treneru sarakstu varat iepaz\u012bties \u0161eit:\u00a0<a href=\"https:\/\/lsfp.lv\/sporta_registrs\/sertificetie_sporta_specialisti?name=&amp;category=0&amp;sport=93&amp;type=0\">https:\/\/lsfp.lv\/sporta_registrs\/sertificetie_sporta_specialisti?name=&amp;category=0&amp;sport=93&amp;type=0\u00a0<\/a>un \u0161eit:\u00a0<a href=\"https:\/\/lsfp.lv\/sporta_registrs\/sertificetie_sporta_specialisti?name=&amp;category=0&amp;sport=168&amp;type=0\">https:\/\/lsfp.lv\/sporta_registrs\/sertificetie_sporta_specialisti?name=&amp;category=0&amp;sport=168&amp;type=0<\/a><\/p>\n<p>Lai sa\u0146emtu feder\u0101cijas atzinumu, ka persona atbilst sporta speci\u0101lista defin\u012bcijai augst\u0101kmin\u0113to MK noteikumu izpratn\u0113, sporta speci\u0101listam j\u0101iesniedz izzi\u0146a no LSPA, ka ir apg\u016btas nepiecie\u0161am\u0101s stundas kvalifik\u0101cijas uztur\u0113\u0161anai, k\u0101 ar\u012b \u0161is sporta speci\u0101lists ir atrodams LSPA publiskaj\u0101 sertific\u0113to treneru sarakst\u0101.<\/p>\n<p>LZS neatbild par treneru apm\u0101c\u012bbu, kvalifik\u0101ciju un to atbilst\u012bbu kategorij\u0101m vai re-sertific\u0113\u0161anu.<\/p>\n","protected":false},"excerpt":{"rendered":"<p>Saska\u0146\u0101 ar Sporta likuma 20.panta tre\u0161o da\u013cu\u00a0sporta speci\u0101listu sertifik\u0101ciju veic biedr\u012bba \u201eLatvijas Sporta feder\u0101ciju padome\u201d. Sporta speci\u0101listu sertifik\u0101cijas k\u0101rt\u012bbu un pras\u012bbas, k\u0101d\u0101m j\u0101atbilst sporta speci\u0101listam, lai ieg\u016btu ties\u012bbas str\u0101d\u0101t sporta jom\u0101,\u00a0nosaka Ministru kabineta 2010.gada 26.janv\u0101ra\u00a0noteikumi Nr.77\u00a0&#8220;Noteikumi par sporta speci\u0101listu sertifik\u0101cijas &hellip; <a href=\"https:\/\/www.sailinglatvia.lv\/index.php\/lzs-sertificetie-treneri\/\">Continued<\/a><\/p>\n","protected":false},"author":5,"featured_media":0,"parent":0,"menu_order":0,"comment_status":"closed","ping_status":"closed","template":"","meta":{"kt_blocks_editor_width":"","footnotes":""},"class_list":["post-2990","page","type-page","status-publish","hentry"],"_links":{"self":[{"href":"https:\/\/www.sailinglatvia.lv\/index.php\/wp-json\/wp\/v2\/pages\/2990","targetHints":{"allow":["GET"]}}],"collection":[{"href":"https:\/\/www.sailinglatvia.lv\/index.php\/wp-json\/wp\/v2\/pages"}],"about":[{"href":"https:\/\/www.sailinglatvia.lv\/index.php\/wp-json\/wp\/v2\/types\/page"}],"author":[{"embeddable":true,"href":"https:\/\/www.sailinglatvia.lv\/index.php\/wp-json\/wp\/v2\/users\/5"}],"replies":[{"embeddable":true,"href":"https:\/\/www.sailinglatvia.lv\/index.php\/wp-json\/wp\/v2\/comments?post=2990"}],"version-history":[{"count":6,"href":"https:\/\/www.sailinglatvia.lv\/index.php\/wp-json\/wp\/v2\/pages\/2990\/revisions"}],"predecessor-version":[{"id":9800,"href":"https:\/\/www.sailinglatvia.lv\/index.php\/wp-json\/wp\/v2\/pages\/2990\/revisions\/9800"}],"wp:attachment":[{"href":"https:\/\/www.sailinglatvia.lv\/index.php\/wp-json\/wp\/v2\/media?parent=2990"}],"curies":[{"name":"wp","href":"https:\/\/api.w.org\/{rel}","templated":true}]}}