{"id":19283,"date":"2026-02-09T10:12:52","date_gmt":"2026-02-09T08:12:52","guid":{"rendered":"https:\/\/www.sailinglatvia.lv\/?page_id=19283"},"modified":"2026-02-09T10:19:38","modified_gmt":"2026-02-09T08:19:38","slug":"420-klases-komisija","status":"publish","type":"page","link":"https:\/\/www.sailinglatvia.lv\/index.php\/420-klases-komisija\/","title":{"rendered":"420 klases komisija"},"content":{"rendered":"\n<p>420 klases komisijas sast\u0101vs:<\/p>\n\n\n\n<p class=\"has-text-align-center\">Komisijas vad\u012bt\u0101js &#8211; Kristaps Mo\u010d\u0101ns<br>Alberts Rozins<br>Aiva Zumente<br>Egita Lubi\u0146a<br>Rihards Vaivods<br>Silards Kamergrauzis<\/p>\n\n\n\n<div data-wp-interactive=\"core\/file\" class=\"wp-block-file\"><object data-wp-bind--hidden=\"!state.hasPdfPreview\" hidden class=\"wp-block-file__embed\" data=\"https:\/\/www.sailinglatvia.lv\/wp-content\/uploads\/2026\/02\/420_klases_komisijas_nolikums.pdf\" type=\"application\/pdf\" style=\"width:100%;height:600px\" aria-label=\"Iegult 420_klases_komisijas_nolikums.\"><\/object><a id=\"wp-block-file--media-3b0ba430-5b40-4905-af88-e3285da64360\" href=\"https:\/\/www.sailinglatvia.lv\/wp-content\/uploads\/2026\/02\/420_klases_komisijas_nolikums.pdf\">420_klases_komisijas_nolikums<\/a><a href=\"https:\/\/www.sailinglatvia.lv\/wp-content\/uploads\/2026\/02\/420_klases_komisijas_nolikums.pdf\" class=\"wp-block-file__button wp-element-button\" download aria-describedby=\"wp-block-file--media-3b0ba430-5b40-4905-af88-e3285da64360\">Lejupiel\u0101d\u0113t<\/a><\/div>\n","protected":false},"excerpt":{"rendered":"<p>420 klases komisijas sast\u0101vs: Komisijas vad\u012bt\u0101js &#8211; Kristaps Mo\u010d\u0101nsAlberts RozinsAiva ZumenteEgita Lubi\u0146aRihards VaivodsSilards Kamergrauzis<\/p>\n","protected":false},"author":7,"featured_media":0,"parent":0,"menu_order":0,"comment_status":"closed","ping_status":"closed","template":"","meta":{"kt_blocks_editor_width":"","footnotes":""},"class_list":["post-19283","page","type-page","status-publish","hentry"],"_links":{"self":[{"href":"https:\/\/www.sailinglatvia.lv\/index.php\/wp-json\/wp\/v2\/pages\/19283","targetHints":{"allow":["GET"]}}],"collection":[{"href":"https:\/\/www.sailinglatvia.lv\/index.php\/wp-json\/wp\/v2\/pages"}],"about":[{"href":"https:\/\/www.sailinglatvia.lv\/index.php\/wp-json\/wp\/v2\/types\/page"}],"author":[{"embeddable":true,"href":"https:\/\/www.sailinglatvia.lv\/index.php\/wp-json\/wp\/v2\/users\/7"}],"replies":[{"embeddable":true,"href":"https:\/\/www.sailinglatvia.lv\/index.php\/wp-json\/wp\/v2\/comments?post=19283"}],"version-history":[{"count":2,"href":"https:\/\/www.sailinglatvia.lv\/index.php\/wp-json\/wp\/v2\/pages\/19283\/revisions"}],"predecessor-version":[{"id":19288,"href":"https:\/\/www.sailinglatvia.lv\/index.php\/wp-json\/wp\/v2\/pages\/19283\/revisions\/19288"}],"wp:attachment":[{"href":"https:\/\/www.sailinglatvia.lv\/index.php\/wp-json\/wp\/v2\/media?parent=19283"}],"curies":[{"name":"wp","href":"https:\/\/api.w.org\/{rel}","templated":true}]}}