{"id":17163,"date":"2025-04-24T12:54:36","date_gmt":"2025-04-24T10:54:36","guid":{"rendered":"https:\/\/www.sailinglatvia.lv\/?page_id=17163"},"modified":"2025-05-06T12:29:34","modified_gmt":"2025-05-06T10:29:34","slug":"burasanas-apmaciba","status":"publish","type":"page","link":"https:\/\/www.sailinglatvia.lv\/index.php\/burasanas-apmaciba\/","title":{"rendered":"Bur\u0101\u0161anas apm\u0101c\u012bba b\u0113rniem"},"content":{"rendered":"\n<p>\u0160eit atrad\u012bsiet inform\u0101ciju par viet\u0101m vis\u0101 Latvij\u0101, kur b\u0113rni un jaunie\u0161i var apg\u016bt bur\u0101\u0161anas prasmes. Vienkopus pieejama inform\u0101cija, gan par bur\u0101\u0161anas apm\u0101c\u012bbu ar laiv\u0101m, gan vinds\u0113rfinga, kaitborda un WingFoil apg\u016b\u0161anu. T\u0101 ir lieliska iesp\u0113ja iepaz\u012bt \u016bdenssportu, att\u012bst\u012bt iztur\u012bbu, dom\u0101\u0161anu un komandas garu jau no agras b\u0113rn\u012bbas. <\/p>\n\n\n\n<p>Materi\u0101l\u0101 apkopota ar\u012b inform\u0101cija par da\u017e\u0101diem pas\u0101kumiem 2025. gad\u0101, kuros b\u016bs iesp\u0113ja iepaz\u012bt bur\u0101\u0161anu &#8211; atv\u0113rto durvju dienas, nometnes u.c.<\/p>\n\n\n\n<p>Bur\u0101\u0161ana b\u0113rniem ir lieliska izv\u0113le, jo t\u0101 att\u012bsta gan fizisk\u0101s, gan ment\u0101l\u0101s prasmes. T\u0101 veicina atbild\u012bbas saj\u016btu, strat\u0113\u0123isko dom\u0101\u0161anu un sp\u0113ju pie\u0146emt l\u0113mumus main\u012bgos apst\u0101k\u013cos. Bur\u0101jot b\u0113rni iem\u0101c\u0101s sadarboties, p\u0101rvar\u0113t gr\u016bt\u012bbas un k\u013c\u016bst dro\u0161\u0101ki par sevi. Turkl\u0101t uztur\u0113\u0161an\u0101s svaig\u0101 gais\u0101 pie \u016bdens stiprina vesel\u012bbu un rada m\u012blest\u012bbu pret dabu. Tas ir aizraujo\u0161s un att\u012bsto\u0161s sporta veids, kas sniedz ar\u012b daudz prieka un piedz\u012bvojumu.<\/p>\n\n\n\n<p>Zem\u0101k atrad\u012bsi \u012bsus aprakstus par popul\u0101r\u0101kajiem bur\u0101\u0161anas veidiem \/ klas\u0113m, ko b\u0113rniem un jaunie\u0161iem iesp\u0113jams apg\u016bt Latvij\u0101.<\/p>\n\n\n\n<div data-wp-interactive=\"core\/file\" class=\"wp-block-file\"><object data-wp-bind--hidden=\"!state.hasPdfPreview\" hidden class=\"wp-block-file__embed\" data=\"https:\/\/www.sailinglatvia.lv\/wp-content\/uploads\/2025\/05\/Sac_Burat_3-compressed.pdf\" type=\"application\/pdf\" style=\"width:100%;height:600px\" aria-label=\"Iegult S\u0101c bur\u0101t  2025.\"><\/object><a id=\"wp-block-file--media-532f71b2-95ed-4d86-8a9b-d4ecf80bfeb5\" href=\"https:\/\/www.sailinglatvia.lv\/wp-content\/uploads\/2025\/05\/Sac_Burat_3-compressed.pdf\">S\u0101c bur\u0101t  2025<\/a><a href=\"https:\/\/www.sailinglatvia.lv\/wp-content\/uploads\/2025\/05\/Sac_Burat_3-compressed.pdf\" class=\"wp-block-file__button wp-element-button\" download aria-describedby=\"wp-block-file--media-532f71b2-95ed-4d86-8a9b-d4ecf80bfeb5\">Lejupiel\u0101d\u0113t<\/a><\/div>\n\n\n\n<p><strong>Optimist klase b\u0113rniem<\/strong><\/p>\n\n\n\n<p>Optimist klase ir vispopul\u0101r\u0101k\u0101 bur\u0101\u0161anas klase b\u0113rniem vecum\u0101 no 7 l\u012bdz 15 gadiem. T\u0101 ir \u012bpa\u0161i izstr\u0101d\u0101ta jaun\u0101ko bur\u0101t\u0101ju vajadz\u012bb\u0101m \u2013 dro\u0161a, stabila un viegli vad\u0101ma. Optimist bur\u0101\u0161ana pal\u012bdz b\u0113rniem apg\u016bt bur\u0101\u0161anas pamatus, att\u012bst\u012bt dom\u0101\u0161anu, orient\u0113\u0161anos un sp\u0113ju pie\u0146emt l\u0113mumus uz \u016bdens. Latvij\u0101 \u0161\u012b klase ir pla\u0161i p\u0101rst\u0101v\u0113ta, un daudzos klubos pieejamas gan apm\u0101c\u012bbas, gan iesp\u0113jas piedal\u012bties sacens\u012bb\u0101s. Tas ir lielisks veids, k\u0101 b\u0113rni var iepaz\u012bt bur\u0101\u0161anas pasauli draudz\u012bg\u0101 un atbalsto\u0161\u0101 vid\u0113.<\/p>\n\n\n\n<p>Vair\u0101k inform\u0101cijas Latvijas Optimist klases asoci\u0101cijas m\u0101jas lap\u0101 <a href=\"http:\/\/www.optimist.lv\">www.optimist.lv<\/a><\/p>\n\n\n\n<p><strong>ILCA klase<\/strong><\/p>\n\n\n\n<p>ILCA (International Laser Class Association) ir viena no vispla\u0161\u0101k izmantotaj\u0101m vienviet\u012bgaj\u0101m bur\u0101\u0161anas klas\u0113m pasaul\u0113 un ir iek\u013cauta ar\u012b olimpiskaj\u0101s sp\u0113l\u0113s. T\u0101 ir piem\u0113rota jaunie\u0161iem, kuri jau apguvu\u0161i bur\u0101\u0161anas pamatus un v\u0113las att\u012bst\u012bt savas prasmes augst\u0101k\u0101 l\u012bmen\u012b. ILCA laivas ir \u0101tras, sportiskas un tehniski izaicino\u0161as, kas veicina izaugsmi un sacens\u012bbu garu. \u0160\u012b klase ir ide\u0101ls solis p\u0113c Optimist klases un paver pla\u0161as iesp\u0113jas gan Latvijas, gan starptautiskaj\u0101 sacens\u012bbu vid\u0113.<\/p>\n\n\n\n<p><strong>420 klase<\/strong><\/p>\n\n\n\n<p>420 klase ir divviet\u012bga sporta bur\u0101\u0161anas laiva, kas piem\u0113rota jaunie\u0161iem, kuri v\u0113las att\u012bst\u012bt komandas darbu un bur\u0101\u0161anas prasmes augst\u0101k\u0101 l\u012bmen\u012b. \u0160\u012b klase ir popul\u0101ra vis\u0101 pasaul\u0113 un bie\u017ei tiek izmantota k\u0101 sagatavo\u0161an\u0101s posms ce\u013c\u0101 uz olimpiskaj\u0101m klas\u0113m. Bur\u0101\u0161ana ar 420 laivu att\u012bsta taktisko dom\u0101\u0161anu, tehnisk\u0101s iema\u0146as un komandas sadarb\u012bbu starp st\u016brmani un \u0161koteri. Latvij\u0101 \u0161\u012b klase k\u013c\u016bst arvien popul\u0101r\u0101ka, un t\u0101 pied\u0101v\u0101 lieliskas iesp\u0113jas gan tren\u0113ties, gan piedal\u012bties nacion\u0101laj\u0101s un starptautiskaj\u0101s sacens\u012bb\u0101s.<\/p>\n\n\n\n<p><strong>Vinds\u0113rfings <\/strong><\/p>\n\n\n\n<p>Vinds\u0113rfings ir aizraujo\u0161s \u016bdenssporta veids, kas apvieno bur\u0101\u0161anas un s\u0113rfo\u0161anas elementus. Tas att\u012bsta l\u012bdzsvaru, koordin\u0101ciju un fizisko iztur\u012bbu, vienlaikus sniedzot prieku un br\u012bv\u012bbas saj\u016btu uz \u016bdens. Vinds\u0113rfingu iesp\u0113jams apg\u016bt jau no agras b\u0113rn\u012bbas, un Latvij\u0101 ir vair\u0101kas vietas, kur b\u0113rniem un jaunie\u0161iem pieejamas kvalitat\u012bvas apm\u0101c\u012bbas pieredz\u0113ju\u0161u treneru vad\u012bb\u0101. Latvij\u0101 pied\u0101v\u0101 apm\u0101c\u012bbu \u0161\u0101d\u0101s vinds\u0113rfinga klas\u0113s b\u0113rniem un jaunie\u0161iem:<\/p>\n\n\n\n<p>Techno 293 \u2013 starptautiski atz\u012bta jaunie\u0161u sacens\u012bbu klase, piem\u0113rota vecum\u0101 no aptuveni 9 l\u012bdz 17 gadiem. T\u0101 ir stabila, labi vad\u0101ma un ide\u0101li piem\u0113rota sportiskai izaugsmei.<\/p>\n\n\n\n<p>iQFOiL \u2013 jaun\u0101 olimpisk\u0101 klase ar foil tehnolo\u0123iju, kas \u013cauj \u201clidot\u201d virs \u016bdens. Paredz\u0113ta jaunie\u0161iem, kuri jau apguvu\u0161i pamatus un v\u0113las turpin\u0101t treni\u0146us augst\u0101k\u0101 l\u012bmen\u012b.<\/p>\n\n\n\n<p>Vair\u0101k inform\u0101cijas Latvijas Vinds\u0113rfinga asoci\u0101cijas m\u0101jas lap\u0101 <a href=\"http:\/\/vindserfings.lv\">www.vindserfings.lv<\/a><\/p>\n\n\n\n<p><\/p>\n\n\n\n<p><strong>Kiteboard<\/strong><\/p>\n\n\n\n<p>Kiteboard jeb kaitbords ir aizraujo\u0161s un ekstr\u0113ms \u016bdenssporta veids, kas apvieno s\u0113rfingu, vinds\u0113rfingu un lido\u0161anu ar p\u016b\u0137i. Tas ir piem\u0113rots akt\u012bviem un sportiskiem jaunie\u0161iem, kuri mekl\u0113 jaunas saj\u016btas, \u0101trumu un br\u012bv\u012bbas izj\u016btu uz \u016bdens. \u0160is sporta veids att\u012bsta l\u012bdzsvaru, koordin\u0101ciju, sp\u0113ku un reakcijas \u0101trumu, k\u0101 ar\u012b m\u0101ca b\u016bt atbild\u012bgam un apzin\u0101ties dro\u0161\u012bbu uz \u016bdens. T\u0101 ir lieliska izv\u0113le jaunie\u0161iem, kuri v\u0113las apvienot adrenal\u012bnu ar augstu sportisko izaugsmi.<\/p>\n\n\n\n<p><strong>Wing foil<\/strong><\/p>\n\n\n\n<p>Wing foil ir sal\u012bdzino\u0161i jauns un strauji augo\u0161s \u016bdenssporta veids, kas apvieno v\u0113jd\u0113li (foil d\u0113li) un rokas sp\u0101rnu (wing). T\u0101 ir aizraujo\u0161a un moderna alternat\u012bva tradicion\u0101lajai bur\u0101\u0161anai un vinds\u0113rfingam, piem\u0113rota akt\u012bviem b\u0113rniem un jaunie\u0161iem, kuri mekl\u0113 jaunas saj\u016btas un izaicin\u0101jumus. Wing foil att\u012bsta l\u012bdzsvaru, koordin\u0101ciju un prasmi izmantot v\u0113ju kust\u012bbai virs \u016bdens virsmas. Ar piem\u0113rotu apr\u012bkojumu un apm\u0101c\u012bbu \u0161is sporta veids ir dro\u0161s un \u013coti aizraujo\u0161s jau no pirmajiem izm\u0113\u0123in\u0101jumiem.<\/p>\n\n\n\n<p><\/p>\n","protected":false},"excerpt":{"rendered":"<p>\u0160eit atrad\u012bsiet inform\u0101ciju par viet\u0101m vis\u0101 Latvij\u0101, kur b\u0113rni un jaunie\u0161i var apg\u016bt bur\u0101\u0161anas prasmes. Vienkopus pieejama inform\u0101cija, gan par bur\u0101\u0161anas apm\u0101c\u012bbu ar laiv\u0101m, gan vinds\u0113rfinga, kaitborda un WingFoil apg\u016b\u0161anu. T\u0101 ir lieliska iesp\u0113ja iepaz\u012bt \u016bdenssportu, att\u012bst\u012bt iztur\u012bbu, dom\u0101\u0161anu un &hellip; <a href=\"https:\/\/www.sailinglatvia.lv\/index.php\/burasanas-apmaciba\/\">Continued<\/a><\/p>\n","protected":false},"author":7,"featured_media":0,"parent":0,"menu_order":0,"comment_status":"closed","ping_status":"closed","template":"","meta":{"kt_blocks_editor_width":"","footnotes":""},"class_list":["post-17163","page","type-page","status-publish","hentry"],"_links":{"self":[{"href":"https:\/\/www.sailinglatvia.lv\/index.php\/wp-json\/wp\/v2\/pages\/17163","targetHints":{"allow":["GET"]}}],"collection":[{"href":"https:\/\/www.sailinglatvia.lv\/index.php\/wp-json\/wp\/v2\/pages"}],"about":[{"href":"https:\/\/www.sailinglatvia.lv\/index.php\/wp-json\/wp\/v2\/types\/page"}],"author":[{"embeddable":true,"href":"https:\/\/www.sailinglatvia.lv\/index.php\/wp-json\/wp\/v2\/users\/7"}],"replies":[{"embeddable":true,"href":"https:\/\/www.sailinglatvia.lv\/index.php\/wp-json\/wp\/v2\/comments?post=17163"}],"version-history":[{"count":14,"href":"https:\/\/www.sailinglatvia.lv\/index.php\/wp-json\/wp\/v2\/pages\/17163\/revisions"}],"predecessor-version":[{"id":17203,"href":"https:\/\/www.sailinglatvia.lv\/index.php\/wp-json\/wp\/v2\/pages\/17163\/revisions\/17203"}],"wp:attachment":[{"href":"https:\/\/www.sailinglatvia.lv\/index.php\/wp-json\/wp\/v2\/media?parent=17163"}],"curies":[{"name":"wp","href":"https:\/\/api.w.org\/{rel}","templated":true}]}}