{"id":1664,"date":"2019-01-27T11:29:36","date_gmt":"2019-01-27T09:29:36","guid":{"rendered":"http:\/\/temp.sailinglatvia.lv\/?page_id=1664"},"modified":"2024-11-12T13:59:13","modified_gmt":"2024-11-12T11:59:13","slug":"saites","status":"publish","type":"page","link":"https:\/\/www.sailinglatvia.lv\/index.php\/saites\/","title":{"rendered":""},"content":{"rendered":"<table width=\"698\">\n<tbody>\n<tr>\n<td width=\"236\"><strong>Hipersaite<\/strong><\/td>\n<td width=\"220\"><strong>Nosaukums<\/strong><\/td>\n<td width=\"242\"><\/td>\n<\/tr>\n<tr>\n<td colspan=\"3\" width=\"698\"><strong>Latvijas Bur\u0101\u0161anas savien\u012bbas sadarb\u012bbas instit\u016bcijas<\/strong><\/td>\n<\/tr>\n<tr>\n<td width=\"236\"><a href=\"http:\/\/www.jurasadministracija.lv\/\">http:\/\/www.jurasadministracija.lv<\/a><\/td>\n<td width=\"220\">Latvijas J\u016bras administr\u0101cija<\/td>\n<td width=\"242\"><\/td>\n<\/tr>\n<tr>\n<td width=\"236\"><a href=\"http:\/\/www.mrcc.lv\/\">http:\/\/www.mrcc.lv\/<\/a><\/td>\n<td width=\"220\">Latvijas Krasta apsardzes dienests<\/td>\n<td width=\"242\"><\/td>\n<\/tr>\n<tr>\n<td width=\"236\"><a href=\"http:\/\/www.lov.lv\/\">http:\/\/www.lov.lv<\/a><\/td>\n<td width=\"220\">Latvijas Olimpisk\u0101 komiteja<\/td>\n<td width=\"242\"><\/td>\n<\/tr>\n<tr>\n<td width=\"236\"><a href=\"http:\/\/www.lsfp.lv\/\">http:\/\/www.lsfp.lv<\/a><\/td>\n<td width=\"220\">Latvijas Sporta feder\u0101ciju padome<\/td>\n<td width=\"242\"><\/td>\n<\/tr>\n<tr>\n<td colspan=\"3\" width=\"698\"><strong>Nacion\u0101l\u0101s bur\u0101\u0161anas feder\u0101cijas<\/strong><\/td>\n<\/tr>\n<tr>\n<td width=\"236\"><a href=\"http:\/\/www.rya.org.uk\/\">http:\/\/www.rya.org.uk\/<\/a><\/td>\n<td width=\"220\">Apvienot\u0101s Karalistes Bur\u0101\u0161anas sporta asoci\u0101cija<\/td>\n<td width=\"242\"><\/td>\n<\/tr>\n<tr>\n<td width=\"236\"><a href=\"http:\/\/www.sejlsport.dk\/\">http:\/\/www.sejlsport.dk<\/a><\/td>\n<td width=\"220\">D\u0101nijas Bur\u0101\u0161anas sporta feder\u0101cija<\/td>\n<td width=\"242\"><\/td>\n<\/tr>\n<tr>\n<td width=\"236\"><a href=\"http:\/\/www.eurosaf.org\/\">http:\/\/www.eurosaf.org<\/a><\/td>\n<td width=\"220\">Eiropas Bur\u0101\u0161anas feder\u0101cija<\/td>\n<td width=\"242\"><\/td>\n<\/tr>\n<tr>\n<td width=\"236\"><a href=\"http:\/\/www.puri.ee\/\">http:\/\/www.puri.ee<\/a><\/td>\n<td width=\"220\">Igaunijas Bur\u0101\u0161anas sporta feder\u0101cija<\/td>\n<td width=\"242\"><\/td>\n<\/tr>\n<tr>\n<td width=\"236\"><a href=\"http:\/\/www.yachting.ru\/\">http:\/\/www.yachting.ru\/<\/a><\/td>\n<td width=\"220\">Krievijas Bur\u0101\u0161anas sporta feder\u0101cija<\/td>\n<td width=\"242\"><\/td>\n<\/tr>\n<tr>\n<td width=\"236\"><a href=\"http:\/\/www.lbs.lt\/\">http:\/\/www.lbs.lt<\/a><\/td>\n<td width=\"220\">Lietuvas Bur\u0101\u0161anas sporta feder\u0101cija<\/td>\n<td width=\"242\"><\/td>\n<\/tr>\n<tr>\n<td width=\"236\"><a href=\"http:\/\/www.seiling.no\/\">http:\/\/www.seiling.no<\/a><\/td>\n<td width=\"220\">Norv\u0113\u0123ijas Bur\u0101\u0161anas sporta feder\u0101cija<\/td>\n<td width=\"242\"><\/td>\n<\/tr>\n<tr>\n<td width=\"236\"><a href=\"http:\/\/www.pya.org.pl\/\">http:\/\/www.pya.org.pl<\/a><\/td>\n<td width=\"220\">Polijas Bur\u0101\u0161anas sporta feder\u0101cija<\/td>\n<td width=\"242\"><\/td>\n<\/tr>\n<tr>\n<td width=\"236\"><a href=\"http:\/\/www.purjehtija.fi\/\">http:\/\/www.purjehtija.fi<\/a><\/td>\n<td width=\"220\">Somijas Bur\u0101\u0161anas sporta feder\u0101cija<\/td>\n<td width=\"242\"><\/td>\n<\/tr>\n<tr>\n<td width=\"236\"><a href=\"http:\/\/www.dsv.org\/\">http:\/\/www.dsv.org<\/a><\/td>\n<td width=\"220\">V\u0101cijas Bur\u0101\u0161anas sporta feder\u0101cija<\/td>\n<td width=\"242\"><\/td>\n<\/tr>\n<tr>\n<td width=\"236\"><a href=\"http:\/\/www.svensksegling.se\/\">http:\/\/www.svensksegling.se<\/a><\/td>\n<td width=\"220\">Zviedrijas Bur\u0101\u0161anas sporta feder\u0101cija<\/td>\n<td width=\"242\"><\/td>\n<\/tr>\n<tr>\n<td colspan=\"3\" width=\"698\"><strong>Starptautisk\u0101s organiz\u0101cijas<\/strong><\/td>\n<\/tr>\n<tr>\n<td width=\"236\"><a href=\"http:\/\/www.orc.org\/\">http:\/\/www.orc.org\/<\/a><\/td>\n<td width=\"220\">J\u016bras bur\u0101\u0161anas kongress (ORC)<\/td>\n<td width=\"242\"><\/td>\n<\/tr>\n<tr>\n<td width=\"236\"><a href=\"http:\/\/www.idniyra.org\/\">http:\/\/www.idniyra.org\/<\/a><\/td>\n<td width=\"220\">Starptautisk\u0101 &#8220;DN&#8221; klases ledusjahtu asoci\u0101cija<\/td>\n<td width=\"242\"><\/td>\n<\/tr>\n<tr>\n<td width=\"236\"><a href=\"http:\/\/ifca.internationalwindsurfing.com\/\">http:\/\/ifca.internationalwindsurfing.com\/<\/a><\/td>\n<td width=\"220\">Starptautisk\u0101 &#8220;Funboard&#8221; klases v\u0113jd\u0113\u013cu asoci\u0101cija<\/td>\n<td width=\"242\"><\/td>\n<\/tr>\n<tr>\n<td width=\"236\"><a href=\"http:\/\/www.monotype-xv.org\/index.htm\">http:\/\/www.monotype-xv.org\/index.htm<\/a><\/td>\n<td width=\"220\">Starptautisk\u0101 &#8220;Monotips-XV&#8221; klases ledusjahtu asoci\u0101cija<\/td>\n<td width=\"242\"><\/td>\n<\/tr>\n<tr>\n<td width=\"236\"><a href=\"http:\/\/www.techno293.org\/\">http:\/\/www.techno293.org<\/a><\/td>\n<td width=\"220\">Starptautisk\u0101 &#8220;Techno 293&#8221; klases v\u0113jd\u0113\u013cu asoci\u0101cija<\/td>\n<td width=\"242\"><\/td>\n<\/tr>\n<tr>\n<td width=\"236\"><a href=\"http:\/\/www.sailing.org\/\">http:\/\/www.sailing.org\/<\/a><\/td>\n<td width=\"220\">Starptautisk\u0101 bur\u0101\u0161anas feder\u0101cija (ISAF)<\/td>\n<td width=\"242\"><\/td>\n<\/tr>\n<tr>\n<td width=\"236\"><a href=\"http:\/\/www.internationalwindsurfing.com\/\">http:\/\/www.internationalwindsurfing.com<\/a><\/td>\n<td width=\"220\">Starptautisk\u0101 v\u0113jd\u0113\u013cu asoci\u0101cija<\/td>\n<td width=\"242\"><\/td>\n<\/tr>\n<tr>\n<td width=\"236\"><a href=\"http:\/\/www.470.org\/\">http:\/\/www.470.org<\/a><\/td>\n<td width=\"220\">Starptautisk\u0101s &#8220;470&#8221; klases jahtu asoci\u0101cija<\/td>\n<td width=\"242\"><\/td>\n<\/tr>\n<tr>\n<td width=\"236\"><a href=\"http:\/\/www.49er.org\/\">http:\/\/www.49er.org<\/a><\/td>\n<td width=\"220\">Starptautisk\u0101s &#8220;49&#8221; klases jahtu asoci\u0101cija<\/td>\n<td width=\"242\"><\/td>\n<\/tr>\n<tr>\n<td width=\"236\"><a href=\"http:\/\/www.icesailing.org\/\">http:\/\/www.icesailing.org\/<\/a><\/td>\n<td width=\"220\">Starptautisk\u0101s &#8220;DN&#8221; klases ledusjahtu asoci\u0101cijas Eiropas port\u0101ls<\/td>\n<td width=\"242\"><\/td>\n<\/tr>\n<tr>\n<td width=\"236\"><a href=\"http:\/\/www.formulawindsurfing.org\/\">http:\/\/www.formulawindsurfing.org<\/a><\/td>\n<td width=\"220\">Starptautisk\u0101s &#8220;Formula Windsurfing&#8221; klases v\u0113jd\u0113\u013cu asoci\u0101cija<\/td>\n<td width=\"242\"><\/td>\n<\/tr>\n<tr>\n<td width=\"236\"><a href=\"http:\/\/www.laserinternational.org\/\">http:\/\/www.laserinternational.org<\/a><\/td>\n<td width=\"220\">Starptautisk\u0101s &#8220;Laser&#8221; klases asoci\u0101cija<\/td>\n<td width=\"242\"><\/td>\n<\/tr>\n<tr>\n<td width=\"236\"><a href=\"http:\/\/www.micro-class.org\">http:\/\/www.micro-class.org<\/a><\/td>\n<td width=\"220\">Starptautisk\u0101s &#8220;Micro&#8221; klases jahtu asoci\u0101cija<\/td>\n<td width=\"242\"><\/td>\n<\/tr>\n<tr>\n<td width=\"236\"><a href=\"http:\/\/www.optiworld.org\/\">http:\/\/www.optiworld.org<\/a><\/td>\n<td width=\"220\">Starptautisk\u0101s &#8220;Optimist&#8221; klases asoci\u0101cija<\/td>\n<td width=\"242\"><\/td>\n<\/tr>\n<tr>\n<td width=\"236\"><a href=\"http:\/\/www.raceboard.org\/\">http:\/\/www.raceboard.org<\/a><\/td>\n<td width=\"220\">Starptautisk\u0101s &#8220;Raceboard&#8221; klases v\u0113jd\u0113\u013cu asoci\u0101cija<\/td>\n<td width=\"242\"><\/td>\n<\/tr>\n<tr>\n<td width=\"236\"><a href=\"http:\/\/www.rsxclass.com\/\">http:\/\/www.rsxclass.com<\/a><\/td>\n<td width=\"220\">Starptautisk\u0101s &#8220;RS:X&#8221; v\u0113jd\u0113\u013cu klases asoci\u0101cija<\/td>\n<td width=\"242\"><\/td>\n<\/tr>\n<tr>\n<td width=\"236\"><a href=\"http:\/\/www.starclass.org\/\">http:\/\/www.starclass.org<\/a><\/td>\n<td width=\"220\">Starptautisk\u0101s &#8220;Star&#8221; klases jahtu asoci\u0101cija<\/td>\n<td width=\"242\"><\/td>\n<\/tr>\n<tr>\n<td width=\"236\"><a href=\"http:\/\/www.itca.de\/\">http:\/\/www.itca.de\/<\/a><\/p>\n<p><a href=\"https:\/\/www.nordicsailing.org\/\">https:\/\/www.nordicsailing.org\/<\/a><\/td>\n<td width=\"220\">Starptautisk\u0101s &#8220;Topcat&#8221; klases katamar\u0101nu asoci\u0101cija<\/p>\n<p>Zieme\u013cvalstu bur\u0101\u0161anas feder\u0101cija<\/td>\n<td width=\"242\"><\/td>\n<\/tr>\n<tr>\n<td colspan=\"3\" width=\"698\"><strong>Laika zi\u0146as<\/strong><\/td>\n<\/tr>\n<tr>\n<td width=\"236\"><a href=\"http:\/\/www.meteo.lv\/\">http:\/\/www.meteo.lv<\/a><\/td>\n<td width=\"220\">Latvijas Vides, \u0123eolo\u0123ijas un meteorolo\u0123ijas centrs<\/td>\n<td width=\"242\"><\/td>\n<\/tr>\n<tr>\n<td width=\"236\"><a href=\"http:\/\/weather.cnn.com\/\">http:\/\/weather.cnn.com<\/a><\/td>\n<td width=\"220\">Weather CNN<\/td>\n<td width=\"242\"><\/td>\n<\/tr>\n<tr>\n<td width=\"236\"><a href=\"http:\/\/www.weatheronline.com\/\">http:\/\/www.weatheronline.com<\/a><\/td>\n<td width=\"220\">Weather Online<\/td>\n<td width=\"242\"><\/td>\n<\/tr>\n<tr>\n<td width=\"236\"><a href=\"http:\/\/www.windguru.cz\/\">http:\/\/www.windguru.cz<\/a><\/td>\n<td width=\"220\">Windguru<\/td>\n<td width=\"242\"><\/td>\n<\/tr>\n<tr>\n<td colspan=\"3\" width=\"698\"><strong>Da\u017e\u0101di<\/strong><\/td>\n<\/tr>\n<tr>\n<td width=\"236\"><a href=\"http:\/\/www.rietumkrasts.lv\/\">http:\/\/www.rietumkrasts.lv<\/a><\/td>\n<td width=\"220\">Vinds\u0113rfinga klubs &#8220;Rietumkrasts&#8221;<\/td>\n<td width=\"242\"><\/td>\n<\/tr>\n<tr>\n<td width=\"236\"><a href=\"http:\/\/www.miller-sailing-school.com\/\">http:\/\/www.miller-sailing-school.com<\/a><\/td>\n<td width=\"220\">Millera bur\u0101\u0161anas skola<\/td>\n<td width=\"242\"><\/td>\n<\/tr>\n<tr>\n<td width=\"236\"><a href=\"http:\/\/pavilostamarina.lv\/\">http:\/\/pavilostamarina.lv\/<\/a><\/td>\n<td width=\"220\">P\u0101vilostas jahtklubs<\/td>\n<td width=\"242\"><\/td>\n<\/tr>\n<tr>\n<td width=\"236\"><a href=\"http:\/\/www.skippi.lv\/\">http:\/\/www.skippi.lv<\/a><\/td>\n<td width=\"220\">Skippi jahtu asoci\u0101cija<\/td>\n<td width=\"242\"><\/td>\n<\/tr>\n<tr>\n<td width=\"236\"><a href=\"http:\/\/www.lhd.lv\/\">http:\/\/www.lhd.lv<\/a><\/td>\n<td width=\"220\">Hidrogr\u0101fijas dienests<\/td>\n<td width=\"242\"><\/td>\n<\/tr>\n<tr>\n<td width=\"236\"><a href=\"http:\/\/www.navtex.lv\/\">http:\/\/www.navtex.lv\/<\/a><\/td>\n<td width=\"220\">NAVTEX pazi\u0146ojumi<\/td>\n<td width=\"242\"><\/td>\n<\/tr>\n<tr>\n<td width=\"236\"><a href=\"http:\/\/www.spaniel.lv\/\">http:\/\/www.spaniel.lv<\/a><\/td>\n<td width=\"220\">Jahta Spaniel<\/td>\n<td width=\"242\"><\/td>\n<\/tr>\n<tr>\n<td width=\"236\"><a href=\"http:\/\/www.burasanasskola.lv\/\">http:\/\/www.burasanasskola.lv\/<\/a><\/td>\n<td width=\"220\">Priedaines jahtkluba bur\u0101\u0161anas skola<\/td>\n<td width=\"242\"><\/td>\n<\/tr>\n<tr>\n<td width=\"236\"><a href=\"http:\/\/www.harken.lv\/\">http:\/\/www.harken.lv\/<\/a><\/td>\n<td width=\"220\">Firma &#8220;Regate&#8221;<\/td>\n<td width=\"242\"><\/td>\n<\/tr>\n<tr>\n<td width=\"236\"><a href=\"http:\/\/www.marinaslatvia.lv\/\">http:\/\/www.marinaslatvia.lv\/<\/a><\/td>\n<td width=\"220\">Marinas Latvia<\/td>\n<td width=\"242\"><\/td>\n<\/tr>\n<tr>\n<td width=\"236\"><a href=\"http:\/\/www.360.lv\/\">http:\/\/www.360.lv\/<\/a><\/td>\n<td width=\"220\">Klubs &#8220;360&#8221;<\/td>\n<td width=\"242\"><\/td>\n<\/tr>\n<tr>\n<td width=\"236\"><a href=\"http:\/\/www.laivulietas.lv\/\">http:\/\/www.laivulietas.lv\/<\/a><\/td>\n<td width=\"220\">Veikals &#8220;Laivu lietas&#8221;<\/td>\n<td width=\"242\"><\/td>\n<\/tr>\n<tr>\n<td width=\"236\"><a href=\"http:\/\/www.portfocus.com\/\">http:\/\/www.portfocus.com<\/a><\/td>\n<td width=\"220\">Portfocus<\/td>\n<td width=\"242\"><\/td>\n<\/tr>\n<tr>\n<td width=\"236\"><a href=\"http:\/\/www.t2iceboards.lv\/\">http:\/\/www.t2iceboards.lv\/<\/a><\/td>\n<td width=\"220\">T2-iceboards<\/td>\n<td width=\"242\"><\/td>\n<\/tr>\n<tr>\n<td width=\"236\"><a href=\"http:\/\/www.yachtclub.com\/\">http:\/\/www.yachtclub.com<\/a><\/td>\n<td width=\"220\">Yachtclub.com<\/td>\n<td width=\"242\"><\/td>\n<\/tr>\n<tr>\n<td colspan=\"3\" width=\"698\"><strong>Bur\u0101\u0161anas lapas<\/strong><\/td>\n<\/tr>\n<tr>\n<td width=\"236\"><a href=\"http:\/\/www.jahtas.lv\/\">http:\/\/www.jahtas.lv\/<\/a><\/td>\n<td width=\"220\"><\/td>\n<td width=\"242\"><\/td>\n<\/tr>\n<tr>\n<td width=\"236\"><a href=\"http:\/\/www.baltsails.com\/\">http:\/\/www.baltsails.com<\/a><\/td>\n<td width=\"220\"><\/td>\n<td width=\"242\"><\/td>\n<\/tr>\n<tr>\n<td width=\"236\"><a href=\"http:\/\/www.seaclub.lv\/\">http:\/\/www.seaclub.lv<\/a><\/td>\n<td width=\"220\"><\/td>\n<td width=\"242\"><\/td>\n<\/tr>\n<tr>\n<td width=\"236\"><a href=\"http:\/\/www.lbma.lv\">http:\/\/www.lbma.lv<\/a><\/td>\n<td width=\"220\"><\/td>\n<td><\/td>\n<\/tr>\n<\/tbody>\n<\/table>\n","protected":false},"excerpt":{"rendered":"<p>Hipersaite Nosaukums Latvijas Bur\u0101\u0161anas savien\u012bbas sadarb\u012bbas instit\u016bcijas http:\/\/www.jurasadministracija.lv Latvijas J\u016bras administr\u0101cija http:\/\/www.mrcc.lv\/ Latvijas Krasta apsardzes dienests http:\/\/www.lov.lv Latvijas Olimpisk\u0101 komiteja http:\/\/www.lsfp.lv Latvijas Sporta feder\u0101ciju padome Nacion\u0101l\u0101s bur\u0101\u0161anas feder\u0101cijas http:\/\/www.rya.org.uk\/ Apvienot\u0101s Karalistes Bur\u0101\u0161anas sporta asoci\u0101cija http:\/\/www.sejlsport.dk D\u0101nijas Bur\u0101\u0161anas sporta feder\u0101cija http:\/\/www.eurosaf.org &hellip; <a href=\"https:\/\/www.sailinglatvia.lv\/index.php\/saites\/\">Continued<\/a><\/p>\n","protected":false},"author":2,"featured_media":0,"parent":0,"menu_order":0,"comment_status":"closed","ping_status":"closed","template":"","meta":{"kt_blocks_editor_width":"","footnotes":""},"class_list":["post-1664","page","type-page","status-publish","hentry"],"_links":{"self":[{"href":"https:\/\/www.sailinglatvia.lv\/index.php\/wp-json\/wp\/v2\/pages\/1664","targetHints":{"allow":["GET"]}}],"collection":[{"href":"https:\/\/www.sailinglatvia.lv\/index.php\/wp-json\/wp\/v2\/pages"}],"about":[{"href":"https:\/\/www.sailinglatvia.lv\/index.php\/wp-json\/wp\/v2\/types\/page"}],"author":[{"embeddable":true,"href":"https:\/\/www.sailinglatvia.lv\/index.php\/wp-json\/wp\/v2\/users\/2"}],"replies":[{"embeddable":true,"href":"https:\/\/www.sailinglatvia.lv\/index.php\/wp-json\/wp\/v2\/comments?post=1664"}],"version-history":[{"count":18,"href":"https:\/\/www.sailinglatvia.lv\/index.php\/wp-json\/wp\/v2\/pages\/1664\/revisions"}],"predecessor-version":[{"id":16157,"href":"https:\/\/www.sailinglatvia.lv\/index.php\/wp-json\/wp\/v2\/pages\/1664\/revisions\/16157"}],"wp:attachment":[{"href":"https:\/\/www.sailinglatvia.lv\/index.php\/wp-json\/wp\/v2\/media?parent=1664"}],"curies":[{"name":"wp","href":"https:\/\/api.w.org\/{rel}","templated":true}]}}