{"id":16294,"date":"2024-12-19T12:49:30","date_gmt":"2024-12-19T10:49:30","guid":{"rendered":"https:\/\/www.sailinglatvia.lv\/?page_id=16294"},"modified":"2026-04-07T11:50:19","modified_gmt":"2026-04-07T09:50:19","slug":"licences","status":"publish","type":"page","link":"https:\/\/www.sailinglatvia.lv\/index.php\/licences\/","title":{"rendered":"Licences"},"content":{"rendered":"\n<p><strong>Latvijas bur\u0101\u0161anas savien\u012bbas (LBS) sacens\u012bbu licence<\/strong><\/p>\n\n\n\n<p><\/p>\n\n\n<style>.wp-block-kadence-advancedbtn.kb-btns16294_2048f4-29{gap:var(--global-kb-gap-xs, 0.5rem );justify-content:center;align-items:center;}.kt-btns16294_2048f4-29 .kt-button{font-weight:normal;font-style:normal;}.kt-btns16294_2048f4-29 .kt-btn-wrap-0{margin-right:5px;}.wp-block-kadence-advancedbtn.kt-btns16294_2048f4-29 .kt-btn-wrap-0 .kt-button{color:#555555;border-color:#555555;}.wp-block-kadence-advancedbtn.kt-btns16294_2048f4-29 .kt-btn-wrap-0 .kt-button:hover, .wp-block-kadence-advancedbtn.kt-btns16294_2048f4-29 .kt-btn-wrap-0 .kt-button:focus{color:#ffffff;border-color:#444444;}.wp-block-kadence-advancedbtn.kt-btns16294_2048f4-29 .kt-btn-wrap-0 .kt-button::before{display:none;}.wp-block-kadence-advancedbtn.kt-btns16294_2048f4-29 .kt-btn-wrap-0 .kt-button:hover, .wp-block-kadence-advancedbtn.kt-btns16294_2048f4-29 .kt-btn-wrap-0 .kt-button:focus{background:#444444;}<\/style>\n<div class=\"wp-block-kadence-advancedbtn kb-buttons-wrap kb-btns16294_2048f4-29\"><style>ul.menu .wp-block-kadence-advancedbtn .kb-btn16294_ea3b94-6a.kb-button{width:initial;}@media all and (max-width: 1024px){.kb-btn16294_ea3b94-6a.kb-button .kb-svg-icon-wrap{display:block;}}<\/style><a class=\"kb-button kt-button button kb-btn16294_ea3b94-6a kt-btn-size-standard kt-btn-width-type-auto kb-btn-global-fill kt-btn-has-text-true kt-btn-has-svg-false wp-block-kadence-singlebtn\" href=\"https:\/\/licences.sailinglatvia.lv\/\"><span class=\"kt-btn-inner-text\">IEG\u0100D\u0100TIES LICENCI<\/span><\/a><\/div>\n\n\n\n<p><\/p>\n\n\n\n<p><\/p>\n\n\n\n<p>No 2025. gada Latvijas bur\u0101\u0161anas savien\u012bba (LBS) pl\u0101no ieviest licenc\u0113\u0161anas sist\u0113mu bur\u0101\u0161anas sportistiem. Licences maksa k\u013c\u016bs par b\u016btisku elementu sportistu uzskait\u0113 un nodro\u0161in\u0101s papildus finans\u0113juma avotu Latvijas bur\u0101\u0161anas vides att\u012bst\u012bbai.<\/p>\n\n\n\n<p>Gada maksa par viena LBS sacens\u012bbu licenci ir EUR 10.00, kas piem\u0113rojama visiem Latvijas Republikas valstspieder\u012bgajiem, kuri sasniegu\u0161i 23 gadu vecumu uz attiec\u012bg\u0101 gada 1.janv\u0101ri. B\u0113rniem un jaunie\u0161iem, kuri nav sasniegu\u0161i 23 gadu vecumu licences re\u0123istr\u0101cijas maksa netiek piem\u0113rota.<\/p>\n\n\n\n<p>P\u0113c pieteikuma aizpild\u012b\u0161anas un apmaksas veik\u0161anas uz nor\u0101d\u012bto e-pasta adresi tiks nos\u016bt\u012bts unik\u0101ls licences re\u0123istr\u0101cijas numurs (licence).<\/p>\n\n\n\n<p>LBS izsniegt\u0101 licence ir pamats LBS sportistu uzskaitei un ir apliecin\u0101jums sportistu ties\u012bb\u0101m piedal\u012bties LBS kalend\u0101r\u0101 public\u0113taj\u0101s sacens\u012bb\u0101s, tostarp Latvijas \u010dempion\u0101tos bur\u0101\u0161an\u0101 (vis\u0101s klas\u0113s, visiem sportistiem), tikt iek\u013cautiem Latvijas Nacion\u0101l\u0101s izlases sast\u0101v\u0101 startiem Eiropas un Pasaules l\u012bme\u0146a sacens\u012bb\u0101s, k\u0101 ar\u012b sa\u0146emt LBS finansi\u0101lu atbalstu.<\/p>\n\n\n\n<p>Lai ieg\u016btu pla\u0161\u0101ku inform\u0101ciju aicin\u0101m iepaz\u012bties ar LBS izsniegto sacens\u012bbu licen\u010du nolikumu.<\/p>\n\n\n\n<div class=\"wp-block-file\"><a id=\"wp-block-file--media-c127fe79-6067-43e8-b4c5-9c5f2abae2e2\" href=\"https:\/\/www.sailinglatvia.lv\/wp-content\/uploads\/2025\/02\/Licencesanas_nolikums_04022025_FINAL-1.pdf\">Sacens\u012bbu licen\u010du nolikums<\/a><a href=\"https:\/\/www.sailinglatvia.lv\/wp-content\/uploads\/2025\/02\/Licencesanas_nolikums_04022025_FINAL-1.pdf\" class=\"wp-block-file__button wp-element-button\" download aria-describedby=\"wp-block-file--media-c127fe79-6067-43e8-b4c5-9c5f2abae2e2\">Lejupiel\u0101d\u0113t<\/a><\/div>\n\n\n\n<p>Papildus dokumenti:<\/p>\n\n\n\n<div class=\"wp-block-file\"><a id=\"wp-block-file--media-a8549de0-cfd0-40a9-a6a6-f2126042b205\" href=\"https:\/\/www.sailinglatvia.lv\/wp-content\/uploads\/2025\/02\/PAMACIBA-LBS-LICENCES-IEGADEI-1.pdf\">PAM\u0100C\u012aBA LBS LICENCES IEG\u0100DEI<\/a><a href=\"https:\/\/www.sailinglatvia.lv\/wp-content\/uploads\/2025\/02\/PAMACIBA-LBS-LICENCES-IEGADEI-1.pdf\" class=\"wp-block-file__button wp-element-button\" download aria-describedby=\"wp-block-file--media-a8549de0-cfd0-40a9-a6a6-f2126042b205\">Lejupiel\u0101d\u0113t<\/a><\/div>\n\n\n\n<div class=\"wp-block-file\"><a id=\"wp-block-file--media-ecb8a963-3e2a-4211-92ce-a35afc6fdb9c\" href=\"https:\/\/www.sailinglatvia.lv\/wp-content\/uploads\/2025\/02\/Sacensibu_licences-iegades-noteikumi_FINAL.pdf\">Sacens\u012bbu licences ieg\u0101des noteikumi<\/a><a href=\"https:\/\/www.sailinglatvia.lv\/wp-content\/uploads\/2025\/02\/Sacensibu_licences-iegades-noteikumi_FINAL.pdf\" class=\"wp-block-file__button wp-element-button\" download aria-describedby=\"wp-block-file--media-ecb8a963-3e2a-4211-92ce-a35afc6fdb9c\">Lejupiel\u0101d\u0113t<\/a><\/div>\n\n\n\n<div class=\"wp-block-file\"><a id=\"wp-block-file--media-b888f99c-312c-44e8-bbb1-e8613030a9ae\" href=\"https:\/\/www.sailinglatvia.lv\/wp-content\/uploads\/2024\/12\/Privatuma-politika.pdf\">Priv\u0101tuma politika<\/a><a href=\"https:\/\/www.sailinglatvia.lv\/wp-content\/uploads\/2024\/12\/Privatuma-politika.pdf\" class=\"wp-block-file__button wp-element-button\" download aria-describedby=\"wp-block-file--media-b888f99c-312c-44e8-bbb1-e8613030a9ae\">Download<\/a><\/div>\n\n\n\n<p><\/p>\n\n\n\n<p><strong>Sadarb\u012bba ar bur\u0101\u0161anas pre\u010du veikaliem \u2013 \u012bpa\u0161as atlaides LBS licences \u012bpa\u0161niekiem<\/strong><\/p>\n\n\n\n<p>Latvijas Bur\u0101\u0161anas savien\u012bba (LBS) ar prieku pazi\u0146o par jaunu sadarb\u012bbu ar bur\u0101\u0161anas pre\u010du veikaliem <a href=\"https:\/\/laivulietas.lv\/\">&#8220;Laivu lietas&#8221;<\/a>,  <a href=\"https:\/\/regate.lv\/\">&#8220;Regate&#8221;<\/a>, <a href=\"https:\/\/boards.lv\/\">&#8220;boards.lv&#8221;<\/a>, <a href=\"https:\/\/burusports.lv\/?lang=lv\">&#8220;Burusports&#8221;<\/a>, &#8220;<a href=\"https:\/\/www.marine.ee\/lv\">Alter Marine<\/a>&#8221; un &#8220;<a href=\"https:\/\/surfpro.lv\/\">Surf Pro<\/a>&#8221; nodro\u0161inot \u012bpa\u0161as atlaides visiem LBS licences \u012bpa\u0161niekiem.<\/p>\n\n\n\n<p>Veikals &#8220;<a href=\"https:\/\/laivulietas.lv\/\">Laivu lietas<\/a>&#8221; \u2013 10% atlaide z\u012bmoliem: Baltic, Garmin, Selden, International Yacht Paint, Robline<\/p>\n\n\n\n<p>Veikals &#8220;<a href=\"https:\/\/regate.lv\/\">Regate<\/a>&#8221; \u2013 10% atlaide z\u012bmoliem: Harken, North Sails, Nautix, Spinlock<\/p>\n\n\n\n<p>Veikals \u201c<a href=\"https:\/\/boards.lv\/\">boards.lv<\/a>\u201d &#8211; 10% atlaide vis\u0101m prec\u0113m<\/p>\n\n\n\n<p>Veikals &#8220;<a href=\"https:\/\/burusports.lv\/?lang=lv\">Burusports<\/a>&#8221; &#8211; 10% atlaide vis\u0101m prec\u0113m<\/p>\n\n\n\n<p>Veikals &#8220;<a href=\"https:\/\/www.marine.ee\/lv\">Alter Marine<\/a>&#8221; &#8211; 10% atlaidi z\u012bmoliem &#8211; NAVICO GROUP (Lowrance, Simrad, B&amp;G, CMAP, Mastervolt, BlueSea, Marinco, BEP, Anchor, Attwood, Lenco, CZone, Relion, Whale), FAREAST (Optimist), GILL, LALIZAS<\/p>\n\n\n\n<p>Veikals &#8220;<a href=\"https:\/\/surfpro.lv\/\">Surf Pro<\/a>&#8221; &#8211; 15% atlaide vis\u0101m prec\u0113m<\/p>\n\n\n\n<p>Lai izmantotu \u0161o pied\u0101v\u0101jumu, apmekl\u0113jot veikalu, uzr\u0101diet <strong>personu apliecino\u0161u dokumentu<\/strong> (pasi vai ID karti), k\u0101 ar\u012b<strong> savu LBS licences numuru<\/strong><\/p>\n\n\n<style>.wp-block-kadence-advancedgallery .kb-gallery-type-masonry.kb-gallery-id-16294_03d069-d9{margin:-5px;}.kb-gallery-type-masonry.kb-gallery-id-16294_03d069-d9 .kadence-blocks-gallery-item{padding:5px;}.kb-gallery-id-16294_03d069-d9 .kadence-blocks-gallery-item .kb-gal-image-radius, .kb-gallery-id-16294_03d069-d9 .kb-slide-item .kb-gal-image-radius img{border-radius:0px 0px 0px 0px;;}<\/style><div class=\"kb-gallery-wrap-id-16294_03d069-d9 alignnone wp-block-kadence-advancedgallery\"><ul class=\"kb-gallery-ul kb-gallery-non-static kb-gallery-type-masonry kb-masonry-init kb-gallery-id-16294_03d069-d9 kb-gallery-caption-style-bottom-hover kb-gallery-filter-none\" data-image-filter=\"none\" data-item-selector=\".kadence-blocks-gallery-item\" data-lightbox-caption=\"true\" data-columns-xxl=\"4\" data-columns-xl=\"4\" data-columns-md=\"4\" data-columns-sm=\"3\" data-columns-xs=\"2\" data-columns-ss=\"2\"><li class=\"kadence-blocks-gallery-item\"><div class=\"kadence-blocks-gallery-item-inner\"><figure class=\"kb-gallery-figure kadence-blocks-gallery-item-hide-caption\" \"><div class=\"kb-gal-image-radius\" style=\"max-width:1024px;\"><div class=\"kb-gallery-image-contain kadence-blocks-gallery-intrinsic\" style=\"padding-bottom:100%;\"><img loading=\"lazy\" decoding=\"async\" src=\"https:\/\/www.sailinglatvia.lv\/wp-content\/uploads\/2025\/04\/4-1024x1024.jpg\" width=\"1024\" height=\"1024\" alt=\"\" data-full-image=\"https:\/\/www.sailinglatvia.lv\/wp-content\/uploads\/2025\/04\/4.jpg\" data-light-image=\"https:\/\/www.sailinglatvia.lv\/wp-content\/uploads\/2025\/04\/4.jpg\" data-id=\"16927\" class=\"wp-image-16927\" srcset=\"https:\/\/www.sailinglatvia.lv\/wp-content\/uploads\/2025\/04\/4-1024x1024.jpg 1024w, https:\/\/www.sailinglatvia.lv\/wp-content\/uploads\/2025\/04\/4-300x300.jpg 300w, https:\/\/www.sailinglatvia.lv\/wp-content\/uploads\/2025\/04\/4-150x150.jpg 150w, https:\/\/www.sailinglatvia.lv\/wp-content\/uploads\/2025\/04\/4-768x768.jpg 768w, https:\/\/www.sailinglatvia.lv\/wp-content\/uploads\/2025\/04\/4.jpg 1080w\" sizes=\"auto, (max-width: 1024px) 100vw, 1024px\" \/><\/div><\/div><\/figure><\/div><\/li><li class=\"kadence-blocks-gallery-item\"><div class=\"kadence-blocks-gallery-item-inner\"><figure class=\"kb-gallery-figure kadence-blocks-gallery-item-hide-caption\" \"><div class=\"kb-gal-image-radius\" style=\"max-width:1024px;\"><div class=\"kb-gallery-image-contain kadence-blocks-gallery-intrinsic\" style=\"padding-bottom:100%;\"><img loading=\"lazy\" decoding=\"async\" src=\"https:\/\/www.sailinglatvia.lv\/wp-content\/uploads\/2025\/04\/6-1024x1024.jpg\" width=\"1024\" height=\"1024\" alt=\"\" data-full-image=\"https:\/\/www.sailinglatvia.lv\/wp-content\/uploads\/2025\/04\/6.jpg\" data-light-image=\"https:\/\/www.sailinglatvia.lv\/wp-content\/uploads\/2025\/04\/6.jpg\" data-id=\"16929\" class=\"wp-image-16929\" srcset=\"https:\/\/www.sailinglatvia.lv\/wp-content\/uploads\/2025\/04\/6-1024x1024.jpg 1024w, https:\/\/www.sailinglatvia.lv\/wp-content\/uploads\/2025\/04\/6-300x300.jpg 300w, https:\/\/www.sailinglatvia.lv\/wp-content\/uploads\/2025\/04\/6-150x150.jpg 150w, https:\/\/www.sailinglatvia.lv\/wp-content\/uploads\/2025\/04\/6-768x768.jpg 768w, https:\/\/www.sailinglatvia.lv\/wp-content\/uploads\/2025\/04\/6.jpg 1080w\" sizes=\"auto, (max-width: 1024px) 100vw, 1024px\" \/><\/div><\/div><\/figure><\/div><\/li><li class=\"kadence-blocks-gallery-item\"><div class=\"kadence-blocks-gallery-item-inner\"><figure class=\"kb-gallery-figure kadence-blocks-gallery-item-hide-caption\" \"><div class=\"kb-gal-image-radius\" style=\"max-width:591px;\"><div class=\"kb-gallery-image-contain kadence-blocks-gallery-intrinsic\" style=\"padding-bottom:100%;\"><img loading=\"lazy\" decoding=\"async\" src=\"https:\/\/www.sailinglatvia.lv\/wp-content\/uploads\/2026\/04\/Yellow-Modern-We-Are-Hiring-LinkedIn-Post-50-x-50-mm.png\" width=\"591\" height=\"591\" alt=\"\" data-full-image=\"https:\/\/www.sailinglatvia.lv\/wp-content\/uploads\/2026\/04\/Yellow-Modern-We-Are-Hiring-LinkedIn-Post-50-x-50-mm.png\" data-light-image=\"https:\/\/www.sailinglatvia.lv\/wp-content\/uploads\/2026\/04\/Yellow-Modern-We-Are-Hiring-LinkedIn-Post-50-x-50-mm.png\" data-id=\"19557\" class=\"wp-image-19557\" srcset=\"https:\/\/www.sailinglatvia.lv\/wp-content\/uploads\/2026\/04\/Yellow-Modern-We-Are-Hiring-LinkedIn-Post-50-x-50-mm.png 591w, https:\/\/www.sailinglatvia.lv\/wp-content\/uploads\/2026\/04\/Yellow-Modern-We-Are-Hiring-LinkedIn-Post-50-x-50-mm-300x300.png 300w, https:\/\/www.sailinglatvia.lv\/wp-content\/uploads\/2026\/04\/Yellow-Modern-We-Are-Hiring-LinkedIn-Post-50-x-50-mm-150x150.png 150w\" sizes=\"auto, (max-width: 591px) 100vw, 591px\" \/><\/div><\/div><\/figure><\/div><\/li><li class=\"kadence-blocks-gallery-item\"><div class=\"kadence-blocks-gallery-item-inner\"><figure class=\"kb-gallery-figure kadence-blocks-gallery-item-hide-caption\" \"><div class=\"kb-gal-image-radius\" style=\"max-width:1024px;\"><div class=\"kb-gallery-image-contain kadence-blocks-gallery-intrinsic\" style=\"padding-bottom:100%;\"><img loading=\"lazy\" decoding=\"async\" src=\"https:\/\/www.sailinglatvia.lv\/wp-content\/uploads\/2025\/04\/2-1024x1024.jpg\" width=\"1024\" height=\"1024\" alt=\"\" data-full-image=\"https:\/\/www.sailinglatvia.lv\/wp-content\/uploads\/2025\/04\/2.jpg\" data-light-image=\"https:\/\/www.sailinglatvia.lv\/wp-content\/uploads\/2025\/04\/2.jpg\" data-id=\"16925\" class=\"wp-image-16925\" srcset=\"https:\/\/www.sailinglatvia.lv\/wp-content\/uploads\/2025\/04\/2-1024x1024.jpg 1024w, https:\/\/www.sailinglatvia.lv\/wp-content\/uploads\/2025\/04\/2-300x300.jpg 300w, https:\/\/www.sailinglatvia.lv\/wp-content\/uploads\/2025\/04\/2-150x150.jpg 150w, https:\/\/www.sailinglatvia.lv\/wp-content\/uploads\/2025\/04\/2-768x768.jpg 768w, https:\/\/www.sailinglatvia.lv\/wp-content\/uploads\/2025\/04\/2.jpg 1080w\" sizes=\"auto, (max-width: 1024px) 100vw, 1024px\" \/><\/div><\/div><\/figure><\/div><\/li><li class=\"kadence-blocks-gallery-item\"><div class=\"kadence-blocks-gallery-item-inner\"><figure class=\"kb-gallery-figure kadence-blocks-gallery-item-hide-caption\" \"><div class=\"kb-gal-image-radius\" style=\"max-width:1024px;\"><div class=\"kb-gallery-image-contain kadence-blocks-gallery-intrinsic\" style=\"padding-bottom:100%;\"><img loading=\"lazy\" decoding=\"async\" src=\"https:\/\/www.sailinglatvia.lv\/wp-content\/uploads\/2025\/04\/3-1024x1024.jpg\" width=\"1024\" height=\"1024\" alt=\"\" data-full-image=\"https:\/\/www.sailinglatvia.lv\/wp-content\/uploads\/2025\/04\/3.jpg\" data-light-image=\"https:\/\/www.sailinglatvia.lv\/wp-content\/uploads\/2025\/04\/3.jpg\" data-id=\"16926\" class=\"wp-image-16926\" srcset=\"https:\/\/www.sailinglatvia.lv\/wp-content\/uploads\/2025\/04\/3-1024x1024.jpg 1024w, https:\/\/www.sailinglatvia.lv\/wp-content\/uploads\/2025\/04\/3-300x300.jpg 300w, https:\/\/www.sailinglatvia.lv\/wp-content\/uploads\/2025\/04\/3-150x150.jpg 150w, https:\/\/www.sailinglatvia.lv\/wp-content\/uploads\/2025\/04\/3-768x768.jpg 768w, https:\/\/www.sailinglatvia.lv\/wp-content\/uploads\/2025\/04\/3.jpg 1080w\" sizes=\"auto, (max-width: 1024px) 100vw, 1024px\" \/><\/div><\/div><\/figure><\/div><\/li><li class=\"kadence-blocks-gallery-item\"><div class=\"kadence-blocks-gallery-item-inner\"><figure class=\"kb-gallery-figure kadence-blocks-gallery-item-hide-caption\" \"><div class=\"kb-gal-image-radius\" style=\"max-width:1024px;\"><div class=\"kb-gallery-image-contain kadence-blocks-gallery-intrinsic\" style=\"padding-bottom:100%;\"><img loading=\"lazy\" decoding=\"async\" src=\"https:\/\/www.sailinglatvia.lv\/wp-content\/uploads\/2025\/04\/1-1024x1024.jpg\" width=\"1024\" height=\"1024\" alt=\"\" data-full-image=\"https:\/\/www.sailinglatvia.lv\/wp-content\/uploads\/2025\/04\/1.jpg\" data-light-image=\"https:\/\/www.sailinglatvia.lv\/wp-content\/uploads\/2025\/04\/1.jpg\" data-id=\"16924\" class=\"wp-image-16924\" srcset=\"https:\/\/www.sailinglatvia.lv\/wp-content\/uploads\/2025\/04\/1-1024x1024.jpg 1024w, https:\/\/www.sailinglatvia.lv\/wp-content\/uploads\/2025\/04\/1-300x300.jpg 300w, https:\/\/www.sailinglatvia.lv\/wp-content\/uploads\/2025\/04\/1-150x150.jpg 150w, https:\/\/www.sailinglatvia.lv\/wp-content\/uploads\/2025\/04\/1-768x768.jpg 768w, https:\/\/www.sailinglatvia.lv\/wp-content\/uploads\/2025\/04\/1.jpg 1080w\" sizes=\"auto, (max-width: 1024px) 100vw, 1024px\" \/><\/div><\/div><\/figure><\/div><\/li><\/ul><\/div>\n\n\n<iframe loading=\"lazy\" src=\"https:\/\/licences.sailinglatvia.lv\/iframe\/licences\" width=\"100%\" height=\"1200\" frameborder=\"0\"><\/iframe>\n\n\n\n<p><\/p>\n","protected":false},"excerpt":{"rendered":"<p>Latvijas bur\u0101\u0161anas savien\u012bbas (LBS) sacens\u012bbu licence No 2025. gada Latvijas bur\u0101\u0161anas savien\u012bba (LBS) pl\u0101no ieviest licenc\u0113\u0161anas sist\u0113mu bur\u0101\u0161anas sportistiem. Licences maksa k\u013c\u016bs par b\u016btisku elementu sportistu uzskait\u0113 un nodro\u0161in\u0101s papildus finans\u0113juma avotu Latvijas bur\u0101\u0161anas vides att\u012bst\u012bbai. Gada maksa par viena &hellip; <a href=\"https:\/\/www.sailinglatvia.lv\/index.php\/licences\/\">Continued<\/a><\/p>\n","protected":false},"author":7,"featured_media":0,"parent":0,"menu_order":0,"comment_status":"closed","ping_status":"closed","template":"","meta":{"kt_blocks_editor_width":"","footnotes":""},"class_list":["post-16294","page","type-page","status-publish","hentry"],"_links":{"self":[{"href":"https:\/\/www.sailinglatvia.lv\/index.php\/wp-json\/wp\/v2\/pages\/16294","targetHints":{"allow":["GET"]}}],"collection":[{"href":"https:\/\/www.sailinglatvia.lv\/index.php\/wp-json\/wp\/v2\/pages"}],"about":[{"href":"https:\/\/www.sailinglatvia.lv\/index.php\/wp-json\/wp\/v2\/types\/page"}],"author":[{"embeddable":true,"href":"https:\/\/www.sailinglatvia.lv\/index.php\/wp-json\/wp\/v2\/users\/7"}],"replies":[{"embeddable":true,"href":"https:\/\/www.sailinglatvia.lv\/index.php\/wp-json\/wp\/v2\/comments?post=16294"}],"version-history":[{"count":29,"href":"https:\/\/www.sailinglatvia.lv\/index.php\/wp-json\/wp\/v2\/pages\/16294\/revisions"}],"predecessor-version":[{"id":19558,"href":"https:\/\/www.sailinglatvia.lv\/index.php\/wp-json\/wp\/v2\/pages\/16294\/revisions\/19558"}],"wp:attachment":[{"href":"https:\/\/www.sailinglatvia.lv\/index.php\/wp-json\/wp\/v2\/media?parent=16294"}],"curies":[{"name":"wp","href":"https:\/\/api.w.org\/{rel}","templated":true}]}}