{"id":1552,"date":"2019-01-22T21:54:26","date_gmt":"2019-01-22T19:54:26","guid":{"rendered":"http:\/\/temp.sailinglatvia.lv\/?page_id=1552"},"modified":"2022-02-01T22:19:01","modified_gmt":"2022-02-01T20:19:01","slug":"kreiserburasana","status":"publish","type":"page","link":"https:\/\/www.sailinglatvia.lv\/index.php\/kreiserburasana\/","title":{"rendered":"Baltijas j\u016bras ostas"},"content":{"rendered":"<p><em>Baltic Sea Cruising Network<\/em>\u00a0(Kreiserbur\u0101\u0161anas Asoci\u0101cijas &#8211; CA Baltijas sekcija) izstr\u0101d\u0101t\u0101 Der\u012bg\u0101 informacija par atsevi\u0161\u0137\u0101m Baltijas J\u016bras (+ Norv\u0113\u0123ija un UK) valst\u012bm (<em>Useful Information<\/em>).<\/p>\n<p>&nbsp;<\/p>\n<p><a href=\"http:\/\/sailinglatvia.lv\/wp-content\/uploads\/2018\/08\/Budzets2018.pdf\" download=\"\"><img decoding=\"async\" src=\"https:\/\/www.sailinglatvia.lv\/wp-content\/uploads\/2018\/09\/icon_pdf.jpg\" alt=\"\" \/><\/a><a href=\"https:\/\/www.sailinglatvia.lv\/wp-content\/uploads\/2019\/01\/Useful-Information-UK-2019.pdf\" target=\"_blank\" rel=\"noopener\">Lielbrit\u0101nija 2019<\/a><\/p>\n<p><a href=\"http:\/\/sailinglatvia.lv\/wp-content\/uploads\/2018\/08\/Budzets2018.pdf\" download=\"\"><img decoding=\"async\" src=\"https:\/\/www.sailinglatvia.lv\/wp-content\/uploads\/2018\/09\/icon_pdf.jpg\" alt=\"\" \/><\/a><a href=\"https:\/\/www.sailinglatvia.lv\/wp-content\/uploads\/2019\/01\/Useful-Information-Sweden-2019.pdf\" target=\"_blank\" rel=\"noopener\">Zviedrija 2019<\/a><\/p>\n<p><a href=\"http:\/\/sailinglatvia.lv\/wp-content\/uploads\/2018\/08\/Budzets2018.pdf\" download=\"\"><img decoding=\"async\" src=\"https:\/\/www.sailinglatvia.lv\/wp-content\/uploads\/2018\/09\/icon_pdf.jpg\" alt=\"\" \/><\/a><a href=\"https:\/\/www.sailinglatvia.lv\/wp-content\/uploads\/2019\/01\/Useful-Information-Poland-2019.pdf\" target=\"_blank\" rel=\"noopener\">Polija 2019<\/a><\/p>\n<p><a href=\"http:\/\/sailinglatvia.lv\/wp-content\/uploads\/2018\/08\/Budzets2018.pdf\" download=\"\"><img decoding=\"async\" src=\"https:\/\/www.sailinglatvia.lv\/wp-content\/uploads\/2018\/09\/icon_pdf.jpg\" alt=\"\" \/><\/a><a href=\"https:\/\/www.sailinglatvia.lv\/wp-content\/uploads\/2019\/01\/Useful-Information-Norway-2019.pdf\" target=\"_blank\" rel=\"noopener\">Norv\u0113\u0123ija 2019<\/a><\/p>\n<p><a href=\"http:\/\/sailinglatvia.lv\/wp-content\/uploads\/2018\/08\/Budzets2018.pdf\" download=\"\"><img decoding=\"async\" src=\"https:\/\/www.sailinglatvia.lv\/wp-content\/uploads\/2018\/09\/icon_pdf.jpg\" alt=\"\" \/><\/a><a href=\"https:\/\/www.sailinglatvia.lv\/wp-content\/uploads\/2019\/01\/Useful-Information-Latvia-2019.pdf\" target=\"_blank\" rel=\"noopener\">Latvija 2019<\/a><\/p>\n<p><a href=\"http:\/\/sailinglatvia.lv\/wp-content\/uploads\/2018\/08\/Budzets2018.pdf\" download=\"\"><img decoding=\"async\" src=\"https:\/\/www.sailinglatvia.lv\/wp-content\/uploads\/2018\/09\/icon_pdf.jpg\" alt=\"\" \/><\/a><a href=\"https:\/\/www.sailinglatvia.lv\/wp-content\/uploads\/2019\/01\/Useful-Information-Germany-2019.pdf\" target=\"_blank\" rel=\"noopener\">V\u0101cija 2019<\/a><\/p>\n<p><a href=\"http:\/\/sailinglatvia.lv\/wp-content\/uploads\/2018\/08\/Budzets2018.pdf\" download=\"\"><img decoding=\"async\" src=\"https:\/\/www.sailinglatvia.lv\/wp-content\/uploads\/2018\/09\/icon_pdf.jpg\" alt=\"\" \/><\/a><a href=\"https:\/\/www.sailinglatvia.lv\/wp-content\/uploads\/2019\/01\/Useful-Information-Finland-2019.pdf\" target=\"_blank\" rel=\"noopener\">Somija 2019<\/a><\/p>\n<p><a href=\"http:\/\/sailinglatvia.lv\/wp-content\/uploads\/2018\/08\/Budzets2018.pdf\" download=\"\"><img decoding=\"async\" src=\"https:\/\/www.sailinglatvia.lv\/wp-content\/uploads\/2018\/09\/icon_pdf.jpg\" alt=\"\" \/><\/a><a href=\"https:\/\/www.sailinglatvia.lv\/wp-content\/uploads\/2019\/01\/Useful-Information-Russia-2019.pdf\" target=\"_blank\" rel=\"noopener\">Krievija 2019<\/a><\/p>\n<p><a href=\"http:\/\/sailinglatvia.lv\/wp-content\/uploads\/2018\/08\/Budzets2018.pdf\" download=\"\"><img decoding=\"async\" src=\"https:\/\/www.sailinglatvia.lv\/wp-content\/uploads\/2018\/09\/icon_pdf.jpg\" alt=\"\" \/><\/a><a href=\"https:\/\/www.sailinglatvia.lv\/wp-content\/uploads\/2019\/01\/Useful-Information-Lithuania-2019.pdf\" target=\"_blank\" rel=\"noopener\">Lietuva 2019<\/a><\/p>\n<p><a href=\"http:\/\/sailinglatvia.lv\/wp-content\/uploads\/2018\/08\/Budzets2018.pdf\" download=\"\"><img decoding=\"async\" src=\"https:\/\/www.sailinglatvia.lv\/wp-content\/uploads\/2018\/09\/icon_pdf.jpg\" alt=\"\" \/><\/a><a href=\"https:\/\/www.sailinglatvia.lv\/wp-content\/uploads\/2019\/02\/Useful-Information-Denmark-2019.pdf\" target=\"_blank\" rel=\"noopener\">D\u0101nija 2019<\/a><\/p>\n<p>&nbsp;<\/p>\n<p><strong>T\u0101lj\u016bras bur\u0101\u0161anas kongresa (Offshore Racing Congress) handikapa sist\u0113ma ORC 2021 pieejama\u00a0<a href=\"https:\/\/www.sailinglatvia.lv\/wp-content\/uploads\/2021\/05\/ORC_LV_21-1.pdf\">ORC_LV_21<\/a><\/strong><\/p>\n<p>&nbsp;<\/p>\n<p>&nbsp;<\/p>\n","protected":false},"excerpt":{"rendered":"<p>Baltic Sea Cruising Network\u00a0(Kreiserbur\u0101\u0161anas Asoci\u0101cijas &#8211; CA Baltijas sekcija) izstr\u0101d\u0101t\u0101 Der\u012bg\u0101 informacija par atsevi\u0161\u0137\u0101m Baltijas J\u016bras (+ Norv\u0113\u0123ija un UK) valst\u012bm (Useful Information). &nbsp; Lielbrit\u0101nija 2019 Zviedrija 2019 Polija 2019 Norv\u0113\u0123ija 2019 Latvija 2019 V\u0101cija 2019 Somija 2019 Krievija 2019 &hellip; <a href=\"https:\/\/www.sailinglatvia.lv\/index.php\/kreiserburasana\/\">Continued<\/a><\/p>\n","protected":false},"author":2,"featured_media":0,"parent":0,"menu_order":0,"comment_status":"closed","ping_status":"closed","template":"","meta":{"kt_blocks_editor_width":"","footnotes":""},"class_list":["post-1552","page","type-page","status-publish","hentry"],"_links":{"self":[{"href":"https:\/\/www.sailinglatvia.lv\/index.php\/wp-json\/wp\/v2\/pages\/1552","targetHints":{"allow":["GET"]}}],"collection":[{"href":"https:\/\/www.sailinglatvia.lv\/index.php\/wp-json\/wp\/v2\/pages"}],"about":[{"href":"https:\/\/www.sailinglatvia.lv\/index.php\/wp-json\/wp\/v2\/types\/page"}],"author":[{"embeddable":true,"href":"https:\/\/www.sailinglatvia.lv\/index.php\/wp-json\/wp\/v2\/users\/2"}],"replies":[{"embeddable":true,"href":"https:\/\/www.sailinglatvia.lv\/index.php\/wp-json\/wp\/v2\/comments?post=1552"}],"version-history":[{"count":16,"href":"https:\/\/www.sailinglatvia.lv\/index.php\/wp-json\/wp\/v2\/pages\/1552\/revisions"}],"predecessor-version":[{"id":6287,"href":"https:\/\/www.sailinglatvia.lv\/index.php\/wp-json\/wp\/v2\/pages\/1552\/revisions\/6287"}],"wp:attachment":[{"href":"https:\/\/www.sailinglatvia.lv\/index.php\/wp-json\/wp\/v2\/media?parent=1552"}],"curies":[{"name":"wp","href":"https:\/\/api.w.org\/{rel}","templated":true}]}}