{"id":14461,"date":"2024-08-11T08:59:42","date_gmt":"2024-08-11T06:59:42","guid":{"rendered":"https:\/\/www.sailinglatvia.lv\/?page_id=14461"},"modified":"2024-11-13T09:25:12","modified_gmt":"2024-11-13T07:25:12","slug":"attistibas-komisija","status":"publish","type":"page","link":"https:\/\/www.sailinglatvia.lv\/index.php\/attistibas-komisija\/","title":{"rendered":"Att\u012bst\u012bbas komisija"},"content":{"rendered":"\n<p>Att\u012bst\u012bbas komisijas vad\u012bt\u0101js: K.Ro\u017ekalns<\/p>\n\n\n\n<p>Att\u012bst\u012bbas komisijas sast\u0101vs: <\/p>\n\n\n\n<figure class=\"wp-block-table\"><table><tbody><tr><td><\/td><\/tr><tr><td>Egita Lubi\u0146a<\/td><\/tr><tr><td>Valdis Cibuls<\/td><\/tr><tr><td>Raitis \u0160kut\u0101ns<\/td><\/tr><tr><td>Arnis Se\u0146k\u0101ns<\/td><\/tr><tr><td>Silards Kamergrauzis<\/td><\/tr><tr><td>Laura Gatavs<\/td><\/tr><tr><td>Edgars Kras\u0146ikovs<\/td><\/tr><tr><td>Aija Ambrasa<\/td><\/tr><tr><td>Alberts Rozins<\/td><\/tr><tr><td>Kristaps Mo\u010d\u0101ns<\/td><\/tr><\/tbody><\/table><\/figure>\n\n\n\n<p>Att\u012bst\u012bbas komisijas nolikums: <\/p>\n\n\n\n<div data-wp-interactive=\"core\/file\" class=\"wp-block-file\"><object data-wp-bind--hidden=\"!state.hasPdfPreview\" hidden class=\"wp-block-file__embed\" data=\"https:\/\/www.sailinglatvia.lv\/wp-content\/uploads\/2024\/06\/Attistibas_komisijas_nolikums-Google-Docs.pdf\" type=\"application\/pdf\" style=\"width:100%;height:600px\" aria-label=\"Iegult Embed of Attistibas_komisijas_nolikums-Google-Docs..\"><\/object><a id=\"wp-block-file--media-d170aa51-8f7a-4c36-a05e-d7344ec0c69a\" href=\"https:\/\/www.sailinglatvia.lv\/wp-content\/uploads\/2024\/06\/Attistibas_komisijas_nolikums-Google-Docs.pdf\">Attistibas_komisijas_nolikums-Google-Docs<\/a><a href=\"https:\/\/www.sailinglatvia.lv\/wp-content\/uploads\/2024\/06\/Attistibas_komisijas_nolikums-Google-Docs.pdf\" class=\"wp-block-file__button\" download aria-describedby=\"wp-block-file--media-d170aa51-8f7a-4c36-a05e-d7344ec0c69a\">Download<\/a><\/div>\n","protected":false},"excerpt":{"rendered":"<p>Att\u012bst\u012bbas komisijas vad\u012bt\u0101js: K.Ro\u017ekalns Att\u012bst\u012bbas komisijas sast\u0101vs: Egita Lubi\u0146a Valdis Cibuls Raitis \u0160kut\u0101ns Arnis Se\u0146k\u0101ns Silards Kamergrauzis Laura Gatavs Edgars Kras\u0146ikovs Aija Ambrasa Alberts Rozins Kristaps Mo\u010d\u0101ns Att\u012bst\u012bbas komisijas nolikums:<\/p>\n","protected":false},"author":5,"featured_media":0,"parent":0,"menu_order":0,"comment_status":"closed","ping_status":"closed","template":"","meta":{"kt_blocks_editor_width":"","footnotes":""},"class_list":["post-14461","page","type-page","status-publish","hentry"],"_links":{"self":[{"href":"https:\/\/www.sailinglatvia.lv\/index.php\/wp-json\/wp\/v2\/pages\/14461","targetHints":{"allow":["GET"]}}],"collection":[{"href":"https:\/\/www.sailinglatvia.lv\/index.php\/wp-json\/wp\/v2\/pages"}],"about":[{"href":"https:\/\/www.sailinglatvia.lv\/index.php\/wp-json\/wp\/v2\/types\/page"}],"author":[{"embeddable":true,"href":"https:\/\/www.sailinglatvia.lv\/index.php\/wp-json\/wp\/v2\/users\/5"}],"replies":[{"embeddable":true,"href":"https:\/\/www.sailinglatvia.lv\/index.php\/wp-json\/wp\/v2\/comments?post=14461"}],"version-history":[{"count":3,"href":"https:\/\/www.sailinglatvia.lv\/index.php\/wp-json\/wp\/v2\/pages\/14461\/revisions"}],"predecessor-version":[{"id":16170,"href":"https:\/\/www.sailinglatvia.lv\/index.php\/wp-json\/wp\/v2\/pages\/14461\/revisions\/16170"}],"wp:attachment":[{"href":"https:\/\/www.sailinglatvia.lv\/index.php\/wp-json\/wp\/v2\/media?parent=14461"}],"curies":[{"name":"wp","href":"https:\/\/api.w.org\/{rel}","templated":true}]}}